{"id":1610,"date":"2023-07-10T14:44:32","date_gmt":"2023-07-10T14:44:32","guid":{"rendered":"https:\/\/newbeginningsnwa.org\/voluntariado\/"},"modified":"2024-12-23T14:54:18","modified_gmt":"2024-12-23T14:54:18","slug":"voluntariado","status":"publish","type":"page","link":"https:\/\/newbeginningsnwa.org\/es\/voluntariado\/","title":{"rendered":"Voluntariado"},"content":{"rendered":"<p>[et_pb_section fb_built=\u00bb1&#8243; _builder_version=\u00bb4.14.2&#8243; _module_preset=\u00bbdefault\u00bb custom_margin=\u00bb||0px||false|false\u00bb custom_padding=\u00bb||0px||false|false\u00bb global_colors_info=\u00bb{}\u00bb][et_pb_row column_structure=\u00bb1_2,1_2&#8243; _builder_version=\u00bb4.14.2&#8243; _module_preset=\u00bbdefault\u00bb module_alignment=\u00bbcenter\u00bb global_colors_info=\u00bb{}\u00bb][et_pb_column type=\u00bb1_2&#8243; _builder_version=\u00bb4.14.2&#8243; _module_preset=\u00bbdefault\u00bb z_index=\u00bb10&#8243; global_colors_info=\u00bb{}\u00bb][et_pb_text admin_label=\u00bbVolunteer\u00bb _builder_version=\u00bb4.14.2&#8243; _module_preset=\u00bbdefault\u00bb text_text_color=\u00bb#1e2635&#8243; text_line_height=\u00bb27px\u00bb header_font=\u00bbAlegreya||||||||\u00bb header_text_color=\u00bb#FFFFFF\u00bb header_font_size=\u00bb68px\u00bb background_color=\u00bb#40bb95&#8243; positioning=\u00bbrelative\u00bb z_index=\u00bb99999&#8243; width_tablet=\u00bb504px\u00bb width_phone=\u00bb100%\u00bb width_last_edited=\u00bbon|phone\u00bb max_width_tablet=\u00bb\u00bb max_width_phone=\u00bb100%\u00bb max_width_last_edited=\u00bbon|phone\u00bb custom_margin=\u00bb21px|||72px|false|false\u00bb custom_margin_tablet=\u00bb|||83px|false|false\u00bb custom_margin_phone=\u00bb|||0px|false|false\u00bb custom_margin_last_edited=\u00bbon|phone\u00bb custom_padding=\u00bb55px|35px|200px|35px|false|true\u00bb custom_padding_tablet=\u00bb39px|46px||55px|false|false\u00bb custom_padding_phone=\u00bb20px|46px|20px|55px|false|false\u00bb custom_padding_last_edited=\u00bbon|phone\u00bb hover_enabled=\u00bb0&#8243; header_font_size_tablet=\u00bb90px\u00bb header_font_size_phone=\u00bb52px\u00bb header_font_size_last_edited=\u00bbon|phone\u00bb global_colors_info=\u00bb{}\u00bb sticky_enabled=\u00bb0&#8243;]<\/p>\n<h1><img loading=\"lazy\" decoding=\"async\" class=\"wp-image-278 alignnone \" src=\"https:\/\/newbeginningsnwa.org\/wp-content\/uploads\/2023\/07\/Serve-Icon-2.png\" alt=\"\" width=\"50\" height=\"50\"><\/h1>\n<h1>Voluntariado<\/h1>\n<p>[\/et_pb_text][\/et_pb_column][et_pb_column type=\u00bb1_2&#8243; _builder_version=\u00bb4.14.2&#8243; _module_preset=\u00bbdefault\u00bb z_index=\u00bb1&#8243; global_colors_info=\u00bb{}\u00bb][et_pb_image src=\u00bbhttps:\/\/newbeginningsnwa.org\/wp-content\/uploads\/2023\/07\/volunteer_image.png\u00bb title_text=\u00bbvolunteer_image\u00bb align_tablet=\u00bb\u00bb align_phone=\u00bbcenter\u00bb align_last_edited=\u00bbon|phone\u00bb _builder_version=\u00bb4.14.2&#8243; _module_preset=\u00bbdefault\u00bb positioning=\u00bbrelative\u00bb z_index=\u00bb1&#8243; width_tablet=\u00bb573px\u00bb width_phone=\u00bb100%\u00bb width_last_edited=\u00bbon|phone\u00bb max_width_tablet=\u00bb\u00bb max_width_phone=\u00bb100%\u00bb max_width_last_edited=\u00bbon|phone\u00bb min_height_tablet=\u00bb521px\u00bb min_height_phone=\u00bb\u00bb min_height_last_edited=\u00bbon|phone\u00bb custom_margin=\u00bb|85px||-85px|false|false\u00bb custom_margin_tablet=\u00bb-28px|||-30px|false|false\u00bb custom_margin_phone=\u00bb0px|||0px|false|false\u00bb custom_margin_last_edited=\u00bbon|phone\u00bb module_alignment_tablet=\u00bb\u00bb module_alignment_phone=\u00bbcenter\u00bb module_alignment_last_edited=\u00bbon|phone\u00bb global_colors_info=\u00bb{}\u00bb][\/et_pb_image][\/et_pb_column][\/et_pb_row][et_pb_row _builder_version=\u00bb4.14.2&#8243; _module_preset=\u00bbdefault\u00bb global_colors_info=\u00bb{}\u00bb][et_pb_column type=\u00bb4_4&#8243; _builder_version=\u00bb4.14.2&#8243; _module_preset=\u00bbdefault\u00bb global_colors_info=\u00bb{}\u00bb][et_pb_text admin_label=\u00bbWe are so thankful for our volunteers!\u00bb _builder_version=\u00bb4.14.2&#8243; _module_preset=\u00bbdefault\u00bb text_font=\u00bbRaleway||||||||\u00bb text_line_height=\u00bb27px\u00bb width=\u00bb78%\u00bb module_alignment=\u00bbcenter\u00bb custom_margin=\u00bb30px||||false|false\u00bb global_colors_info=\u00bb{}\u00bb]<\/p>\n<p><strong>Agradecemos profundamente el trabajo de nuestros voluntarios.<\/strong><\/p>\n<p>\u00danase a uno de nuestros programas locales de voluntariado para demostrar compasi\u00f3n y amor a los vecinos del noroeste de Arkansas. Las oportunidades para sumarse al voluntariado que ofrecemos a trav\u00e9s de nuestras iniciativas comunitarias regionales incluyen los programas Laundry Love Fayetteville y Art in the Park. <\/p>\n<p>\u00bfLe interesa ser voluntario en el campus de New Beginnings? Comun\u00edquese con nuestro equipo para obtener m\u00e1s informaci\u00f3n. <\/p>\n<p>[\/et_pb_text][et_pb_button button_url=\u00bb\/es\/volunteer-form\u00bb button_text=\u00bbSolicitud de voluntariado\u00bb button_alignment=\u00bbleft\u00bb button_alignment_tablet=\u00bbleft\u00bb button_alignment_phone=\u00bbcenter\u00bb button_alignment_last_edited=\u00bbon|phone\u00bb admin_label=\u00bbButton-Inquire to Volunteer\u00bb _builder_version=\u00bb4.14.2&#8243; _module_preset=\u00bbdefault\u00bb custom_button=\u00bbon\u00bb button_text_size=\u00bb15px\u00bb button_text_color=\u00bb#40bb95&#8243; button_border_width=\u00bb1px\u00bb button_border_color=\u00bb#40BB95&#8243; button_font=\u00bb|700|||||||\u00bb button_use_icon=\u00bboff\u00bb custom_margin=\u00bb|||120px|false|false\u00bb custom_margin_tablet=\u00bb|||120px|false|false\u00bb custom_margin_phone=\u00bb|||0px|false|false\u00bb custom_margin_last_edited=\u00bbon|phone\u00bb custom_padding=\u00bb8px||8px||true|false\u00bb global_colors_info=\u00bb{}\u00bb button_bg_color__hover_enabled=\u00bbon|hover\u00bb button_bg_color__hover=\u00bbRGBA(255,255,255,0)\u00bb button_bg_enable_color__hover=\u00bbon\u00bb button_border_color__hover_enabled=\u00bbon|hover\u00bb button_border_color__hover=\u00bb#40BB95&#8243;][\/et_pb_button][et_pb_text _builder_version=\u00bb4.14.2&#8243; _module_preset=\u00bbdefault\u00bb text_font=\u00bbRaleway||||||||\u00bb text_line_height=\u00bb27px\u00bb header_3_font=\u00bbAlegreya|700|||||||\u00bb header_3_font_size=\u00bb28px\u00bb header_3_line_height=\u00bb33px\u00bb custom_margin=\u00bb60px|||120px|false|false\u00bb custom_margin_tablet=\u00bb60px|||120px|false|false\u00bb custom_margin_phone=\u00bb60px|||0px|false|false\u00bb custom_margin_last_edited=\u00bbon|phone\u00bb global_colors_info=\u00bb{}\u00bb]<\/p>\n<h3>Voluntarios en la cocina<\/h3>\n<p>Ac\u00e9rquese, ya sea con un grupo de estudiantes, de trabajo o de manera individual, y colabore en la preparaci\u00f3n de comidas para los 25 residentes de New Beginnings.<\/p>\n<p>Visite MealTrain.com\/gognne y reg\u00edstrese para elegir un d\u00eda en el que colaborar\u00e1 en la preparaci\u00f3n de comida. En el sitio de MealTrain encontrar\u00e1 las instrucciones.<\/p>\n<p>Si desea obtener m\u00e1s informaci\u00f3n, tambi\u00e9n puede completar el formulario para voluntarios o enviar un correo electr\u00f3nico a linda@newbeginningsnwa.org.<\/p>\n<p>[\/et_pb_text][et_pb_text _builder_version=\u00bb4.14.2&#8243; _module_preset=\u00bbdefault\u00bb text_font=\u00bbRaleway||||||||\u00bb text_line_height=\u00bb27px\u00bb header_3_font=\u00bbAlegreya|700|||||||\u00bb header_3_font_size=\u00bb28px\u00bb header_3_line_height=\u00bb33px\u00bb custom_margin=\u00bb50px|||120px|false|false\u00bb custom_margin_tablet=\u00bb50px|||120px|false|false\u00bb custom_margin_phone=\u00bb50px|||0px|false|false\u00bb custom_margin_last_edited=\u00bbon|phone\u00bb global_colors_info=\u00bb{}\u00bb]<\/p>\n<h3>Provisi\u00f3n de ropa limpia<\/h3>\n<p>La iniciativa Laundry Love consiste en ofrecer la posibilidad de acompa\u00f1ar con frecuencia a las personas con dificultades econ\u00f3micas en el lavado de sus prendas.<\/p>\n<p>Laundry Love se asoci\u00f3 con grupos y lavander\u00edas locales para ofrecer servicios de lavado de prendas y ropa blanca a familias y personas con bajos recursos o sin ingresos.<\/p>\n<p>[\/et_pb_text][\/et_pb_column][\/et_pb_row][et_pb_row column_structure=\u00bb1_3,1_3,1_3&#8243; _builder_version=\u00bb4.14.2&#8243; _module_preset=\u00bbdefault\u00bb global_colors_info=\u00bb{}\u00bb][et_pb_column type=\u00bb1_3&#8243; _builder_version=\u00bb4.14.2&#8243; _module_preset=\u00bbdefault\u00bb global_colors_info=\u00bb{}\u00bb][et_pb_image src=\u00bbhttps:\/\/newbeginningsnwa.org\/wp-content\/uploads\/2023\/07\/Mask-group.png\u00bb title_text=\u00bbMask group\u00bb align_tablet=\u00bb\u00bb align_phone=\u00bbcenter\u00bb align_last_edited=\u00bbon|phone\u00bb admin_label=\u00bbLaundry Love Logo\u00bb _builder_version=\u00bb4.14.2&#8243; _module_preset=\u00bbdefault\u00bb width=\u00bb45%\u00bb width_tablet=\u00bb45%\u00bb width_phone=\u00bbauto\u00bb width_last_edited=\u00bbon|phone\u00bb custom_margin=\u00bb|||120px|false|false\u00bb custom_margin_tablet=\u00bb|||120px|false|false\u00bb custom_margin_phone=\u00bb|||0px|false|false\u00bb custom_margin_last_edited=\u00bbon|phone\u00bb module_alignment_tablet=\u00bb\u00bb module_alignment_phone=\u00bbcenter\u00bb module_alignment_last_edited=\u00bbon|phone\u00bb global_colors_info=\u00bb{}\u00bb][\/et_pb_image][\/et_pb_column][et_pb_column type=\u00bb1_3&#8243; _builder_version=\u00bb4.14.2&#8243; _module_preset=\u00bbdefault\u00bb global_colors_info=\u00bb{}\u00bb][et_pb_text admin_label=\u00bbLaundry Love Rogers\u00bb _builder_version=\u00bb4.14.2&#8243; _module_preset=\u00bbdefault\u00bb text_font=\u00bbRaleway|700|||||||\u00bb text_line_height=\u00bb27px\u00bb text_orientation_tablet=\u00bb\u00bb text_orientation_phone=\u00bbcenter\u00bb text_orientation_last_edited=\u00bbon|phone\u00bb global_colors_info=\u00bb{}\u00bb]<\/p>\n<p>Laundry Love<br \/>Rogers<\/p>\n<p>[\/et_pb_text][et_pb_button button_url=\u00bb\/es\/laundry-love-rogers\u00bb button_text=\u00bbM\u00e1s informaci\u00f3n\u00bb button_alignment_tablet=\u00bb\u00bb button_alignment_phone=\u00bbcenter\u00bb button_alignment_last_edited=\u00bbon|phone\u00bb admin_label=\u00bbButton-Learn More (LL Rogers_\u00bb _builder_version=\u00bb4.14.2&#8243; _module_preset=\u00bbdefault\u00bb custom_button=\u00bbon\u00bb button_text_size=\u00bb15px\u00bb button_text_color=\u00bb#40bb95&#8243; button_border_width=\u00bb1px\u00bb button_border_color=\u00bb#40BB95&#8243; button_border_radius=\u00bb3px\u00bb button_font=\u00bb|700|||||||\u00bb button_use_icon=\u00bboff\u00bb custom_margin=\u00bb||||false|false\u00bb custom_padding=\u00bb8px||8px||true|false\u00bb global_colors_info=\u00bb{}\u00bb button_bg_color__hover_enabled=\u00bbon|hover\u00bb button_bg_color__hover=\u00bbRGBA(255,255,255,0)\u00bb button_bg_enable_color__hover=\u00bbon\u00bb button_border_color__hover_enabled=\u00bbon|hover\u00bb button_border_color__hover=\u00bb#40BB95&#8243;][\/et_pb_button][\/et_pb_column][et_pb_column type=\u00bb1_3&#8243; _builder_version=\u00bb4.14.2&#8243; _module_preset=\u00bbdefault\u00bb global_colors_info=\u00bb{}\u00bb][et_pb_text admin_label=\u00bbLaundry Love Fayetteville\u00bb _builder_version=\u00bb4.14.2&#8243; _module_preset=\u00bbdefault\u00bb text_font=\u00bbRaleway|700|||||||\u00bb text_line_height=\u00bb27px\u00bb custom_margin=\u00bb|||-140px|false|false\u00bb custom_margin_tablet=\u00bb|||-140px|false|false\u00bb custom_margin_phone=\u00bb|||0px|false|false\u00bb custom_margin_last_edited=\u00bbon|phone\u00bb text_orientation_tablet=\u00bb\u00bb text_orientation_phone=\u00bbcenter\u00bb text_orientation_last_edited=\u00bbon|phone\u00bb locked=\u00bboff\u00bb global_colors_info=\u00bb{}\u00bb]<\/p>\n<p>Laundry Love<br \/>Fayetteville<\/p>\n<p>[\/et_pb_text][et_pb_button button_url=\u00bb\/es\/laundry-love-fayetteville\u00bb button_text=\u00bbM\u00e1s informaci\u00f3n\u00bb button_alignment_tablet=\u00bb\u00bb button_alignment_phone=\u00bbcenter\u00bb button_alignment_last_edited=\u00bbon|phone\u00bb admin_label=\u00bbButton-Learn More (LL Fayetteville)\u00bb _builder_version=\u00bb4.14.2&#8243; _module_preset=\u00bbdefault\u00bb custom_button=\u00bbon\u00bb button_text_size=\u00bb15px\u00bb button_text_color=\u00bb#40bb95&#8243; button_border_width=\u00bb1px\u00bb button_border_color=\u00bb#40BB95&#8243; button_border_radius=\u00bb3px\u00bb button_font=\u00bb|700|||||||\u00bb button_use_icon=\u00bboff\u00bb custom_margin=\u00bb|||-140px|false|false\u00bb custom_margin_tablet=\u00bb|||-140px|false|false\u00bb custom_margin_phone=\u00bb|||0px|false|false\u00bb custom_margin_last_edited=\u00bbon|phone\u00bb custom_padding=\u00bb8px||8px||true|false\u00bb locked=\u00bboff\u00bb global_colors_info=\u00bb{}\u00bb button_bg_color__hover_enabled=\u00bbon|hover\u00bb button_bg_color__hover=\u00bbRGBA(255,255,255,0)\u00bb button_bg_enable_color__hover=\u00bbon\u00bb button_border_color__hover_enabled=\u00bbon|hover\u00bb button_border_color__hover=\u00bb#40BB95&#8243;][\/et_pb_button][\/et_pb_column][\/et_pb_row][et_pb_row column_structure=\u00bb1_2,1_2&#8243; use_custom_gutter=\u00bbon\u00bb gutter_width=\u00bb1&#8243; _builder_version=\u00bb4.14.2&#8243; _module_preset=\u00bbdefault\u00bb width=\u00bb100%\u00bb max_width=\u00bb100%\u00bb custom_margin=\u00bb85px||0px||false|false\u00bb custom_padding=\u00bb0px||0px||false|false\u00bb global_colors_info=\u00bb{}\u00bb][et_pb_column type=\u00bb1_2&#8243; _builder_version=\u00bb4.14.2&#8243; _module_preset=\u00bbdefault\u00bb background_color=\u00bb#ebfaf5&#8243; custom_padding=\u00bb50px||50px||true|false\u00bb global_colors_info=\u00bb{}\u00bb][et_pb_blurb title=\u00bbPatrocinio de la comunidad\u00bb image=\u00bbhttps:\/\/newbeginningsnwa.org\/wp-content\/uploads\/2023\/07\/Group.png\u00bb image_icon_width=\u00bb50%\u00bb admin_label=\u00bbCommunity Sponsorship Blurb\u00bb _builder_version=\u00bb4.14.2&#8243; _module_preset=\u00bbdefault\u00bb header_font=\u00bb|700|||||||\u00bb header_text_align=\u00bbcenter\u00bb header_font_size=\u00bb44px\u00bb header_line_height=\u00bb53px\u00bb background_enable_color=\u00bboff\u00bb text_orientation=\u00bbcenter\u00bb custom_padding_tablet=\u00bb\u00bb custom_padding_phone=\u00bb|25px||25px|false|true\u00bb custom_padding_last_edited=\u00bbon|phone\u00bb global_colors_info=\u00bb{}\u00bb]<\/p>\n<p>No solo representa un nuevo comienzo para las personas,<br \/>sino tambi\u00e9n para la comunidad. Comun\u00edquese para<br \/>obtener m\u00e1s informaci\u00f3n sobre c\u00f3mo asociarse con nosotros. <\/p>\n<p>[\/et_pb_blurb][et_pb_button button_url=\u00bb\/es\/contact\u00bb button_text=\u00bbComun\u00edquese con nosotros\u00bb button_alignment=\u00bbcenter\u00bb admin_label=\u00bbButton-Contact Us\u00bb _builder_version=\u00bb4.14.2&#8243; _module_preset=\u00bbdefault\u00bb custom_button=\u00bbon\u00bb button_text_size=\u00bb18px\u00bb button_text_color=\u00bb#40BB95&#8243; button_bg_color=\u00bb#FFFFFF\u00bb button_border_width=\u00bb1px\u00bb button_border_color=\u00bb#40BB95&#8243; button_border_radius=\u00bb3px\u00bb button_use_icon=\u00bboff\u00bb custom_margin=\u00bb39px||||false|false\u00bb locked=\u00bboff\u00bb global_colors_info=\u00bb{}\u00bb button_border_color__hover_enabled=\u00bbon|hover\u00bb button_border_color__hover=\u00bb#40BB95&#8243;][\/et_pb_button][\/et_pb_column][et_pb_column type=\u00bb1_2&#8243; _builder_version=\u00bb4.14.2&#8243; _module_preset=\u00bbdefault\u00bb background_color=\u00bb#f7f6f0&#8243; custom_padding=\u00bb50px||50px||true|false\u00bb global_colors_info=\u00bb{}\u00bb][et_pb_blurb title=\u00bbDonar\u00bb image=\u00bbhttps:\/\/newbeginningsnwa.org\/wp-content\/uploads\/2023\/07\/Give-Icon-1.png\u00bb image_icon_width=\u00bb50%\u00bb admin_label=\u00bbDonate Blurb\u00bb _builder_version=\u00bb4.14.2&#8243; _module_preset=\u00bbdefault\u00bb header_font=\u00bb|700|||||||\u00bb header_text_align=\u00bbcenter\u00bb header_font_size=\u00bb44px\u00bb header_line_height=\u00bb53px\u00bb background_enable_color=\u00bboff\u00bb text_orientation=\u00bbcenter\u00bb custom_padding_tablet=\u00bb\u00bb custom_padding_phone=\u00bb|25px||25px|false|true\u00bb custom_padding_last_edited=\u00bbon|phone\u00bb global_colors_info=\u00bb{}\u00bb]<\/p>\n<p>Todas las donaciones son 100 % deducibles de impuestos y se destinar\u00e1n a cubrir los costos operativos de New Beginnings y los programas de voluntariado dentro de la comunidad.<\/p>\n<p>[\/et_pb_blurb][et_pb_button button_url=\u00bb\/es\/donate\u00bb button_text=\u00bbDonar\u00bb button_alignment=\u00bbcenter\u00bb admin_label=\u00bbDonate Button\u00bb _builder_version=\u00bb4.14.2&#8243; _module_preset=\u00bbdefault\u00bb custom_button=\u00bbon\u00bb button_text_size=\u00bb18px\u00bb button_text_color=\u00bb#FFFFFF\u00bb button_bg_color=\u00bb#40BB95&#8243; button_border_color=\u00bb#40BB95&#8243; button_border_radius=\u00bb3px\u00bb button_use_icon=\u00bboff\u00bb custom_margin=\u00bb39px||||false|false\u00bb locked=\u00bboff\u00bb global_colors_info=\u00bb{}\u00bb button_border_color__hover_enabled=\u00bbon|hover\u00bb button_border_color__hover=\u00bb#40BB95&#8243;][\/et_pb_button][\/et_pb_column][\/et_pb_row][\/et_pb_section]<\/p>\n","protected":false},"excerpt":{"rendered":"<p>VoluntariadoAgradecemos profundamente el trabajo de nuestros voluntarios. \u00danase a uno de nuestros programas locales de voluntariado para demostrar compasi\u00f3n y amor a los vecinos del noroeste de Arkansas. Las oportunidades para sumarse al voluntariado que ofrecemos a trav\u00e9s de nuestras iniciativas comunitarias regionales incluyen los programas Laundry Love Fayetteville y Art in the Park. \u00bfLe [&hellip;]<\/p>\n","protected":false},"author":2,"featured_media":0,"parent":0,"menu_order":0,"comment_status":"closed","ping_status":"closed","template":"","meta":{"_et_pb_use_builder":"on","_et_pb_old_content":"","_et_gb_content_width":"","footnotes":""},"class_list":["post-1610","page","type-page","status-publish","hentry"],"_links":{"self":[{"href":"https:\/\/newbeginningsnwa.org\/es\/wp-json\/wp\/v2\/pages\/1610","targetHints":{"allow":["GET"]}}],"collection":[{"href":"https:\/\/newbeginningsnwa.org\/es\/wp-json\/wp\/v2\/pages"}],"about":[{"href":"https:\/\/newbeginningsnwa.org\/es\/wp-json\/wp\/v2\/types\/page"}],"author":[{"embeddable":true,"href":"https:\/\/newbeginningsnwa.org\/es\/wp-json\/wp\/v2\/users\/2"}],"replies":[{"embeddable":true,"href":"https:\/\/newbeginningsnwa.org\/es\/wp-json\/wp\/v2\/comments?post=1610"}],"version-history":[{"count":0,"href":"https:\/\/newbeginningsnwa.org\/es\/wp-json\/wp\/v2\/pages\/1610\/revisions"}],"wp:attachment":[{"href":"https:\/\/newbeginningsnwa.org\/es\/wp-json\/wp\/v2\/media?parent=1610"}],"curies":[{"name":"wp","href":"https:\/\/api.w.org\/{rel}","templated":true}]}}