{"id":1618,"date":"2023-07-01T01:25:00","date_gmt":"2023-07-01T01:25:00","guid":{"rendered":"https:\/\/newbeginningsnwa.org\/bridge-housing\/"},"modified":"2024-12-23T15:21:39","modified_gmt":"2024-12-23T15:21:39","slug":"bridge-housing","status":"publish","type":"page","link":"https:\/\/newbeginningsnwa.org\/es\/bridge-housing\/","title":{"rendered":"Bridge Housing"},"content":{"rendered":"<p>[et_pb_section fb_built=\u00bb1&#8243; _builder_version=\u00bb4.14.2&#8243; _module_preset=\u00bbdefault\u00bb global_colors_info=\u00bb{}\u00bb][et_pb_row column_structure=\u00bb1_2,1_2&#8243; _builder_version=\u00bb4.14.2&#8243; _module_preset=\u00bbdefault\u00bb module_alignment=\u00bbcenter\u00bb global_colors_info=\u00bb{}\u00bb][et_pb_column type=\u00bb1_2&#8243; _builder_version=\u00bb4.14.2&#8243; _module_preset=\u00bbdefault\u00bb z_index=\u00bb10&#8243; global_colors_info=\u00bb{}\u00bb][et_pb_text admin_label=\u00bbBridge Housing\u00bb _builder_version=\u00bb4.14.2&#8243; _module_preset=\u00bbdefault\u00bb text_text_color=\u00bb#1e2635&#8243; text_line_height=\u00bb27px\u00bb header_font=\u00bbAlegreya||||||||\u00bb header_text_color=\u00bb#FFFFFF\u00bb header_font_size=\u00bb74px\u00bb background_color=\u00bb#40bb95&#8243; positioning=\u00bbrelative\u00bb z_index=\u00bb99999&#8243; width_tablet=\u00bb504px\u00bb width_phone=\u00bb100%\u00bb width_last_edited=\u00bbon|phone\u00bb max_width_tablet=\u00bb\u00bb max_width_phone=\u00bb100%\u00bb max_width_last_edited=\u00bbon|phone\u00bb custom_margin=\u00bb21px|||72px|false|false\u00bb custom_margin_tablet=\u00bb|||83px|false|false\u00bb custom_margin_phone=\u00bb|||0px|false|false\u00bb custom_margin_last_edited=\u00bbon|phone\u00bb custom_padding=\u00bb35px|35px|145px|35px|false|true\u00bb custom_padding_tablet=\u00bb39px|46px||55px|false|false\u00bb custom_padding_phone=\u00bb20px|46px|20px|55px|false|false\u00bb custom_padding_last_edited=\u00bbon|phone\u00bb header_font_size_tablet=\u00bb90px\u00bb header_font_size_phone=\u00bb55px\u00bb header_font_size_last_edited=\u00bbon|phone\u00bb global_colors_info=\u00bb{}\u00bb]<\/p>\n<h1><img loading=\"lazy\" decoding=\"async\" class=\"wp-image-278 alignnone \" src=\"https:\/\/newbeginningsnwa.org\/wp-content\/uploads\/2023\/07\/Bridge-Housing-Icon-1.png\" alt=\"\" width=\"53\" height=\"50\"><\/h1>\n<h1>Bridge<br \/>Housing<\/h1>\n<p>[\/et_pb_text][\/et_pb_column][et_pb_column type=\u00bb1_2&#8243; _builder_version=\u00bb4.14.2&#8243; _module_preset=\u00bbdefault\u00bb z_index=\u00bb1&#8243; global_colors_info=\u00bb{}\u00bb][et_pb_image src=\u00bbhttps:\/\/newbeginningsnwa.org\/wp-content\/uploads\/2023\/07\/Rectangle-36-1.png\u00bb title_text=\u00bbRectangle 36 (1)\u00bb align_tablet=\u00bb\u00bb align_phone=\u00bbcenter\u00bb align_last_edited=\u00bbon|phone\u00bb _builder_version=\u00bb4.14.2&#8243; _module_preset=\u00bbdefault\u00bb positioning=\u00bbrelative\u00bb z_index=\u00bb1&#8243; width_tablet=\u00bb573px\u00bb width_phone=\u00bb100%\u00bb width_last_edited=\u00bbon|phone\u00bb max_width_tablet=\u00bb\u00bb max_width_phone=\u00bb100%\u00bb max_width_last_edited=\u00bbon|phone\u00bb min_height_tablet=\u00bb521px\u00bb min_height_phone=\u00bb\u00bb min_height_last_edited=\u00bbon|phone\u00bb custom_margin=\u00bb|85px||-85px|false|false\u00bb custom_margin_tablet=\u00bb-28px|||-30px|false|false\u00bb custom_margin_phone=\u00bb0px|||0px|false|false\u00bb custom_margin_last_edited=\u00bbon|phone\u00bb module_alignment_tablet=\u00bb\u00bb module_alignment_phone=\u00bbcenter\u00bb module_alignment_last_edited=\u00bbon|phone\u00bb global_colors_info=\u00bb{}\u00bb][\/et_pb_image][\/et_pb_column][\/et_pb_row][et_pb_row _builder_version=\u00bb4.14.2&#8243; _module_preset=\u00bbdefault\u00bb global_colors_info=\u00bb{}\u00bb][et_pb_column type=\u00bb4_4&#8243; _builder_version=\u00bb4.14.2&#8243; _module_preset=\u00bbdefault\u00bb global_colors_info=\u00bb{}\u00bb][et_pb_text admin_label=\u00bbText\u00bb _builder_version=\u00bb4.14.2&#8243; _module_preset=\u00bbdefault\u00bb text_font=\u00bbRaleway||||||||\u00bb text_line_height=\u00bb27px\u00bb width=\u00bb702px\u00bb width_tablet=\u00bb702px\u00bb width_phone=\u00bbauto\u00bb width_last_edited=\u00bbon|phone\u00bb module_alignment=\u00bbcenter\u00bb inline_fonts=\u00bbAlegreya\u00bb global_colors_info=\u00bb{}\u00bb]<\/p>\n<h3><span style=\"color: rgba(51, 51, 51, 0.77);\">Proporcionamos una comunidad segura y digna en la que las personas que presentan una condici\u00f3n de falta de hogar cr\u00f3nica reciben el apoyo necesario para acceder a una vivienda permanente.<\/span><\/h3>\n<p><span style=\"color: rgba(51, 51, 51, 0.77);\"><\/span><\/p>\n<h3><\/h3>\n<p style=\"text-align: left;\">\n<h2><span style=\"color: #333333; font-family: Alegreya, Georgia, 'Times New Roman', serif; font-size: 30px;\">\u00bfD\u00f3nde se alojan las personas?<\/span><span style=\"color: #333333; font-family: Alegreya, Georgia, 'Times New Roman', serif; font-size: 30px;\"><\/span><\/h2>\n<p style=\"text-align: left;\">Bridge Housing (Viviendas Bridge) es un modelo de refugio comunitario destinado para personas que buscan dejar atr\u00e1s las condiciones insalubres y peligrosas de la calle. New Beginnings brinda a las personas la oportunidad de formar parte de nuestra comunidad. Adem\u00e1s, las instalaciones cuentan con veinte caba\u00f1as individuales y un edificio con espacios de uso compartido que incluyen una cocina comercial, ba\u00f1os, un \u00e1rea de ducha y servicio de lavander\u00eda. Por otro lado, la comunidad est\u00e1 cercada y cuenta con un jard\u00edn que est\u00e1 a cargo de los residentes. El personal est\u00e1 presente las 24 horas para garantizar la seguridad y el bienestar del lugar. En este entorno, las personas encuentran seguridad, dignidad y privacidad, adem\u00e1s de contar con los recursos necesarios para superar la condici\u00f3n de falta de vivienda. Bridge Housing permite que las personas que presentan una condici\u00f3n de falta de hogar cr\u00f3nica se estabilicen, incluso cuando no logran adaptarse a los refugios m\u00e1s convencionales.     <\/p>\n<p style=\"text-align: left;\">\n<h1 style=\"text-align: left;\">\u00bfC\u00f3mo progresan las personas?<\/h1>\n<p style=\"text-align: left;\">Las personas suelen llegar a Bridge Housing despu\u00e9s de haber estado muchos a\u00f1os sin hogar. Es posible que no tengan documentos de identidad, que enfrenten problemas de adicci\u00f3n a las drogas y al alcohol, que hayan tenido conflictos frecuentes con la justicia o que requieran apoyo en su salud f\u00edsica o mental. <\/p>\n<p style=\"text-align: left;\">En la medida de lo posible, los residentes son quienes gestionan nuestra comunidad. Esto significa que los residentes eligen su propio Consejo Directivo, forman equipos que se ocupan de mantener la limpieza de los edificios y los terrenos, y establecen las normas de convivencia entre vecinos. A trav\u00e9s de la camarader\u00eda y las expectativas de la comunidad, los residentes desarrollan habilidades para gestionar su vida y encuentran un prop\u00f3sito mientras reconstruyen su futuro.  <\/p>\n<p style=\"text-align: left;\">Nuestro equipo de apoyo incluye profesionales que brindan atenci\u00f3n m\u00e9dica en el lugar, servicios de trabajo social y asesoramiento en habilidades para la vida. El especialista en vivienda colabora con cada residente para desarrollar un plan de reubicaci\u00f3n personalizado y se re\u00fane con ellos semanalmente con el fin de brindarles ayuda para que alcancen sus objetivos. La mayor\u00eda de los miembros de nuestro equipo de apoyo vivi\u00f3 en primera persona la problem\u00e1tica de la falta de hogar, lo cual les permite ofrecer un acompa\u00f1amiento cercano a los residentes mientras mejoran su salud, aumentan sus ingresos y se conectan con los servicios de apoyo en su camino hacia la obtenci\u00f3n de una vivienda propia.  <\/p>\n<p style=\"text-align: left;\">\n<h1 style=\"text-align: left;\">Nuestro impacto<\/h1>\n<p style=\"text-align: left;\">Los objetivos de Bridge Housing se cumplen cuando las personas con antecedentes de falta de hogar cr\u00f3nica mejoran su salud, logran estabilidad y acceden a un hogar permanente. En el verano de 2024, el 37 % de los residentes de Bridge Housing (15 personas) se mudaron a sus propios hogares, mientras que otros lograron alcanzar objetivos personales en cuanto a la salud f\u00edsica y mental, aumentaron sus ingresos y consolidaron su estabilidad como vecinos en la comunidad. <\/p>\n<p>[\/et_pb_text][\/et_pb_column][\/et_pb_row][\/et_pb_section][et_pb_section fb_built=\u00bb1&#8243; _builder_version=\u00bb4.14.2&#8243; _module_preset=\u00bbdefault\u00bb background_color=\u00bb#324055&#8243; global_colors_info=\u00bb{}\u00bb][et_pb_row _builder_version=\u00bb4.14.2&#8243; _module_preset=\u00bbdefault\u00bb custom_margin=\u00bb0px||||false|false\u00bb custom_padding=\u00bb0px||||false|false\u00bb global_colors_info=\u00bb{}\u00bb][et_pb_column type=\u00bb4_4&#8243; _builder_version=\u00bb4.14.2&#8243; _module_preset=\u00bbdefault\u00bb global_colors_info=\u00bb{}\u00bb][et_pb_text admin_label=\u00bbWhere it is working\u00bb _builder_version=\u00bb4.14.2&#8243; _module_preset=\u00bbdefault\u00bb text_font=\u00bbRaleway||||||||\u00bb text_text_color=\u00bb#FFFFFF\u00bb text_line_height=\u00bb27px\u00bb header_font=\u00bbAlegreya|700|||||||\u00bb header_text_align=\u00bbcenter\u00bb header_text_color=\u00bb#40bb95&#8243; header_font_size=\u00bb54px\u00bb header_line_height=\u00bb64px\u00bb header_3_font=\u00bbRaleway||||||||\u00bb header_3_text_color=\u00bb#40bb95&#8243; header_3_line_height=\u00bb1.2em\u00bb text_orientation=\u00bbcenter\u00bb global_colors_info=\u00bb{}\u00bb]<\/p>\n<h1>D\u00f3nde funciona<\/h1>\n<p> Cada vez son m\u00e1s los pueblos y ciudades de EE. UU. que encuentran una soluci\u00f3n pr\u00e1ctica a la falta de vivienda a trav\u00e9s de la construcci\u00f3n de comunidades con microrrefugios. Hoy en d\u00eda, estas iniciativas demuestran ser soluciones efectivas, ya que brindan un enfoque centrado en priorizar la vivienda, lo cual les facilita a las personas el acceso a un hogar permanente <br \/>y estable.  &nbsp;<\/p>\n<h3>Ejemplos de comunidades con microrrefugios de transici\u00f3n en todo el pa\u00eds.<\/h3>\n<p>[\/et_pb_text][et_pb_image src=\u00bbhttps:\/\/newbeginningsnwa.org\/wp-content\/uploads\/2023\/07\/Group-123.png\u00bb title_text=\u00bbGroup 123&#8243; show_bottom_space=\u00bboff\u00bb admin_label=\u00bbUnited States Map Image\u00bb _builder_version=\u00bb4.14.2&#8243; _module_preset=\u00bbdefault\u00bb custom_margin=\u00bb||30px||false|false\u00bb global_colors_info=\u00bb{}\u00bb][\/et_pb_image][\/et_pb_column][\/et_pb_row][\/et_pb_section][et_pb_section fb_built=\u00bb1&#8243; admin_label=\u00bbYour Support is Powerful\u00bb _builder_version=\u00bb4.14.2&#8243; _module_preset=\u00bbdefault\u00bb background_color=\u00bb#f7f6f0&#8243; global_colors_info=\u00bb{}\u00bb][et_pb_row _builder_version=\u00bb4.14.2&#8243; _module_preset=\u00bbdefault\u00bb custom_margin=\u00bb0px||||false|false\u00bb custom_padding=\u00bb0px||||false|false\u00bb global_colors_info=\u00bb{}\u00bb][et_pb_column type=\u00bb4_4&#8243; _builder_version=\u00bb4.14.2&#8243; _module_preset=\u00bbdefault\u00bb global_colors_info=\u00bb{}\u00bb][et_pb_text admin_label=\u00bbYour support is powerful.\u00bb _builder_version=\u00bb4.14.2&#8243; _module_preset=\u00bbdefault\u00bb header_font=\u00bbAlegreya||||||||\u00bb header_text_align=\u00bbcenter\u00bb header_text_color=\u00bb#1e2635&#8243; header_font_size=\u00bb54px\u00bb custom_margin=\u00bb25px||||false|false\u00bb custom_margin_tablet=\u00bb25px||||false|false\u00bb custom_margin_phone=\u00bb0px||||false|false\u00bb custom_margin_last_edited=\u00bbon|phone\u00bb custom_padding_tablet=\u00bb\u00bb custom_padding_phone=\u00bb0px||||false|false\u00bb custom_padding_last_edited=\u00bbon|phone\u00bb global_colors_info=\u00bb{}\u00bb]<\/p>\n<h1>Su apoyo <strong>es muy valioso.<\/strong><\/h1>\n<p>[\/et_pb_text][\/et_pb_column][\/et_pb_row][et_pb_row column_structure=\u00bb1_3,1_3,1_3&#8243; _builder_version=\u00bb4.14.2&#8243; _module_preset=\u00bbdefault\u00bb custom_margin=\u00bb|||210px|false|false\u00bb custom_margin_tablet=\u00bb|||210px|false|false\u00bb custom_margin_phone=\u00bb|||auto|false|false\u00bb custom_margin_last_edited=\u00bbon|phone\u00bb global_colors_info=\u00bb{}\u00bb][et_pb_column type=\u00bb1_3&#8243; _builder_version=\u00bb4.14.2&#8243; _module_preset=\u00bbdefault\u00bb global_colors_info=\u00bb{}\u00bb][et_pb_blurb title=\u00bbM\u00e1s informaci\u00f3n\u00bb image=\u00bbhttps:\/\/newbeginningsnwa.org\/wp-content\/uploads\/2023\/07\/Learn-Icon-3-e1689696110787.png\u00bb icon_alignment=\u00bbleft\u00bb icon_alignment_tablet=\u00bbleft\u00bb icon_alignment_phone=\u00bbcenter\u00bb icon_alignment_last_edited=\u00bbon|phone\u00bb _builder_version=\u00bb4.14.2&#8243; _module_preset=\u00bbdefault\u00bb header_font=\u00bb|700|||||||\u00bb header_font_size=\u00bb24px\u00bb body_line_height=\u00bb27px\u00bb custom_margin=\u00bb-5px||||false|false\u00bb header_text_align_tablet=\u00bb\u00bb header_text_align_phone=\u00bbcenter\u00bb header_text_align_last_edited=\u00bbon|phone\u00bb text_orientation_tablet=\u00bb\u00bb text_orientation_phone=\u00bbcenter\u00bb text_orientation_last_edited=\u00bbon|phone\u00bb global_colors_info=\u00bb{}\u00bb]<\/p>\n<p>\u00bfQuiere generar un impacto significativo en nuestra comunidad? <strong>Entonces comience por entender mejor la situaci\u00f3n.<\/strong><\/p>\n<p>[\/et_pb_blurb][et_pb_button button_url=\u00bb\/es\/learn\u00bb button_text=\u00bbM\u00e1s informaci\u00f3n\u00bb button_alignment_tablet=\u00bb\u00bb button_alignment_phone=\u00bbcenter\u00bb button_alignment_last_edited=\u00bbon|phone\u00bb admin_label=\u00bbButton-A Plan for Success\u00bb _builder_version=\u00bb4.14.2&#8243; _module_preset=\u00bbdefault\u00bb custom_button=\u00bbon\u00bb button_text_size=\u00bb15px\u00bb button_text_color=\u00bb#40bb95&#8243; button_border_width=\u00bb1px\u00bb button_border_color=\u00bb#40BB95&#8243; button_font=\u00bb|700|||||||\u00bb button_use_icon=\u00bboff\u00bb custom_padding=\u00bb8px|20px|8px|20px|true|true\u00bb hover_enabled=\u00bb0&#8243; global_colors_info=\u00bb{}\u00bb button_bg_color__hover_enabled=\u00bbon|hover\u00bb button_bg_color__hover=\u00bbRGBA(255,255,255,0)\u00bb button_bg_enable_color__hover=\u00bbon\u00bb button_border_color__hover_enabled=\u00bbon|hover\u00bb button_border_color__hover=\u00bb#40BB95&#8243; sticky_enabled=\u00bb0&#8243;][\/et_pb_button][\/et_pb_column][et_pb_column type=\u00bb1_3&#8243; _builder_version=\u00bb4.14.2&#8243; _module_preset=\u00bbdefault\u00bb global_colors_info=\u00bb{}\u00bb][et_pb_blurb title=\u00bbAyudar\u00bb image=\u00bbhttps:\/\/newbeginningsnwa.org\/wp-content\/uploads\/2023\/07\/Serve-Icon-3-e1689696979724.png\u00bb icon_alignment=\u00bbleft\u00bb icon_alignment_tablet=\u00bbleft\u00bb icon_alignment_phone=\u00bbcenter\u00bb icon_alignment_last_edited=\u00bbon|phone\u00bb _builder_version=\u00bb4.14.2&#8243; _module_preset=\u00bbdefault\u00bb header_font=\u00bb|700|||||||\u00bb header_font_size=\u00bb24px\u00bb body_line_height=\u00bb27px\u00bb custom_margin=\u00bb1px||||false|false\u00bb text_orientation_tablet=\u00bb\u00bb text_orientation_phone=\u00bbcenter\u00bb text_orientation_last_edited=\u00bbon|phone\u00bb locked=\u00bboff\u00bb global_colors_info=\u00bb{}\u00bb]<\/p>\n<p>\u00bfBusca una forma de retribuir y marcar la diferencia? <strong>\u00danase a nuestro equipo de voluntarios comprometidos.<\/strong><\/p>\n<p>[\/et_pb_blurb][et_pb_button button_url=\u00bb\/es\/volunteer\u00bb button_text=\u00bbVoluntariado\u00bb button_alignment_tablet=\u00bb\u00bb button_alignment_phone=\u00bbcenter\u00bb button_alignment_last_edited=\u00bbon|phone\u00bb admin_label=\u00bbVolunteer Button\u00bb _builder_version=\u00bb4.14.2&#8243; _module_preset=\u00bbdefault\u00bb custom_button=\u00bbon\u00bb button_text_size=\u00bb15px\u00bb button_text_color=\u00bb#40bb95&#8243; button_border_width=\u00bb1px\u00bb button_border_color=\u00bb#40BB95&#8243; button_font=\u00bb|700|||||||\u00bb button_use_icon=\u00bboff\u00bb custom_padding=\u00bb8px|20px|8px|20px|true|true\u00bb global_colors_info=\u00bb{}\u00bb button_bg_color__hover_enabled=\u00bbon|hover\u00bb button_bg_color__hover=\u00bbRGBA(255,255,255,0)\u00bb button_bg_enable_color__hover=\u00bbon\u00bb button_border_color__hover_enabled=\u00bbon|hover\u00bb button_border_color__hover=\u00bb#40BB95&#8243;][\/et_pb_button][\/et_pb_column][et_pb_column type=\u00bb1_3&#8243; _builder_version=\u00bb4.14.2&#8243; _module_preset=\u00bbdefault\u00bb global_colors_info=\u00bb{}\u00bb][et_pb_blurb title=\u00bbDonar\u00bb image=\u00bbhttps:\/\/newbeginningsnwa.org\/wp-content\/uploads\/2023\/07\/Give-Icon-2-e1689697364220.png\u00bb icon_alignment=\u00bbleft\u00bb icon_alignment_tablet=\u00bbleft\u00bb icon_alignment_phone=\u00bbcenter\u00bb icon_alignment_last_edited=\u00bbon|phone\u00bb _builder_version=\u00bb4.14.2&#8243; _module_preset=\u00bbdefault\u00bb header_font=\u00bb|700|||||||\u00bb header_font_size=\u00bb24px\u00bb body_line_height=\u00bb27px\u00bb custom_margin=\u00bb-8px||||false|false\u00bb text_orientation_tablet=\u00bb\u00bb text_orientation_phone=\u00bbcenter\u00bb text_orientation_last_edited=\u00bbon|phone\u00bb locked=\u00bboff\u00bb global_colors_info=\u00bb{}\u00bb]<\/p>\n<p>\u00bfTodo listo para ser parte de una soluci\u00f3n real e innovadora? <strong>\u00danase como donante recurrente hoy mismo.<\/strong><\/p>\n<p>[\/et_pb_blurb][et_pb_button button_url=\u00bb\/es\/donate\u00bb button_text=\u00bbDonar\u00bb button_alignment_tablet=\u00bb\u00bb button_alignment_phone=\u00bbcenter\u00bb button_alignment_last_edited=\u00bbon|phone\u00bb admin_label=\u00bbDonate Button\u00bb _builder_version=\u00bb4.14.2&#8243; _module_preset=\u00bbdefault\u00bb custom_button=\u00bbon\u00bb button_text_size=\u00bb15px\u00bb button_text_color=\u00bb#40bb95&#8243; button_border_width=\u00bb1px\u00bb button_border_color=\u00bb#40BB95&#8243; button_font=\u00bb|700|||||||\u00bb button_use_icon=\u00bboff\u00bb custom_padding=\u00bb8px|20px|8px|20px|true|true\u00bb global_colors_info=\u00bb{}\u00bb button_bg_color__hover_enabled=\u00bbon|hover\u00bb button_bg_color__hover=\u00bbRGBA(255,255,255,0)\u00bb button_bg_enable_color__hover=\u00bbon\u00bb button_border_color__hover_enabled=\u00bbon|hover\u00bb button_border_color__hover=\u00bb#40BB95&#8243;][\/et_pb_button][\/et_pb_column][\/et_pb_row][\/et_pb_section]<\/p>\n","protected":false},"excerpt":{"rendered":"<p>BridgeHousingProporcionamos una comunidad segura y digna en la que las personas que presentan una condici\u00f3n de falta de hogar cr\u00f3nica reciben el apoyo necesario para acceder a una vivienda permanente. \u00bfD\u00f3nde se alojan las personas? Bridge Housing (Viviendas Bridge) es un modelo de refugio comunitario destinado para personas que buscan dejar atr\u00e1s las condiciones insalubres [&hellip;]<\/p>\n","protected":false},"author":1,"featured_media":0,"parent":0,"menu_order":0,"comment_status":"closed","ping_status":"closed","template":"","meta":{"_et_pb_use_builder":"on","_et_pb_old_content":"","_et_gb_content_width":"","footnotes":""},"class_list":["post-1618","page","type-page","status-publish","hentry"],"_links":{"self":[{"href":"https:\/\/newbeginningsnwa.org\/es\/wp-json\/wp\/v2\/pages\/1618","targetHints":{"allow":["GET"]}}],"collection":[{"href":"https:\/\/newbeginningsnwa.org\/es\/wp-json\/wp\/v2\/pages"}],"about":[{"href":"https:\/\/newbeginningsnwa.org\/es\/wp-json\/wp\/v2\/types\/page"}],"author":[{"embeddable":true,"href":"https:\/\/newbeginningsnwa.org\/es\/wp-json\/wp\/v2\/users\/1"}],"replies":[{"embeddable":true,"href":"https:\/\/newbeginningsnwa.org\/es\/wp-json\/wp\/v2\/comments?post=1618"}],"version-history":[{"count":0,"href":"https:\/\/newbeginningsnwa.org\/es\/wp-json\/wp\/v2\/pages\/1618\/revisions"}],"wp:attachment":[{"href":"https:\/\/newbeginningsnwa.org\/es\/wp-json\/wp\/v2\/media?parent=1618"}],"curies":[{"name":"wp","href":"https:\/\/api.w.org\/{rel}","templated":true}]}}