{"id":1622,"date":"2023-07-03T15:43:55","date_gmt":"2023-07-03T15:43:55","guid":{"rendered":"https:\/\/newbeginningsnwa.org\/a-place-to-heal\/"},"modified":"2024-12-13T17:10:13","modified_gmt":"2024-12-13T17:10:13","slug":"a-place-to-heal","status":"publish","type":"page","link":"https:\/\/newbeginningsnwa.org\/es\/a-place-to-heal\/","title":{"rendered":"A Place to Heal"},"content":{"rendered":"<p>[et_pb_section fb_built=\u00bb1&#8243; _builder_version=\u00bb4.14.2&#8243; _module_preset=\u00bbdefault\u00bb global_colors_info=\u00bb{}\u00bb][et_pb_row column_structure=\u00bb1_2,1_2&#8243; _builder_version=\u00bb4.14.2&#8243; _module_preset=\u00bbdefault\u00bb module_alignment=\u00bbcenter\u00bb global_colors_info=\u00bb{}\u00bb][et_pb_column type=\u00bb1_2&#8243; _builder_version=\u00bb4.14.2&#8243; _module_preset=\u00bbdefault\u00bb z_index=\u00bb10&#8243; global_colors_info=\u00bb{}\u00bb][et_pb_text admin_label=\u00bbA Plan for Success\u00bb _builder_version=\u00bb4.14.2&#8243; _module_preset=\u00bbdefault\u00bb text_text_color=\u00bb#1e2635&#8243; text_line_height=\u00bb27px\u00bb header_font=\u00bbAlegreya||||||||\u00bb header_text_color=\u00bb#FFFFFF\u00bb header_font_size=\u00bb74px\u00bb background_color=\u00bb#40bb95&#8243; positioning=\u00bbrelative\u00bb z_index=\u00bb99999&#8243; width_tablet=\u00bb504px\u00bb width_phone=\u00bb100%\u00bb width_last_edited=\u00bboff|desktop\u00bb max_width_tablet=\u00bb\u00bb max_width_phone=\u00bb100%\u00bb max_width_last_edited=\u00bbon|phone\u00bb custom_margin=\u00bb24px|||72px|false|false\u00bb custom_margin_tablet=\u00bb|||83px|false|false\u00bb custom_margin_phone=\u00bb|||0px|false|false\u00bb custom_margin_last_edited=\u00bbon|phone\u00bb custom_padding=\u00bb35px|35px|145px|35px|false|true\u00bb custom_padding_tablet=\u00bb39px|46px||55px|false|false\u00bb custom_padding_phone=\u00bb20px|46px|20px|55px|false|false\u00bb custom_padding_last_edited=\u00bbon|phone\u00bb header_font_size_tablet=\u00bb90px\u00bb header_font_size_phone=\u00bb55px\u00bb header_font_size_last_edited=\u00bbon|phone\u00bb global_colors_info=\u00bb{}\u00bb]<\/p>\n<h1><img loading=\"lazy\" decoding=\"async\" class=\"wp-image-278 alignnone \" src=\"https:\/\/newbeginningsnwa.org\/wp-content\/uploads\/2023\/07\/Individualized-Program-Icon-1.png\" alt=\"\" width=\"53\" height=\"50\"><\/h1>\n<h1>A Place<br \/>To Heal<\/h1>\n<p>[\/et_pb_text][\/et_pb_column][et_pb_column type=\u00bb1_2&#8243; _builder_version=\u00bb4.14.2&#8243; _module_preset=\u00bbdefault\u00bb z_index=\u00bb1&#8243; global_colors_info=\u00bb{}\u00bb][et_pb_image src=\u00bbhttps:\/\/newbeginningsnwa.org\/wp-content\/uploads\/2023\/07\/Rectangle-36-2.png\u00bb title_text=\u00bbRectangle 36 (2)\u00bb align_tablet=\u00bb\u00bb align_phone=\u00bbcenter\u00bb align_last_edited=\u00bbon|phone\u00bb _builder_version=\u00bb4.14.2&#8243; _module_preset=\u00bbdefault\u00bb positioning=\u00bbrelative\u00bb z_index=\u00bb1&#8243; width_tablet=\u00bb573px\u00bb width_phone=\u00bb100%\u00bb width_last_edited=\u00bbon|phone\u00bb max_width_tablet=\u00bb\u00bb max_width_phone=\u00bb100%\u00bb max_width_last_edited=\u00bbon|phone\u00bb min_height_tablet=\u00bb521px\u00bb min_height_phone=\u00bb\u00bb min_height_last_edited=\u00bbon|phone\u00bb custom_margin=\u00bb|85px||-85px|false|false\u00bb custom_margin_tablet=\u00bb-28px|||-30px|false|false\u00bb custom_margin_phone=\u00bb0px|||0px|false|false\u00bb custom_margin_last_edited=\u00bboff|desktop\u00bb module_alignment_tablet=\u00bb\u00bb module_alignment_phone=\u00bbcenter\u00bb module_alignment_last_edited=\u00bbon|phone\u00bb global_colors_info=\u00bb{}\u00bb][\/et_pb_image][\/et_pb_column][\/et_pb_row][et_pb_row _builder_version=\u00bb4.14.2&#8243; _module_preset=\u00bbdefault\u00bb custom_margin=\u00bb30px||||false|false\u00bb custom_margin_tablet=\u00bb30px||||false|false\u00bb custom_margin_phone=\u00bb0px||||false|false\u00bb custom_margin_last_edited=\u00bbon|phone\u00bb custom_padding=\u00bb0px||||false|false\u00bb global_colors_info=\u00bb{}\u00bb][et_pb_column type=\u00bb4_4&#8243; _builder_version=\u00bb4.14.2&#8243; _module_preset=\u00bbdefault\u00bb global_colors_info=\u00bb{}\u00bb][et_pb_text _builder_version=\u00bb4.14.2&#8243; _module_preset=\u00bbdefault\u00bb text_font=\u00bbRaleway||||||||\u00bb text_line_height=\u00bb27px\u00bb width=\u00bb702px\u00bb width_tablet=\u00bb702px\u00bb width_phone=\u00bbauto\u00bb width_last_edited=\u00bbon|phone\u00bb module_alignment=\u00bbcenter\u00bb global_colors_info=\u00bb{}\u00bb]<\/p>\n<h3><span style=\"color: rgba(51, 51, 51, 0.77);\">Ofrecemos a las personas sin hogar que reciben el alta hospitalaria y necesitan un lugar temporal un espacio para descansar y recuperarse. <em>A Place to Heal<\/em> (Un lugar para sanar) es el primer programa en Arkansas que brinda asistencia a personas sin hogar para que puedan descansar y recuperarse de condiciones m\u00e9dicas.<\/span><\/h3>\n<p>&nbsp;<\/p>\n<h2><span style=\"color: #333333; font-family: Alegreya, Georgia, 'Times New Roman', serif; font-size: 30px;\">\u00bfD\u00f3nde se alojan las personas?<\/span><span style=\"font-size: 18px; font-family: Raleway, Helvetica, Arial, Lucida, sans-serif; color: #1e2635;\"> <\/span><\/h2>\n<p>En New Beginnings, hay cuatro caba\u00f1as destinadas a alojar a personas que est\u00e1n lo suficientemente bien para recibir el alta hospitalaria, pero no para recuperarse en la calle. A trav\u00e9s de este programa, se brinda refugio para resguardarse de las inclemencias del tiempo, acceso a ba\u00f1os y duchas, tres comidas al d\u00eda y un entorno seguro con vigilancia las 24 horas, los 7 d\u00edas de la semana.  <\/p>\n<p>&nbsp;<\/p>\n<h2><span style=\"font-size: 30px;\">\u00bfC\u00f3mo se recuperan las personas?<\/span><\/h2>\n<p>La directora de Atenci\u00f3n M\u00e9dica trabaja con el personal del hospital en la elaboraci\u00f3n de un plan de cuidados para cada paciente en el momento del alta hospitalaria. El equipo de asistencia ofrece apoyo diario, lo que incluye recordatorios de medicamentos, orientaci\u00f3n en materia de salud, transporte a las consultas, as\u00ed como la coordinaci\u00f3n de servicios de seguimiento, como atenci\u00f3n m\u00e9dica a domicilio, fisioterapia o terapia ocupacional. Si es posible, el equipo de Atenci\u00f3n M\u00e9dica tambi\u00e9n ayuda al paciente a alcanzar sus objetivos relacionados con el bienestar social, como obtener documentos de identidad, retomar el contacto con familiares o enviar una solicitud para acceder a una vivienda. Los pacientes pueden permanecer en el lugar hasta que se hayan recuperado por completo de la enfermedad o lesi\u00f3n que ocasion\u00f3 la hospitalizaci\u00f3n.   <\/p>\n<p>A Place to Heal se enorgullece de asociarse con el equipo m\u00e9dico del Washington Regional Medical Center, quienes se ofrecen como voluntarios y est\u00e1n disponibles las 24 horas para los pacientes. Adem\u00e1s, cuenta con la colaboraci\u00f3n de pasantes de la Universidad de Arkansas y la Universidad de John Brown.<\/p>\n<h1><span style=\"color: #1e2635;\"><\/span><\/h1>\n<h1><span style=\"color: #333333; font-family: Alegreya, Georgia, 'Times New Roman', serif; font-size: 30px;\">Nuestro impacto<\/span><\/h1>\n<p>Los objetivos del programa A Place to Heal se logran cuando las personas completan su plan de recuperaci\u00f3n m\u00e9dica, no vuelven a ingresar al hospital durante su proceso de sanaci\u00f3n y los pasantes y voluntarios fortalecen su empat\u00eda hacia las personas sin hogar. En el verano de 2024, atendimos a 8 pacientes: el 90 % de los cuales complet\u00f3 el plan de cuidado m\u00e9dico, el 100 % no reingres\u00f3 al hospital durante su recuperaci\u00f3n y el 100 % de los pasantes fortaleci\u00f3 la empat\u00eda hacia las personas. <\/p>\n<p>[\/et_pb_text][\/et_pb_column][\/et_pb_row][\/et_pb_section][et_pb_section fb_built=\u00bb1&#8243; _builder_version=\u00bb4.14.2&#8243; _module_preset=\u00bbdefault\u00bb background_color=\u00bb#f7f6f0&#8243; global_colors_info=\u00bb{}\u00bb][et_pb_row _builder_version=\u00bb4.14.2&#8243; _module_preset=\u00bbdefault\u00bb custom_margin=\u00bb-20px||||false|false\u00bb custom_padding=\u00bb0px||||false|false\u00bb global_colors_info=\u00bb{}\u00bb][et_pb_column type=\u00bb4_4&#8243; _builder_version=\u00bb4.14.2&#8243; _module_preset=\u00bbdefault\u00bb global_colors_info=\u00bb{}\u00bb][et_pb_text admin_label=\u00bbYour support is powerful.\u00bb _builder_version=\u00bb4.14.2&#8243; _module_preset=\u00bbdefault\u00bb header_font=\u00bbAlegreya||||||||\u00bb header_text_align=\u00bbcenter\u00bb header_text_color=\u00bb#1e2635&#8243; header_font_size=\u00bb54px\u00bb custom_margin=\u00bb25px||||false|false\u00bb custom_margin_tablet=\u00bb25px||||false|false\u00bb custom_margin_phone=\u00bb25px||||false|false\u00bb custom_margin_last_edited=\u00bbon|phone\u00bb global_colors_info=\u00bb{}\u00bb]<\/p>\n<h1>Su apoyo <strong>es muy valioso.<\/strong><\/h1>\n<p>[\/et_pb_text][\/et_pb_column][\/et_pb_row][et_pb_row column_structure=\u00bb1_3,1_3,1_3&#8243; _builder_version=\u00bb4.14.2&#8243; _module_preset=\u00bbdefault\u00bb custom_margin=\u00bb|||210px|false|false\u00bb custom_margin_tablet=\u00bb|||210px|false|false\u00bb custom_margin_phone=\u00bb|||auto|false|false\u00bb custom_margin_last_edited=\u00bbon|phone\u00bb global_colors_info=\u00bb{}\u00bb][et_pb_column type=\u00bb1_3&#8243; _builder_version=\u00bb4.14.2&#8243; _module_preset=\u00bbdefault\u00bb global_colors_info=\u00bb{}\u00bb][et_pb_blurb title=\u00bbM\u00e1s informaci\u00f3n\u00bb image=\u00bbhttps:\/\/newbeginningsnwa.org\/wp-content\/uploads\/2023\/07\/Learn-Icon-3-e1689696110787.png\u00bb icon_alignment=\u00bbleft\u00bb icon_alignment_tablet=\u00bbleft\u00bb icon_alignment_phone=\u00bbcenter\u00bb icon_alignment_last_edited=\u00bbon|phone\u00bb _builder_version=\u00bb4.14.2&#8243; _module_preset=\u00bbdefault\u00bb header_font=\u00bb|700|||||||\u00bb header_font_size=\u00bb24px\u00bb body_line_height=\u00bb27px\u00bb custom_margin=\u00bb-5px||||false|false\u00bb header_text_align_tablet=\u00bb\u00bb header_text_align_phone=\u00bbcenter\u00bb header_text_align_last_edited=\u00bbon|phone\u00bb text_orientation_tablet=\u00bb\u00bb text_orientation_phone=\u00bbcenter\u00bb text_orientation_last_edited=\u00bbon|phone\u00bb global_colors_info=\u00bb{}\u00bb]<\/p>\n<p>\u00bfQuiere generar un impacto significativo en nuestra comunidad? <strong>Entonces comience por entender mejor la situaci\u00f3n.<\/strong><\/p>\n<p>[\/et_pb_blurb][et_pb_button button_url=\u00bb\/es\/learn\u00bb button_text=\u00bbM\u00e1s informaci\u00f3n\u00bb button_alignment_tablet=\u00bb\u00bb button_alignment_phone=\u00bbcenter\u00bb button_alignment_last_edited=\u00bbon|phone\u00bb admin_label=\u00bbButton-A Plan for Success\u00bb _builder_version=\u00bb4.14.2&#8243; _module_preset=\u00bbdefault\u00bb custom_button=\u00bbon\u00bb button_text_size=\u00bb15px\u00bb button_text_color=\u00bb#40bb95&#8243; button_border_width=\u00bb1px\u00bb button_border_color=\u00bb#40BB95&#8243; button_font=\u00bb|700|||||||\u00bb button_use_icon=\u00bboff\u00bb custom_padding=\u00bb8px|20px|8px|20px|true|true\u00bb hover_enabled=\u00bb0&#8243; global_colors_info=\u00bb{}\u00bb button_bg_color__hover_enabled=\u00bbon|hover\u00bb button_bg_color__hover=\u00bbRGBA(255,255,255,0)\u00bb button_bg_enable_color__hover=\u00bbon\u00bb button_border_color__hover_enabled=\u00bbon|hover\u00bb button_border_color__hover=\u00bb#40BB95&#8243; sticky_enabled=\u00bb0&#8243;][\/et_pb_button][\/et_pb_column][et_pb_column type=\u00bb1_3&#8243; _builder_version=\u00bb4.14.2&#8243; _module_preset=\u00bbdefault\u00bb global_colors_info=\u00bb{}\u00bb][et_pb_blurb title=\u00bbAyudar\u00bb image=\u00bbhttps:\/\/newbeginningsnwa.org\/wp-content\/uploads\/2023\/07\/Serve-Icon-3-e1689696979724.png\u00bb icon_alignment=\u00bbleft\u00bb icon_alignment_tablet=\u00bbleft\u00bb icon_alignment_phone=\u00bbcenter\u00bb icon_alignment_last_edited=\u00bbon|phone\u00bb _builder_version=\u00bb4.14.2&#8243; _module_preset=\u00bbdefault\u00bb header_font=\u00bb|700|||||||\u00bb header_font_size=\u00bb24px\u00bb body_line_height=\u00bb27px\u00bb custom_margin=\u00bb1px||||false|false\u00bb text_orientation_tablet=\u00bb\u00bb text_orientation_phone=\u00bbcenter\u00bb text_orientation_last_edited=\u00bbon|phone\u00bb locked=\u00bboff\u00bb global_colors_info=\u00bb{}\u00bb]<\/p>\n<p>\u00bfBusca una forma de retribuir y marcar la diferencia? <strong>\u00danase a nuestro equipo de voluntarios comprometidos.<\/strong><\/p>\n<p>[\/et_pb_blurb][et_pb_button button_url=\u00bb\/es\/volunteer\u00bb button_text=\u00bbVoluntariado\u00bb button_alignment_tablet=\u00bb\u00bb button_alignment_phone=\u00bbcenter\u00bb button_alignment_last_edited=\u00bbon|phone\u00bb admin_label=\u00bbVolunteer Button\u00bb _builder_version=\u00bb4.14.2&#8243; _module_preset=\u00bbdefault\u00bb custom_button=\u00bbon\u00bb button_text_size=\u00bb15px\u00bb button_text_color=\u00bb#40bb95&#8243; button_border_width=\u00bb1px\u00bb button_border_color=\u00bb#40BB95&#8243; button_font=\u00bb|700|||||||\u00bb button_use_icon=\u00bboff\u00bb custom_padding=\u00bb8px|20px|8px|20px|true|true\u00bb global_colors_info=\u00bb{}\u00bb button_bg_color__hover_enabled=\u00bbon|hover\u00bb button_bg_color__hover=\u00bbRGBA(255,255,255,0)\u00bb button_bg_enable_color__hover=\u00bbon\u00bb button_border_color__hover_enabled=\u00bbon|hover\u00bb button_border_color__hover=\u00bb#40BB95&#8243;][\/et_pb_button][\/et_pb_column][et_pb_column type=\u00bb1_3&#8243; _builder_version=\u00bb4.14.2&#8243; _module_preset=\u00bbdefault\u00bb global_colors_info=\u00bb{}\u00bb][et_pb_blurb title=\u00bbDonar\u00bb image=\u00bbhttps:\/\/newbeginningsnwa.org\/wp-content\/uploads\/2023\/07\/Give-Icon-2-e1689697364220.png\u00bb icon_alignment=\u00bbleft\u00bb icon_alignment_tablet=\u00bbleft\u00bb icon_alignment_phone=\u00bbcenter\u00bb icon_alignment_last_edited=\u00bbon|phone\u00bb _builder_version=\u00bb4.14.2&#8243; _module_preset=\u00bbdefault\u00bb header_font=\u00bb|700|||||||\u00bb header_font_size=\u00bb24px\u00bb body_line_height=\u00bb27px\u00bb custom_margin=\u00bb-8px||||false|false\u00bb text_orientation_tablet=\u00bb\u00bb text_orientation_phone=\u00bbcenter\u00bb text_orientation_last_edited=\u00bbon|phone\u00bb locked=\u00bboff\u00bb global_colors_info=\u00bb{}\u00bb]<\/p>\n<p>\u00bfTodo listo para ser parte de una soluci\u00f3n real e innovadora? <strong>\u00danase como donante recurrente hoy mismo.<\/strong><\/p>\n<p>[\/et_pb_blurb][et_pb_button button_url=\u00bb\/es\/donate\u00bb button_text=\u00bbDonar\u00bb button_alignment_tablet=\u00bb\u00bb button_alignment_phone=\u00bbcenter\u00bb button_alignment_last_edited=\u00bbon|phone\u00bb admin_label=\u00bbDonate Button\u00bb _builder_version=\u00bb4.14.2&#8243; _module_preset=\u00bbdefault\u00bb custom_button=\u00bbon\u00bb button_text_size=\u00bb15px\u00bb button_text_color=\u00bb#40bb95&#8243; button_border_width=\u00bb1px\u00bb button_border_color=\u00bb#40BB95&#8243; button_font=\u00bb|700|||||||\u00bb button_use_icon=\u00bboff\u00bb custom_padding=\u00bb8px|20px|8px|20px|true|true\u00bb global_colors_info=\u00bb{}\u00bb button_bg_color__hover_enabled=\u00bbon|hover\u00bb button_bg_color__hover=\u00bbRGBA(255,255,255,0)\u00bb button_bg_enable_color__hover=\u00bbon\u00bb button_border_color__hover_enabled=\u00bbon|hover\u00bb button_border_color__hover=\u00bb#40BB95&#8243;][\/et_pb_button][\/et_pb_column][\/et_pb_row][\/et_pb_section]<\/p>\n","protected":false},"excerpt":{"rendered":"<p>A PlaceTo HealOfrecemos a las personas sin hogar que reciben el alta hospitalaria y necesitan un lugar temporal un espacio para descansar y recuperarse. A Place to Heal (Un lugar para sanar) es el primer programa en Arkansas que brinda asistencia a personas sin hogar para que puedan descansar y recuperarse de condiciones m\u00e9dicas. &nbsp; [&hellip;]<\/p>\n","protected":false},"author":1,"featured_media":0,"parent":0,"menu_order":0,"comment_status":"closed","ping_status":"closed","template":"","meta":{"_et_pb_use_builder":"on","_et_pb_old_content":"","_et_gb_content_width":"","footnotes":""},"class_list":["post-1622","page","type-page","status-publish","hentry"],"_links":{"self":[{"href":"https:\/\/newbeginningsnwa.org\/es\/wp-json\/wp\/v2\/pages\/1622","targetHints":{"allow":["GET"]}}],"collection":[{"href":"https:\/\/newbeginningsnwa.org\/es\/wp-json\/wp\/v2\/pages"}],"about":[{"href":"https:\/\/newbeginningsnwa.org\/es\/wp-json\/wp\/v2\/types\/page"}],"author":[{"embeddable":true,"href":"https:\/\/newbeginningsnwa.org\/es\/wp-json\/wp\/v2\/users\/1"}],"replies":[{"embeddable":true,"href":"https:\/\/newbeginningsnwa.org\/es\/wp-json\/wp\/v2\/comments?post=1622"}],"version-history":[{"count":0,"href":"https:\/\/newbeginningsnwa.org\/es\/wp-json\/wp\/v2\/pages\/1622\/revisions"}],"wp:attachment":[{"href":"https:\/\/newbeginningsnwa.org\/es\/wp-json\/wp\/v2\/media?parent=1622"}],"curies":[{"name":"wp","href":"https:\/\/api.w.org\/{rel}","templated":true}]}}