{"id":1625,"date":"2023-07-03T16:12:17","date_gmt":"2023-07-03T16:12:17","guid":{"rendered":"https:\/\/newbeginningsnwa.org\/supportive-housing\/"},"modified":"2024-12-23T18:38:47","modified_gmt":"2024-12-23T18:38:47","slug":"supportive-housing","status":"publish","type":"page","link":"https:\/\/newbeginningsnwa.org\/es\/supportive-housing\/","title":{"rendered":"Supportive Housing"},"content":{"rendered":"<p>[et_pb_section fb_built=\u00bb1&#8243; _builder_version=\u00bb4.14.2&#8243; _module_preset=\u00bbdefault\u00bb global_colors_info=\u00bb{}\u00bb][et_pb_row column_structure=\u00bb1_2,1_2&#8243; _builder_version=\u00bb4.14.2&#8243; _module_preset=\u00bbdefault\u00bb module_alignment=\u00bbcenter\u00bb global_colors_info=\u00bb{}\u00bb][et_pb_column type=\u00bb1_2&#8243; _builder_version=\u00bb4.14.2&#8243; _module_preset=\u00bbdefault\u00bb z_index=\u00bb10&#8243; global_colors_info=\u00bb{}\u00bb][et_pb_text admin_label=\u00bbThe Community\u00bb _builder_version=\u00bb4.14.2&#8243; _module_preset=\u00bbdefault\u00bb text_text_color=\u00bb#1e2635&#8243; text_line_height=\u00bb27px\u00bb header_font=\u00bbAlegreya||||||||\u00bb header_text_color=\u00bb#FFFFFF\u00bb header_font_size=\u00bb74px\u00bb background_color=\u00bb#40bb95&#8243; positioning=\u00bbrelative\u00bb z_index=\u00bb99999&#8243; width_tablet=\u00bb504px\u00bb width_phone=\u00bb100%\u00bb width_last_edited=\u00bbon|phone\u00bb max_width_tablet=\u00bb\u00bb max_width_phone=\u00bb100%\u00bb max_width_last_edited=\u00bbon|phone\u00bb custom_margin=\u00bb21px|||72px|false|false\u00bb custom_margin_tablet=\u00bb|||83px|false|false\u00bb custom_margin_phone=\u00bb|||0px|false|false\u00bb custom_margin_last_edited=\u00bbon|phone\u00bb custom_padding=\u00bb35px|35px|145px|35px|false|true\u00bb custom_padding_tablet=\u00bb39px|46px||55px|false|false\u00bb custom_padding_phone=\u00bb20px|46px|20px|55px|false|false\u00bb custom_padding_last_edited=\u00bbon|phone\u00bb header_font_size_tablet=\u00bb90px\u00bb header_font_size_phone=\u00bb40px\u00bb header_font_size_last_edited=\u00bbon|phone\u00bb global_colors_info=\u00bb{}\u00bb]<\/p>\n<h1><img loading=\"lazy\" decoding=\"async\" class=\"wp-image-278 alignnone \" src=\"https:\/\/newbeginningsnwa.org\/wp-content\/uploads\/2023\/07\/Personal-dignity-icon.png\" alt=\"\" width=\"113\" height=\"50\"><\/h1>\n<h1>Supportive<br \/>Housing<\/h1>\n<p>[\/et_pb_text][\/et_pb_column][et_pb_column type=\u00bb1_2&#8243; _builder_version=\u00bb4.14.2&#8243; _module_preset=\u00bbdefault\u00bb z_index=\u00bb1&#8243; global_colors_info=\u00bb{}\u00bb][et_pb_image src=\u00bbhttps:\/\/newbeginningsnwa.org\/wp-content\/uploads\/2023\/07\/Rectangle-36-3.png\u00bb title_text=\u00bbRectangle 36 (3)\u00bb align_tablet=\u00bb\u00bb align_phone=\u00bbcenter\u00bb align_last_edited=\u00bbon|phone\u00bb _builder_version=\u00bb4.14.2&#8243; _module_preset=\u00bbdefault\u00bb positioning=\u00bbrelative\u00bb z_index=\u00bb1&#8243; width_tablet=\u00bb573px\u00bb width_phone=\u00bb100%\u00bb width_last_edited=\u00bbon|phone\u00bb max_width_tablet=\u00bb\u00bb max_width_phone=\u00bb100%\u00bb max_width_last_edited=\u00bbon|phone\u00bb min_height_tablet=\u00bb521px\u00bb min_height_phone=\u00bb\u00bb min_height_last_edited=\u00bbon|phone\u00bb custom_margin=\u00bb|85px||-85px|false|false\u00bb custom_margin_tablet=\u00bb-28px|||-30px|false|false\u00bb custom_margin_phone=\u00bb0px|||0px|false|false\u00bb custom_margin_last_edited=\u00bbon|phone\u00bb module_alignment_tablet=\u00bb\u00bb module_alignment_phone=\u00bbcenter\u00bb module_alignment_last_edited=\u00bbon|phone\u00bb global_colors_info=\u00bb{}\u00bb][\/et_pb_image][\/et_pb_column][\/et_pb_row][et_pb_row custom_padding_last_edited=\u00bbon|phone\u00bb _builder_version=\u00bb4.14.2&#8243; _module_preset=\u00bbdefault\u00bb custom_margin=\u00bb30px||||false|false\u00bb custom_margin_tablet=\u00bb30px||||false|false\u00bb custom_margin_phone=\u00bb0px||||false|false\u00bb custom_margin_last_edited=\u00bbon|phone\u00bb custom_padding_tablet=\u00bb\u00bb custom_padding_phone=\u00bb0px||||false|false\u00bb global_colors_info=\u00bb{}\u00bb][et_pb_column type=\u00bb4_4&#8243; _builder_version=\u00bb4.14.2&#8243; _module_preset=\u00bbdefault\u00bb global_colors_info=\u00bb{}\u00bb][et_pb_text _builder_version=\u00bb4.14.2&#8243; _module_preset=\u00bbdefault\u00bb text_font=\u00bbRaleway||||||||\u00bb text_line_height=\u00bb27px\u00bb width=\u00bb702px\u00bb width_tablet=\u00bb702px\u00bb width_phone=\u00bbauto\u00bb width_last_edited=\u00bbon|phone\u00bb module_alignment=\u00bbcenter\u00bb custom_padding=\u00bb||1px|||\u00bb global_colors_info=\u00bb{}\u00bb]<\/p>\n<h3><span style=\"color: rgba(51, 51, 51, 0.77);\">Ofrecemos un servicio integral de vivienda asequible y apoyo continuo y personalizado para que las personas con discapacidad que se recuperan de una condici\u00f3n de falta de hogar cr\u00f3nica puedan tener su propia vivienda.<\/span><\/h3>\n<p><span style=\"color: rgba(51, 51, 51, 0.77);\"><\/span><\/p>\n<h3><\/h3>\n<h2><span style=\"color: #333333; font-family: Alegreya, Georgia, 'Times New Roman', serif; font-size: 30px;\">\u00bfD\u00f3nde viven las personas?<\/span><span style=\"font-size: 18px; font-family: Raleway, Helvetica, Arial, Lucida, sans-serif; color: #1e2635;\"> <\/span><\/h2>\n<p>El programa Supportive Housing permite a las personas que cumplen con los requisitos alojarse en viviendas a largo plazo, seg\u00fan sus preferencias. Algunas eligen alquilar una unidad en un vecindario privado de New Beginnings, mientras que otras optan por hacerlo en el mercado privado. Todos los participantes reciben una subvenci\u00f3n para el pago del alquiler. Esto implica que las personas con ingresos por discapacidad no deben destinar m\u00e1s del 30 % de su mensualidad al pago de la vivienda y pueden conservar el 70 % restante para vivir. El vecindario privado desarrollado por New Beginnings est\u00e1 dise\u00f1ado para proporcionar una vivienda de \u201csegunda oportunidad\u201d a personas que trabajan en resolver problemas relacionados con antecedentes penales o crediticios, o que no tienen historial como inquilinos debido a haber estado sin hogar durante un largo tiempo.   <\/p>\n<p>&nbsp;<\/p>\n<h2><span style=\"font-size: 30px;\">\u00bfC\u00f3mo se estabilizan y prosperan las personas?<\/span><\/h2>\n<p>A trav\u00e9s del programa Supportive Housing, New Beginnings ofrece viviendas asequibles con servicios de apoyo continuo que promueven la estabilidad y la prosperidad de la persona, tanto en su hogar como en la comunidad.<\/p>\n<p>El equipo de apoyo trabaja con cada inquilino para adaptar los servicios a sus necesidades y deseos personales. Estos servicios pueden incluir la gesti\u00f3n de casos, el apoyo entre pares para la recuperaci\u00f3n y la capacitaci\u00f3n en habilidades para la vida. Gracias a la gesti\u00f3n de casos, las personas pueden mantenerse conectadas con los servicios de atenci\u00f3n m\u00e9dica y salud mental, y pueden acceder a beneficios como los que ofrece el Programa de Asistencia Nutricional Suplementaria (SNAP, por sus siglas en ingl\u00e9s). Adem\u00e1s, el enfoque de apoyo entre pares se centra en promover la salud y la recuperaci\u00f3n cuando se trabaja con quienes enfrentan problemas de adicci\u00f3n. Por otro lado, la capacitaci\u00f3n en habilidades para la vida permite a las personas adquirir las destrezas necesarias para vivir de manera independiente. Estas sesiones pueden abordar temas como el cuidado personal, la gesti\u00f3n de la ropa, la preparaci\u00f3n de alimentos y la nutrici\u00f3n, la administraci\u00f3n del hogar, la organizaci\u00f3n del tiempo libre, el desarrollo laboral, el voluntariado, el manejo financiero y las responsabilidades asociadas con el mantenimiento de una vivienda, entre otros aspectos fundamentales.     <\/p>\n<p>&nbsp;<\/p>\n<h1><span style=\"color: #1e2635;\"><\/span><\/h1>\n<h1><span style=\"color: #333333; font-family: Alegreya, Georgia, 'Times New Roman', serif; font-size: 30px;\">Nuestro impacto<\/span><\/h1>\n<p>Los objetivos del programa Supportive Housing se cumplen cuando las personas que han estado sin vivienda durante un largo per\u00edodo logran alcanzar autonom\u00eda, estabilidad y bienestar como residentes en sus propios hogares. En el verano de 2024, brindamos apoyo a 5 personas a trav\u00e9s del programa de Supportive Housing, con una tasa de \u00e9xito del 100 %. <\/p>\n<p>[\/et_pb_text][\/et_pb_column][\/et_pb_row][\/et_pb_section][et_pb_section fb_built=\u00bb1&#8243; _builder_version=\u00bb4.14.2&#8243; _module_preset=\u00bbdefault\u00bb background_color=\u00bb#f7f6f0&#8243; global_colors_info=\u00bb{}\u00bb][et_pb_row custom_padding_last_edited=\u00bbon|phone\u00bb _builder_version=\u00bb4.14.2&#8243; _module_preset=\u00bbdefault\u00bb custom_margin_tablet=\u00bb\u00bb custom_margin_phone=\u00bb-20px||||false|false\u00bb custom_margin_last_edited=\u00bbon|phone\u00bb custom_padding_tablet=\u00bb\u00bb custom_padding_phone=\u00bb0px||||false|false\u00bb global_colors_info=\u00bb{}\u00bb][et_pb_column type=\u00bb4_4&#8243; _builder_version=\u00bb4.14.2&#8243; _module_preset=\u00bbdefault\u00bb global_colors_info=\u00bb{}\u00bb][et_pb_text admin_label=\u00bbYour support is powerful.\u00bb _builder_version=\u00bb4.14.2&#8243; _module_preset=\u00bbdefault\u00bb header_font=\u00bbAlegreya||||||||\u00bb header_text_align=\u00bbcenter\u00bb header_text_color=\u00bb#1e2635&#8243; header_font_size=\u00bb54px\u00bb custom_margin=\u00bb25px||||false|false\u00bb custom_margin_tablet=\u00bb25px||||false|false\u00bb custom_margin_phone=\u00bb25px||||false|false\u00bb custom_margin_last_edited=\u00bbon|phone\u00bb global_colors_info=\u00bb{}\u00bb]<\/p>\n<h1>Su apoyo <strong>es muy valioso.<\/strong><\/h1>\n<p>[\/et_pb_text][\/et_pb_column][\/et_pb_row][et_pb_row column_structure=\u00bb1_3,1_3,1_3&#8243; _builder_version=\u00bb4.14.2&#8243; _module_preset=\u00bbdefault\u00bb module_alignment=\u00bbcenter\u00bb custom_margin=\u00bb|||210px|false|false\u00bb custom_margin_tablet=\u00bb|||210px|false|false\u00bb custom_margin_phone=\u00bb|||auto|false|false\u00bb custom_margin_last_edited=\u00bbon|phone\u00bb global_colors_info=\u00bb{}\u00bb][et_pb_column type=\u00bb1_3&#8243; _builder_version=\u00bb4.14.2&#8243; _module_preset=\u00bbdefault\u00bb global_colors_info=\u00bb{}\u00bb][et_pb_blurb title=\u00bbM\u00e1s informaci\u00f3n\u00bb image=\u00bbhttps:\/\/newbeginningsnwa.org\/wp-content\/uploads\/2023\/07\/Learn-Icon-3-e1689696110787.png\u00bb icon_alignment=\u00bbleft\u00bb icon_alignment_tablet=\u00bbleft\u00bb icon_alignment_phone=\u00bbcenter\u00bb icon_alignment_last_edited=\u00bbon|phone\u00bb _builder_version=\u00bb4.14.2&#8243; _module_preset=\u00bbdefault\u00bb header_font=\u00bb|700|||||||\u00bb header_font_size=\u00bb24px\u00bb body_line_height=\u00bb27px\u00bb custom_margin=\u00bb-5px||||false|false\u00bb header_text_align_tablet=\u00bb\u00bb header_text_align_phone=\u00bbcenter\u00bb header_text_align_last_edited=\u00bbon|phone\u00bb text_orientation_tablet=\u00bb\u00bb text_orientation_phone=\u00bbcenter\u00bb text_orientation_last_edited=\u00bbon|phone\u00bb global_colors_info=\u00bb{}\u00bb]<\/p>\n<p>\u00bfQuiere generar un impacto significativo en nuestra comunidad? <strong>Entonces comience por entender mejor la situaci\u00f3n.<\/strong><\/p>\n<p>[\/et_pb_blurb][et_pb_button button_url=\u00bb\/es\/learn\u00bb button_text=\u00bbM\u00e1s informaci\u00f3n\u00bb button_alignment_tablet=\u00bb\u00bb button_alignment_phone=\u00bbcenter\u00bb button_alignment_last_edited=\u00bbon|phone\u00bb admin_label=\u00bbButton-A Plan for Success\u00bb _builder_version=\u00bb4.14.2&#8243; _module_preset=\u00bbdefault\u00bb custom_button=\u00bbon\u00bb button_text_size=\u00bb15px\u00bb button_text_color=\u00bb#40bb95&#8243; button_border_width=\u00bb1px\u00bb button_border_color=\u00bb#40BB95&#8243; button_font=\u00bb|700|||||||\u00bb button_use_icon=\u00bboff\u00bb custom_padding=\u00bb8px|20px|8px|20px|true|true\u00bb hover_enabled=\u00bb0&#8243; global_colors_info=\u00bb{}\u00bb button_bg_color__hover_enabled=\u00bbon|hover\u00bb button_bg_color__hover=\u00bbRGBA(255,255,255,0)\u00bb button_bg_enable_color__hover=\u00bbon\u00bb button_border_color__hover_enabled=\u00bbon|hover\u00bb button_border_color__hover=\u00bb#40BB95&#8243; sticky_enabled=\u00bb0&#8243;][\/et_pb_button][\/et_pb_column][et_pb_column type=\u00bb1_3&#8243; _builder_version=\u00bb4.14.2&#8243; _module_preset=\u00bbdefault\u00bb global_colors_info=\u00bb{}\u00bb][et_pb_blurb title=\u00bbAyudar\u00bb image=\u00bbhttps:\/\/newbeginningsnwa.org\/wp-content\/uploads\/2023\/07\/Serve-Icon-3-e1689696979724.png\u00bb icon_alignment=\u00bbleft\u00bb icon_alignment_tablet=\u00bbleft\u00bb icon_alignment_phone=\u00bbcenter\u00bb icon_alignment_last_edited=\u00bbon|phone\u00bb _builder_version=\u00bb4.14.2&#8243; _module_preset=\u00bbdefault\u00bb header_font=\u00bb|700|||||||\u00bb header_font_size=\u00bb24px\u00bb body_line_height=\u00bb27px\u00bb custom_margin=\u00bb1px||||false|false\u00bb text_orientation_tablet=\u00bb\u00bb text_orientation_phone=\u00bbcenter\u00bb text_orientation_last_edited=\u00bbon|phone\u00bb locked=\u00bboff\u00bb global_colors_info=\u00bb{}\u00bb]<\/p>\n<p>\u00bfBusca una forma de retribuir y<br \/>marcar la diferencia? <strong>\u00danase a nuestro equipo de voluntarios comprometidos.<\/strong><\/p>\n<p>[\/et_pb_blurb][et_pb_button button_url=\u00bb\/es\/volunteer\u00bb button_text=\u00bbVoluntariado\u00bb button_alignment_tablet=\u00bb\u00bb button_alignment_phone=\u00bbcenter\u00bb button_alignment_last_edited=\u00bbon|phone\u00bb admin_label=\u00bbVolunteer Button\u00bb _builder_version=\u00bb4.14.2&#8243; _module_preset=\u00bbdefault\u00bb custom_button=\u00bbon\u00bb button_text_size=\u00bb15px\u00bb button_text_color=\u00bb#40bb95&#8243; button_border_width=\u00bb1px\u00bb button_border_color=\u00bb#40BB95&#8243; button_font=\u00bb|700|||||||\u00bb button_use_icon=\u00bboff\u00bb custom_padding=\u00bb8px|20px|8px|20px|true|true\u00bb global_colors_info=\u00bb{}\u00bb button_bg_color__hover_enabled=\u00bbon|hover\u00bb button_bg_color__hover=\u00bbRGBA(255,255,255,0)\u00bb button_bg_enable_color__hover=\u00bbon\u00bb button_border_color__hover_enabled=\u00bbon|hover\u00bb button_border_color__hover=\u00bb#40BB95&#8243;][\/et_pb_button][\/et_pb_column][et_pb_column type=\u00bb1_3&#8243; _builder_version=\u00bb4.14.2&#8243; _module_preset=\u00bbdefault\u00bb global_colors_info=\u00bb{}\u00bb][et_pb_blurb title=\u00bbDonar\u00bb image=\u00bbhttps:\/\/newbeginningsnwa.org\/wp-content\/uploads\/2023\/07\/Give-Icon-2-e1689697364220.png\u00bb icon_alignment=\u00bbleft\u00bb icon_alignment_tablet=\u00bbleft\u00bb icon_alignment_phone=\u00bbcenter\u00bb icon_alignment_last_edited=\u00bbon|phone\u00bb _builder_version=\u00bb4.14.2&#8243; _module_preset=\u00bbdefault\u00bb header_font=\u00bb|700|||||||\u00bb header_font_size=\u00bb24px\u00bb body_line_height=\u00bb27px\u00bb custom_margin=\u00bb-8px||||false|false\u00bb text_orientation_tablet=\u00bb\u00bb text_orientation_phone=\u00bbcenter\u00bb text_orientation_last_edited=\u00bbon|phone\u00bb locked=\u00bboff\u00bb global_colors_info=\u00bb{}\u00bb]<\/p>\n<p>\u00bfTodo listo para ser parte de una soluci\u00f3n real<br \/>e innovadora? <strong>\u00danase como donante recurrente hoy mismo.<\/strong><\/p>\n<p>[\/et_pb_blurb][et_pb_button button_url=\u00bb\/es\/donate\u00bb button_text=\u00bbDonar\u00bb button_alignment_tablet=\u00bb\u00bb button_alignment_phone=\u00bbcenter\u00bb button_alignment_last_edited=\u00bbon|phone\u00bb admin_label=\u00bbDonate Button\u00bb _builder_version=\u00bb4.14.2&#8243; _module_preset=\u00bbdefault\u00bb custom_button=\u00bbon\u00bb button_text_size=\u00bb15px\u00bb button_text_color=\u00bb#40bb95&#8243; button_border_width=\u00bb1px\u00bb button_border_color=\u00bb#40BB95&#8243; button_font=\u00bb|700|||||||\u00bb button_use_icon=\u00bboff\u00bb custom_padding=\u00bb8px|20px|8px|20px|true|true\u00bb global_colors_info=\u00bb{}\u00bb button_bg_color__hover_enabled=\u00bbon|hover\u00bb button_bg_color__hover=\u00bbRGBA(255,255,255,0)\u00bb button_bg_enable_color__hover=\u00bbon\u00bb button_border_color__hover_enabled=\u00bbon|hover\u00bb button_border_color__hover=\u00bb#40BB95&#8243;][\/et_pb_button][\/et_pb_column][\/et_pb_row][\/et_pb_section]<\/p>\n","protected":false},"excerpt":{"rendered":"<p>SupportiveHousingOfrecemos un servicio integral de vivienda asequible y apoyo continuo y personalizado para que las personas con discapacidad que se recuperan de una condici\u00f3n de falta de hogar cr\u00f3nica puedan tener su propia vivienda. \u00bfD\u00f3nde viven las personas? El programa Supportive Housing permite a las personas que cumplen con los requisitos alojarse en viviendas a [&hellip;]<\/p>\n","protected":false},"author":1,"featured_media":0,"parent":0,"menu_order":0,"comment_status":"closed","ping_status":"closed","template":"","meta":{"_et_pb_use_builder":"on","_et_pb_old_content":"","_et_gb_content_width":"","footnotes":""},"class_list":["post-1625","page","type-page","status-publish","hentry"],"_links":{"self":[{"href":"https:\/\/newbeginningsnwa.org\/es\/wp-json\/wp\/v2\/pages\/1625","targetHints":{"allow":["GET"]}}],"collection":[{"href":"https:\/\/newbeginningsnwa.org\/es\/wp-json\/wp\/v2\/pages"}],"about":[{"href":"https:\/\/newbeginningsnwa.org\/es\/wp-json\/wp\/v2\/types\/page"}],"author":[{"embeddable":true,"href":"https:\/\/newbeginningsnwa.org\/es\/wp-json\/wp\/v2\/users\/1"}],"replies":[{"embeddable":true,"href":"https:\/\/newbeginningsnwa.org\/es\/wp-json\/wp\/v2\/comments?post=1625"}],"version-history":[{"count":0,"href":"https:\/\/newbeginningsnwa.org\/es\/wp-json\/wp\/v2\/pages\/1625\/revisions"}],"wp:attachment":[{"href":"https:\/\/newbeginningsnwa.org\/es\/wp-json\/wp\/v2\/media?parent=1625"}],"curies":[{"name":"wp","href":"https:\/\/api.w.org\/{rel}","templated":true}]}}