{"id":1649,"date":"2023-07-03T19:36:18","date_gmt":"2023-07-03T19:36:18","guid":{"rendered":"https:\/\/newbeginningsnwa.org\/participar\/"},"modified":"2024-12-16T19:01:07","modified_gmt":"2024-12-16T19:01:07","slug":"participar","status":"publish","type":"page","link":"https:\/\/newbeginningsnwa.org\/es\/participar\/","title":{"rendered":"Participar"},"content":{"rendered":"<p>[et_pb_section fb_built=\u00bb1&#8243; _builder_version=\u00bb4.14.2&#8243; _module_preset=\u00bbdefault\u00bb background_enable_color=\u00bboff\u00bb global_colors_info=\u00bb{}\u00bb][et_pb_row _builder_version=\u00bb4.14.2&#8243; _module_preset=\u00bbdefault\u00bb background_color=\u00bb#3d495f\u00bb custom_padding=\u00bb|||55px|false|false\u00bb global_colors_info=\u00bb{}\u00bb][et_pb_column type=\u00bb4_4&#8243; _builder_version=\u00bb4.14.2&#8243; _module_preset=\u00bbdefault\u00bb global_colors_info=\u00bb{}\u00bb][et_pb_text admin_label=\u00bbGet Involved\u00bb _builder_version=\u00bb4.14.2&#8243; _module_preset=\u00bbdefault\u00bb text_font=\u00bbRaleway||||||||\u00bb text_text_color=\u00bb#FFFFFF\u00bb text_line_height=\u00bb27px\u00bb header_font=\u00bbAlegreya||||||||\u00bb header_text_color=\u00bb#FFFFFF\u00bb header_font_size=\u00bb90px\u00bb header_line_height=\u00bb92px\u00bb custom_margin_tablet=\u00bb\u00bb custom_margin_phone=\u00bb|||-30px|false|false\u00bb custom_margin_last_edited=\u00bbon|phone\u00bb header_font_size_tablet=\u00bb90px\u00bb header_font_size_phone=\u00bb55px\u00bb header_font_size_last_edited=\u00bbon|phone\u00bb header_line_height_tablet=\u00bb92px\u00bb header_line_height_phone=\u00bb1.2em\u00bb header_line_height_last_edited=\u00bbon|phone\u00bb global_colors_info=\u00bb{}\u00bb]<\/p>\n<h1><strong><em>Participar<\/em><\/strong><\/h1>\n<hr width=\"58px\" height=\"6px\" color=\"#79E1C1\" align=\"left\">\n<p>&nbsp; Su apoyo es muy valioso. \u00danase a nuestra misi\u00f3n y ay\u00fadenos a ofrecer viviendas seguras para todos, incluso para quienes enfrentan barreras complejas. Su participaci\u00f3n puede marcar la diferencia.  [\/et_pb_text][\/et_pb_column][\/et_pb_row][\/et_pb_section][et_pb_section fb_built=\u00bb1&#8243; _builder_version=\u00bb4.14.2&#8243; _module_preset=\u00bbdefault\u00bb background_enable_color=\u00bboff\u00bb global_colors_info=\u00bb{}\u00bb][et_pb_row _builder_version=\u00bb4.14.2&#8243; _module_preset=\u00bbdefault\u00bb custom_margin=\u00bb-50px||-70px||false|false\u00bb global_colors_info=\u00bb{}\u00bb][et_pb_column type=\u00bb4_4&#8243; _builder_version=\u00bb4.14.2&#8243; _module_preset=\u00bbdefault\u00bb global_colors_info=\u00bb{}\u00bb][et_pb_text _builder_version=\u00bb4.14.2&#8243; _module_preset=\u00bbdefault\u00bb text_font=\u00bbRaleway||||||||\u00bb text_line_height=\u00bb27px\u00bb header_text_align=\u00bbcenter\u00bb header_font_size=\u00bb54px\u00bb header_line_height=\u00bb65px\u00bb width=\u00bb67%\u00bb width_tablet=\u00bb67%\u00bb width_phone=\u00bbauto\u00bb width_last_edited=\u00bbon|phone\u00bb module_alignment=\u00bbcenter\u00bb global_colors_info=\u00bb{}\u00bb]La comunidad de New Beginnings depende de un grupo maravilloso de voluntarios comprometidos. Ya sea que ayude a preparar y servir alimentos, acompa\u00f1e a alguien a una consulta m\u00e9dica en nuestro veh\u00edculo o impulse pol\u00edticas para abordar la crisis de vivienda asequible y la situaci\u00f3n de las personas sin hogar en nuestra comunidad, \u00a1nos encantar\u00eda que forme parte de nuestra familia!  [\/et_pb_text][\/et_pb_column][\/et_pb_row][\/et_pb_section][et_pb_section fb_built=\u00bb1&#8243; _builder_version=\u00bb4.14.2&#8243; _module_preset=\u00bbdefault\u00bb custom_margin=\u00bb||0px||false|false\u00bb custom_padding=\u00bb||0px||false|false\u00bb global_colors_info=\u00bb{}\u00bb][et_pb_row column_structure=\u00bb1_2,1_2&#8243; use_custom_gutter=\u00bbon\u00bb gutter_width=\u00bb1&#8243; _builder_version=\u00bb4.14.2&#8243; _module_preset=\u00bbdefault\u00bb width=\u00bb100%\u00bb max_width=\u00bb100%\u00bb custom_padding=\u00bb||0px||false|false\u00bb global_colors_info=\u00bb{}\u00bb][et_pb_column type=\u00bb1_2&#8243; _builder_version=\u00bb4.14.2&#8243; _module_preset=\u00bbdefault\u00bb background_color=\u00bb#f7f6f0&#8243; custom_padding=\u00bb50px||50px||true|false\u00bb global_colors_info=\u00bb{}\u00bb][et_pb_blurb title=\u00bbM\u00e1s informaci\u00f3n\u00bb image=\u00bbhttps:\/\/newbeginningsnwa.org\/wp-content\/uploads\/2023\/07\/Learn-Icon-1.png\u00bb image_icon_width=\u00bb50%\u00bb content_max_width_tablet=\u00bb\u00bb content_max_width_phone=\u00bb\u00bb content_max_width_last_edited=\u00bbon|phone\u00bb admin_label=\u00bbLearn Blurb\u00bb _builder_version=\u00bb4.14.2&#8243; _module_preset=\u00bbdefault\u00bb header_font=\u00bb|700|||||||\u00bb header_text_align=\u00bbcenter\u00bb header_font_size=\u00bb44px\u00bb header_line_height=\u00bb53px\u00bb background_enable_color=\u00bboff\u00bb text_orientation=\u00bbcenter\u00bb custom_padding_tablet=\u00bb\u00bb custom_padding_phone=\u00bb|20px||20px|false|true\u00bb custom_padding_last_edited=\u00bbon|phone\u00bb global_colors_info=\u00bb{}\u00bb]\u00bfQuiere generar un impacto significativo en nuestra comunidad? <br \/>Entonces comience por entender mejor la situaci\u00f3n.[\/et_pb_blurb][et_pb_button button_url=\u00bb\/es\/learn\u00bb button_text=\u00bbM\u00e1s Informaci\u00f3n\u00bb button_alignment=\u00bbcenter\u00bb admin_label=\u00bbButton-A Plan for Success\u00bb _builder_version=\u00bb4.14.2&#8243; _module_preset=\u00bbdefault\u00bb custom_button=\u00bbon\u00bb button_text_size=\u00bb18px\u00bb button_text_color=\u00bb#40BB95&#8243; button_bg_color=\u00bb#FFFFFF\u00bb button_border_width=\u00bb1px\u00bb button_border_color=\u00bb#40BB95&#8243; button_border_radius=\u00bb3px\u00bb button_use_icon=\u00bboff\u00bb custom_margin=\u00bb39px||||false|false\u00bb hover_enabled=\u00bb0&#8243; global_colors_info=\u00bb{}\u00bb button_border_color__hover_enabled=\u00bbon|hover\u00bb button_border_color__hover=\u00bb#40BB95&#8243; sticky_enabled=\u00bb0&#8243;][\/et_pb_button][\/et_pb_column][et_pb_column type=\u00bb1_2&#8243; _builder_version=\u00bb4.14.2&#8243; _module_preset=\u00bbdefault\u00bb background_color=\u00bb#ebfaf5&#8243; custom_padding=\u00bb50px||51px||false|false\u00bb global_colors_info=\u00bb{}\u00bb][et_pb_blurb title=\u00bbVoluntariado\u00bb image=\u00bbhttps:\/\/newbeginningsnwa.org\/wp-content\/uploads\/2023\/07\/Serve-Icon-1.png\u00bb image_icon_width=\u00bb50%\u00bb admin_label=\u00bbVolunteer Blurb\u00bb _builder_version=\u00bb4.14.2&#8243; _module_preset=\u00bbdefault\u00bb header_font=\u00bb|700|||||||\u00bb header_text_align=\u00bbcenter\u00bb header_font_size=\u00bb44px\u00bb header_line_height=\u00bb53px\u00bb background_enable_color=\u00bboff\u00bb text_orientation=\u00bbcenter\u00bb custom_padding_tablet=\u00bb\u00bb custom_padding_phone=\u00bb|20px||20px|false|true\u00bb custom_padding_last_edited=\u00bbon|phone\u00bb global_colors_info=\u00bb{}\u00bb]\u00bfBusca una forma de retribuir y marcar la diferencia?<br \/> \u00danase a nuestro equipo de voluntarios comprometidos.[\/et_pb_blurb][et_pb_button button_url=\u00bb\/es\/volunteer\u00bb button_text=\u00bbVoluntariado\u00bb button_alignment=\u00bbcenter\u00bb admin_label=\u00bbButton-Volunteer\u00bb _builder_version=\u00bb4.14.2&#8243; _module_preset=\u00bbdefault\u00bb custom_button=\u00bbon\u00bb button_text_size=\u00bb18px\u00bb button_text_color=\u00bb#40BB95&#8243; button_bg_color=\u00bb#FFFFFF\u00bb button_border_width=\u00bb1px\u00bb button_border_color=\u00bb#40BB95&#8243; button_border_radius=\u00bb3px\u00bb button_use_icon=\u00bboff\u00bb custom_margin=\u00bb39px||||false|false\u00bb locked=\u00bboff\u00bb global_colors_info=\u00bb{}\u00bb button_border_color__hover_enabled=\u00bbon|hover\u00bb button_border_color__hover=\u00bb#40BB95&#8243;][\/et_pb_button][\/et_pb_column][\/et_pb_row][et_pb_row column_structure=\u00bb1_2,1_2&#8243; use_custom_gutter=\u00bbon\u00bb gutter_width=\u00bb1&#8243; _builder_version=\u00bb4.14.2&#8243; _module_preset=\u00bbdefault\u00bb width=\u00bb100%\u00bb max_width=\u00bb100%\u00bb custom_margin=\u00bb0px||||false|false\u00bb custom_padding=\u00bb0px||0px||false|false\u00bb global_colors_info=\u00bb{}\u00bb][et_pb_column type=\u00bb1_2&#8243; _builder_version=\u00bb4.14.2&#8243; _module_preset=\u00bbdefault\u00bb background_color=\u00bb#ebfaf5&#8243; custom_padding=\u00bb50px||50px||true|false\u00bb global_colors_info=\u00bb{}\u00bb][et_pb_blurb title=\u00bbPatrocinio de la comunidad\u00bb image=\u00bbhttps:\/\/newbeginningsnwa.org\/wp-content\/uploads\/2023\/07\/Group.png\u00bb image_icon_width=\u00bb50%\u00bb admin_label=\u00bbCommunity Sponsorship Blurb\u00bb _builder_version=\u00bb4.14.2&#8243; _module_preset=\u00bbdefault\u00bb header_font=\u00bb|700|||||||\u00bb header_text_align=\u00bbcenter\u00bb header_font_size=\u00bb44px\u00bb header_line_height=\u00bb53px\u00bb background_enable_color=\u00bboff\u00bb text_orientation=\u00bbcenter\u00bb custom_padding_tablet=\u00bb\u00bb custom_padding_phone=\u00bb|23px||23px|false|true\u00bb custom_padding_last_edited=\u00bbon|phone\u00bb global_colors_info=\u00bb{}\u00bb]<\/p>\n<p>No solo representa un nuevo comienzo para las personas,<br \/>sino tambi\u00e9n para la comunidad. Comun\u00edquese para<br \/>obtener m\u00e1s informaci\u00f3n sobre c\u00f3mo asociarse con nosotros. <\/p>\n<p>[\/et_pb_blurb][et_pb_button button_url=\u00bb\/es\/contact\u00bb button_text=\u00bbComun\u00edquese con nosotros\u00bb button_alignment=\u00bbcenter\u00bb admin_label=\u00bbButton-Contact Is\u00bb _builder_version=\u00bb4.14.2&#8243; _module_preset=\u00bbdefault\u00bb custom_button=\u00bbon\u00bb button_text_size=\u00bb18px\u00bb button_text_color=\u00bb#40BB95&#8243; button_bg_color=\u00bb#FFFFFF\u00bb button_border_width=\u00bb1px\u00bb button_border_color=\u00bb#40BB95&#8243; button_border_radius=\u00bb3px\u00bb button_use_icon=\u00bboff\u00bb custom_margin=\u00bb39px||||false|false\u00bb locked=\u00bboff\u00bb global_colors_info=\u00bb{}\u00bb button_border_color__hover_enabled=\u00bbon|hover\u00bb button_border_color__hover=\u00bb#40BB95&#8243;][\/et_pb_button][\/et_pb_column][et_pb_column type=\u00bb1_2&#8243; _builder_version=\u00bb4.14.2&#8243; _module_preset=\u00bbdefault\u00bb background_color=\u00bb#f7f6f0&#8243; custom_padding=\u00bb50px||50px||true|false\u00bb global_colors_info=\u00bb{}\u00bb][et_pb_blurb title=\u00bbDonar\u00bb image=\u00bbhttps:\/\/newbeginningsnwa.org\/wp-content\/uploads\/2023\/07\/Give-Icon-1.png\u00bb image_icon_width=\u00bb50%\u00bb admin_label=\u00bbDonate Blurb\u00bb _builder_version=\u00bb4.14.2&#8243; _module_preset=\u00bbdefault\u00bb header_font=\u00bb|700|||||||\u00bb header_text_align=\u00bbcenter\u00bb header_font_size=\u00bb44px\u00bb header_line_height=\u00bb53px\u00bb background_enable_color=\u00bboff\u00bb text_orientation=\u00bbcenter\u00bb custom_padding_tablet=\u00bb\u00bb custom_padding_phone=\u00bb|25px||25px|false|true\u00bb custom_padding_last_edited=\u00bbon|phone\u00bb global_colors_info=\u00bb{}\u00bb]Todas las donaciones son 100 % deducibles de impuestos y se destinar\u00e1n a cubrir los costos operativos de New Beginnings y los programas de voluntariado dentro de la comunidad.[\/et_pb_blurb][et_pb_button button_url=\u00bb\/es\/donate\u00bb button_text=\u00bbDonar\u00bb button_alignment=\u00bbcenter\u00bb admin_label=\u00bbButton-Donate\u00bb _builder_version=\u00bb4.14.2&#8243; _module_preset=\u00bbdefault\u00bb custom_button=\u00bbon\u00bb button_text_size=\u00bb18px\u00bb button_text_color=\u00bb#FFFFFF\u00bb button_bg_color=\u00bb#40BB95&#8243; button_border_color=\u00bb#40BB95&#8243; button_border_radius=\u00bb3px\u00bb button_use_icon=\u00bboff\u00bb custom_margin=\u00bb39px||||false|false\u00bb locked=\u00bboff\u00bb global_colors_info=\u00bb{}\u00bb][\/et_pb_button][\/et_pb_column][\/et_pb_row][\/et_pb_section]<\/p>\n","protected":false},"excerpt":{"rendered":"<p>Participar &nbsp; Su apoyo es muy valioso. \u00danase a nuestra misi\u00f3n y ay\u00fadenos a ofrecer viviendas seguras para todos, incluso para quienes enfrentan barreras complejas. Su participaci\u00f3n puede marcar la diferencia. La comunidad de New Beginnings depende de un grupo maravilloso de voluntarios comprometidos. Ya sea que ayude a preparar y servir alimentos, acompa\u00f1e a [&hellip;]<\/p>\n","protected":false},"author":1,"featured_media":0,"parent":0,"menu_order":0,"comment_status":"closed","ping_status":"closed","template":"","meta":{"_et_pb_use_builder":"on","_et_pb_old_content":"","_et_gb_content_width":"","footnotes":""},"class_list":["post-1649","page","type-page","status-publish","hentry"],"_links":{"self":[{"href":"https:\/\/newbeginningsnwa.org\/es\/wp-json\/wp\/v2\/pages\/1649","targetHints":{"allow":["GET"]}}],"collection":[{"href":"https:\/\/newbeginningsnwa.org\/es\/wp-json\/wp\/v2\/pages"}],"about":[{"href":"https:\/\/newbeginningsnwa.org\/es\/wp-json\/wp\/v2\/types\/page"}],"author":[{"embeddable":true,"href":"https:\/\/newbeginningsnwa.org\/es\/wp-json\/wp\/v2\/users\/1"}],"replies":[{"embeddable":true,"href":"https:\/\/newbeginningsnwa.org\/es\/wp-json\/wp\/v2\/comments?post=1649"}],"version-history":[{"count":0,"href":"https:\/\/newbeginningsnwa.org\/es\/wp-json\/wp\/v2\/pages\/1649\/revisions"}],"wp:attachment":[{"href":"https:\/\/newbeginningsnwa.org\/es\/wp-json\/wp\/v2\/media?parent=1649"}],"curies":[{"name":"wp","href":"https:\/\/api.w.org\/{rel}","templated":true}]}}