{"id":3414,"date":"2025-10-04T00:16:21","date_gmt":"2025-10-04T00:16:21","guid":{"rendered":"https:\/\/newbeginningsnwa.org\/a-place-to-stay\/"},"modified":"2025-12-10T17:01:09","modified_gmt":"2025-12-10T17:01:09","slug":"a-place-to-stay","status":"publish","type":"page","link":"https:\/\/newbeginningsnwa.org\/es\/a-place-to-stay\/","title":{"rendered":"A Place to Stay"},"content":{"rendered":"<p>[et_pb_section fb_built=\u00bb1&#8243; admin_label=\u00bbEveryone deserves a place to stay on the journey home.\u00bb _builder_version=\u00bb4.27.4&#8243; _module_preset=\u00bbdefault\u00bb background_image=\u00bbhttps:\/\/newbeginningsnwa.org\/wp-content\/uploads\/2025\/09\/nb-sunset.png\u00bb height=\u00bb720px\u00bb collapsed=\u00bbon\u00bb global_colors_info=\u00bb{}\u00bb][et_pb_row _builder_version=\u00bb4.27.4&#8243; _module_preset=\u00bbdefault\u00bb custom_margin=\u00bb90px||||false|false\u00bb global_colors_info=\u00bb{}\u00bb][et_pb_column type=\u00bb4_4&#8243; _builder_version=\u00bb4.27.4&#8243; _module_preset=\u00bbdefault\u00bb global_colors_info=\u00bb{}\u00bb][et_pb_heading title=\u00bbTodo el mundo merece un lugar donde alojarse en el viaje de vuelta a casa.\u00bb _builder_version=\u00bb4.27.4&#8243; _module_preset=\u00bbdefault\u00bb title_text_align=\u00bbcenter\u00bb title_text_color=\u00bb#FFFFFF\u00bb title_font_size=\u00bb48px\u00bb title_line_height=\u00bb1.2em\u00bb background_color=\u00bb#F57C6C\u00bb custom_margin=\u00bb190px||||false|false\u00bb custom_margin_tablet=\u00bb130px||||false|false\u00bb custom_margin_phone=\u00bb120px||||false|false\u00bb custom_margin_last_edited=\u00bbon|phone\u00bb title_font_size_tablet=\u00bb48px\u00bb title_font_size_phone=\u00bb30px\u00bb title_font_size_last_edited=\u00bbon|phone\u00bb global_colors_info=\u00bb{}\u00bb][\/et_pb_heading][\/et_pb_column][\/et_pb_row][\/et_pb_section][et_pb_section fb_built=\u00bb1&#8243; admin_label=\u00bbA Place to Stay: a Neighborhood of Cabins\u00bb _builder_version=\u00bb4.27.4&#8243; _module_preset=\u00bbdefault\u00bb collapsed=\u00bbon\u00bb global_colors_info=\u00bb{}\u00bb][et_pb_row column_structure=\u00bb1_2,1_2&#8243; _builder_version=\u00bb4.27.4&#8243; _module_preset=\u00bbdefault\u00bb global_colors_info=\u00bb{}\u00bb][et_pb_column type=\u00bb1_2&#8243; _builder_version=\u00bb4.27.4&#8243; _module_preset=\u00bbdefault\u00bb global_colors_info=\u00bb{}\u00bb][et_pb_heading title=\u00bbUn lugar donde alojarse: Un barrio de caba\u00f1as\u00bb _builder_version=\u00bb4.27.4&#8243; _module_preset=\u00bbdefault\u00bb title_font_size=\u00bb36px\u00bb global_colors_info=\u00bb{}\u00bb][\/et_pb_heading][et_pb_text _builder_version=\u00bb4.27.4&#8243; _module_preset=\u00bbdefault\u00bb global_colors_info=\u00bb{}\u00bb]<\/p>\n<p>New Beginnings proporciona veinte caba\u00f1as en un barrio solidario donde la gente puede por fin respirar, descansar y empezar de nuevo. Cada caba\u00f1a ofrece dignidad y privacidad; nuestro personal y el consejo dirigido por los residentes proporcionan seguridad y responsabilidad. <\/p>\n<p>[\/et_pb_text][et_pb_text _builder_version=\u00bb4.27.4&#8243; _module_preset=\u00bbdefault\u00bb global_colors_info=\u00bb{}\u00bb]<\/p>\n<p>Demasiados de nuestros vecinos del noroeste de Arkansas han pasado a\u00f1os en tiendas de campa\u00f1a, edificios abandonados y espacios inseguros. Sin estabilidad, incluso las mejores intenciones se desmoronan. <\/p>\n<p>[\/et_pb_text][\/et_pb_column][et_pb_column type=\u00bb1_2&#8243; _builder_version=\u00bb4.27.4&#8243; _module_preset=\u00bbdefault\u00bb global_colors_info=\u00bb{}\u00bb][et_pb_image src=\u00bbhttps:\/\/newbeginningsnwa.org\/wp-content\/uploads\/2023\/07\/Rectangle-36-1.png\u00bb title_text=\u00bbRect\u00e1ngulo 36 (1)\u00bb _builder_version=\u00bb4.27.4&#8243; _module_preset=\u00bbdefault\u00bb border_radii=\u00bbon|10px|10px|10px|10px\u00bb global_colors_info=\u00bb{}\u00bb][\/et_pb_image][\/et_pb_column][\/et_pb_row][\/et_pb_section][et_pb_section fb_built=\u00bb1&#8243; admin_label=\u00bbStories of New Beginnings\u00bb _builder_version=\u00bb4.27.4&#8243; _module_preset=\u00bbdefault\u00bb background_color=\u00bb#F57C6C\u00bb collapsed=\u00bboff\u00bb global_colors_info=\u00bb{}\u00bb][et_pb_row _builder_version=\u00bb4.27.4&#8243; _module_preset=\u00bbdefault\u00bb global_colors_info=\u00bb{}\u00bb][et_pb_column type=\u00bb4_4&#8243; _builder_version=\u00bb4.27.4&#8243; _module_preset=\u00bbdefault\u00bb global_colors_info=\u00bb{}\u00bb][et_pb_heading title=\u00bbHistorias de nuevos comienzos\u00bb admin_label=\u00bbHeading\u00bb _builder_version=\u00bb4.27.4&#8243; _module_preset=\u00bbdefault\u00bb title_text_align=\u00bbcenter\u00bb title_text_color=\u00bb#FFFFFF\u00bb title_font_size=\u00bb36px\u00bb global_colors_info=\u00bb{}\u00bb][\/et_pb_heading][\/et_pb_column][\/et_pb_row][et_pb_row column_structure=\u00bb1_2,1_2&#8243; _builder_version=\u00bb4.27.4&#8243; _module_preset=\u00bbdefault\u00bb global_colors_info=\u00bb{}\u00bb][et_pb_column type=\u00bb1_2&#8243; _builder_version=\u00bb4.27.4&#8243; _module_preset=\u00bbdefault\u00bb global_colors_info=\u00bb{}\u00bb][et_pb_image src=\u00bbhttps:\/\/newbeginningsnwa.org\/wp-content\/uploads\/2025\/09\/3-1.png\u00bb title_text=\u00bb3&#8243; _builder_version=\u00bb4.27.4&#8243; _module_preset=\u00bbdefault\u00bb border_radii=\u00bbon|10px|10px|10px|10px\u00bb global_colors_info=\u00bb{}\u00bb][\/et_pb_image][et_pb_text _builder_version=\u00bb4.27.4&#8243; _module_preset=\u00bbdefault\u00bb text_text_color=\u00bb#FFFFFF\u00bb global_colors_info=\u00bb{}\u00bb]<\/p>\n<p><strong>Conoce a Tim y Carolyn<\/strong><\/p>\n<p><span class=\"a_GcMg font-feature-liga-off font-feature-clig-off font-feature-calt-off text-decoration-none text-strikethrough-none\">Tim y Carolyn crecieron en Bentonville y nunca imaginaron que lo perder\u00edan todo. Mientras Tim serv\u00eda en Bosnia, Carolyn tuvo un accidente de coche que la dej\u00f3 con graves lesiones en la espalda. Las facturas m\u00e9dicas y la p\u00e9rdida de ingresos se acumularon, y pronto perdieron su casa. Tras instalarse la adicci\u00f3n y perder la custodia de sus hijos, vivieron en el bosque durante a\u00f1os. Cuando llegaron a Nuevo Comienzo, no fue f\u00e1cil, pero con tiempo y apoyo, se curaron, se reunieron con sus hijos y volvieron a encontrar la estabilidad.    <\/span><\/p>\n<p>[\/et_pb_text][et_pb_image src=\u00bbhttps:\/\/newbeginningsnwa.org\/wp-content\/uploads\/2025\/09\/1-1.png\u00bb title_text=\u00bb1&#8243; _builder_version=\u00bb4.27.4&#8243; _module_preset=\u00bbdefault\u00bb border_radii=\u00bbon|10px|10px|10px|10px\u00bb global_colors_info=\u00bb{}\u00bb][\/et_pb_image][\/et_pb_column][et_pb_column type=\u00bb1_2&#8243; _builder_version=\u00bb4.27.4&#8243; _module_preset=\u00bbdefault\u00bb global_colors_info=\u00bb{}\u00bb][et_pb_text admin_label=\u00bbText\u00bb _builder_version=\u00bb4.27.4&#8243; _module_preset=\u00bbdefault\u00bb text_text_color=\u00bb#FFFFFF\u00bb global_colors_info=\u00bb{}\u00bb]<\/p>\n<p data-start=\"66\" data-end=\"571\"><strong>Conoce a Tony<\/strong><\/p>\n<p data-start=\"66\" data-end=\"571\">Tony hab\u00eda servido a su pa\u00eds y hab\u00eda hecho carrera en Tyson, pero tras un dif\u00edcil divorcio su vida se desmoron\u00f3. La depresi\u00f3n se apoder\u00f3 de \u00e9l, y al poco tiempo viv\u00eda en su coche, pasando los d\u00edas vagando por los parques sin ning\u00fan prop\u00f3sito. \u00abNo me quedaba ninguna motivaci\u00f3n\u00bb, recuerda. \u00abPens\u00e9 que tal vez acabar\u00eda as\u00ed\u00bb. Como la de tantos de nuestros vecinos, la historia de Tony muestra lo r\u00e1pido que una crisis puede convertirse en una espiral de sinhogarismo cr\u00f3nico, y lo dif\u00edcil que puede ser salir de ella sin apoyo.    <\/p>\n<p>[\/et_pb_text][et_pb_image src=\u00bbhttps:\/\/newbeginningsnwa.org\/wp-content\/uploads\/2025\/09\/tony.png\u00bb title_text=\u00bbtony\u00bb _builder_version=\u00bb4.27.4&#8243; _module_preset=\u00bbdefault\u00bb border_radii=\u00bbon|10px|10px|10px|10px\u00bb global_colors_info=\u00bb{}\u00bb][\/et_pb_image][et_pb_text _builder_version=\u00bb4.27.4&#8243; _module_preset=\u00bbdefault\u00bb text_text_color=\u00bb#FFFFFF\u00bb global_colors_info=\u00bb{}\u00bb]<\/p>\n<p><strong>Conoce a Robert<\/strong><\/p>\n<p>Robert lleg\u00f3 a Nuevos Comienzos profundamente esc\u00e9ptico. Con problemas de salud mental y poca confianza en la gente, estaba dispuesto a acampar en el bosque hasta el d\u00eda de su muerte. Su \u00fanica compa\u00f1\u00eda fiable era su perro, Wassim. Pero con el tiempo, Robert encontr\u00f3 la estabilidad en nuestro barrio: se uni\u00f3 al consejo de l\u00edderes residentes y poco a poco fue dejando entrar a los dem\u00e1s. Durante dos a\u00f1os en Nuevos Comienzos, caminamos a su lado: ayud\u00e1ndole a cubrir las comprobaciones de antecedentes y las tasas de solicitud, abogando por \u00e9l ante la autoridad de vivienda y apoy\u00e1ndole en sus citas terap\u00e9uticas. Esa persistencia dio sus frutos. Robert consigui\u00f3 un vale de la Secci\u00f3n 8 y se mud\u00f3 a su propia casa. Hoy sigue llamando cuando necesita ayuda, pero ya no est\u00e1 solo en el bosque: tiene una casa, su perro y una comunidad que cree en \u00e9l.       <\/p>\n<p>[\/et_pb_text][\/et_pb_column][\/et_pb_row][\/et_pb_section][et_pb_section fb_built=\u00bb1&#8243; admin_label=\u00bbThe New Beginnings Model\u00bb _builder_version=\u00bb4.27.4&#8243; _module_preset=\u00bbdefault\u00bb collapsed=\u00bbon\u00bb global_colors_info=\u00bb{}\u00bb][et_pb_row _builder_version=\u00bb4.27.4&#8243; _module_preset=\u00bbdefault\u00bb global_colors_info=\u00bb{}\u00bb][et_pb_column type=\u00bb4_4&#8243; _builder_version=\u00bb4.27.4&#8243; _module_preset=\u00bbdefault\u00bb global_colors_info=\u00bb{}\u00bb][et_pb_heading title=\u00bbEl modelo de los nuevos comienzos\u00bb _builder_version=\u00bb4.27.4&#8243; _module_preset=\u00bbdefault\u00bb title_text_align=\u00bbcenter\u00bb title_text_color=\u00bb#40BB95&#8243; title_font_size=\u00bb36px\u00bb global_colors_info=\u00bb{}\u00bb][\/et_pb_heading][et_pb_text _builder_version=\u00bb4.27.4&#8243; _module_preset=\u00bbdefault\u00bb global_colors_info=\u00bb{}\u00bb]<\/p>\n<article class=\"text-token-text-primary w-full focus:outline-none scroll-mt-[calc(var(--header-height)+min(200px,max(70px,20svh)))]\" dir=\"auto\" tabindex=\"-1\" data-turn-id=\"request-68daf826-d394-8321-a59a-9abff6edf7be-3\" data-testid=\"conversation-turn-50\" data-scroll-anchor=\"true\" data-turn=\"assistant\">\n<div class=\"text-base my-auto mx-auto pb-10 [--thread-content-margin:--spacing(4)] thread-sm:[--thread-content-margin:--spacing(6)] thread-lg:[--thread-content-margin:--spacing(16)] px-(--thread-content-margin)\">\n<div class=\"[--thread-content-max-width:40rem] thread-lg:[--thread-content-max-width:48rem] mx-auto max-w-(--thread-content-max-width) flex-1 group\/turn-messages focus-visible:outline-hidden relative flex w-full min-w-0 flex-col agent-turn\" tabindex=\"-1\">\n<div class=\"flex max-w-full flex-col grow\">\n<div class=\"min-h-8 text-message relative flex w-full flex-col items-end gap-2 text-start break-words whitespace-normal [.text-message+&amp;]:mt-5\" dir=\"auto\" data-message-author-role=\"assistant\" data-message-id=\"ce905a2c-2708-40ad-82dd-0b34e6d6342c\" data-message-model-slug=\"gpt-5\">\n<div class=\"flex w-full flex-col gap-1 empty:hidden first:pt-[3px]\">\n<div class=\"markdown prose dark:prose-invert w-full break-words dark markdown-new-styling\">\n<p data-start=\"80\" data-end=\"274\" data-is-last-node=\"\" data-is-only-node=\"\">Detr\u00e1s de cada historia de \u00e9xito hay un barrio. En Nuevos Comienzos, la estabilidad comienza con una vivienda segura, se fortalece mediante el apoyo y conduce a un cambio duradero a medida que los residentes reconstruyen sus vidas. <\/p>\n<\/div>\n<\/div>\n<\/div>\n<\/div>\n<\/div>\n<\/div>\n<\/article>\n<p>[\/et_pb_text][\/et_pb_column][\/et_pb_row][et_pb_row column_structure=\u00bb1_3,1_3,1_3&#8243; _builder_version=\u00bb4.27.4&#8243; _module_preset=\u00bbdefault\u00bb global_colors_info=\u00bb{}\u00bb][et_pb_column type=\u00bb1_3&#8243; _builder_version=\u00bb4.27.4&#8243; _module_preset=\u00bbdefault\u00bb global_colors_info=\u00bb{}\u00bb][et_pb_image src=\u00bbhttps:\/\/newbeginningsnwa.org\/wp-content\/uploads\/2023\/06\/Bridge-Housing-Icon.png\u00bb title_text=\u00bbIcono Vivienda Puente\u00bb align=\u00bbcenter\u00bb _builder_version=\u00bb4.27.4&#8243; _module_preset=\u00bbdefault\u00bb global_colors_info=\u00bb{}\u00bb][\/et_pb_image][et_pb_heading title=\u00bbVivienda\u00bb _builder_version=\u00bb4.27.4&#8243; _module_preset=\u00bbdefault\u00bb title_text_align=\u00bbcenter\u00bb title_text_color=\u00bb#40BB95&#8243; custom_margin_tablet=\u00bb-12px||||false|false\u00bb custom_margin_phone=\u00bb-12px||||false|false\u00bb custom_margin_last_edited=\u00bbon|tablet\u00bb global_colors_info=\u00bb{}\u00bb][\/et_pb_heading][et_pb_text _builder_version=\u00bb4.27.4&#8243; _module_preset=\u00bbdefault\u00bb custom_margin_tablet=\u00bb-12px||||false|false\u00bb custom_margin_phone=\u00bb-24px||||false|false\u00bb custom_margin_last_edited=\u00bbon|phone\u00bb global_colors_info=\u00bb{}\u00bb]<\/p>\n<p data-start=\"75\" data-end=\"230\">Cada residente empieza con la dignidad de su propia caba\u00f1a: un lugar seguro y estable que ofrece intimidad y seguridad tras a\u00f1os de incertidumbre.<\/p>\n<p>[\/et_pb_text][\/et_pb_column][et_pb_column type=\u00bb1_3&#8243; _builder_version=\u00bb4.27.4&#8243; _module_preset=\u00bbdefault\u00bb global_colors_info=\u00bb{}\u00bb][et_pb_image src=\u00bbhttps:\/\/newbeginningsnwa.org\/wp-content\/uploads\/2023\/06\/Personal-dignity-icon.png\u00bb title_text=\u00bbIcono de dignidad personal\u00bb align=\u00bbcenter\u00bb _builder_version=\u00bb4.27.4&#8243; _module_preset=\u00bbdefault\u00bb custom_margin_tablet=\u00bb12px||||false|false\u00bb custom_margin_phone=\u00bb12px||||false|false\u00bb custom_margin_last_edited=\u00bbon|phone\u00bb global_colors_info=\u00bb{}\u00bb][\/et_pb_image][et_pb_heading title=\u00bbAyuda\u00bb _builder_version=\u00bb4.27.4&#8243; _module_preset=\u00bbdefault\u00bb title_text_align=\u00bbcenter\u00bb title_text_color=\u00bb#40BB95&#8243; custom_margin_tablet=\u00bb-12px||||false|false\u00bb custom_margin_phone=\u00bb-12px||||false|false\u00bb custom_margin_last_edited=\u00bbon|tablet\u00bb global_colors_info=\u00bb{}\u00bb][\/et_pb_heading][et_pb_text _builder_version=\u00bb4.27.4&#8243; _module_preset=\u00bbdefault\u00bb custom_margin_tablet=\u00bb-12px||||false|false\u00bb custom_margin_phone=\u00bb-24px||||false|false\u00bb custom_margin_last_edited=\u00bbon|phone\u00bb global_colors_info=\u00bb{}\u00bb]<\/p>\n<p data-start=\"232\" data-end=\"403\">Los gestores de casos, los socios sanitarios y un consejo comunitario dirigido por residentes caminan junto a cada persona, proporcion\u00e1ndole orientaci\u00f3n, responsabilidad y \u00e1nimo.<\/p>\n<p>[\/et_pb_text][\/et_pb_column][et_pb_column type=\u00bb1_3&#8243; _builder_version=\u00bb4.27.4&#8243; _module_preset=\u00bbdefault\u00bb global_colors_info=\u00bb{}\u00bb][et_pb_image src=\u00bbhttps:\/\/newbeginningsnwa.org\/wp-content\/uploads\/2023\/06\/Individualized-Program-Icon.png\u00bb title_text=\u00bbIcono del Programa Individualizado\u00bb align=\u00bbcenter\u00bb _builder_version=\u00bb4.27.4&#8243; _module_preset=\u00bbdefault\u00bb custom_margin_tablet=\u00bb12px||||false|false\u00bb custom_margin_phone=\u00bb12px||||false|false\u00bb custom_margin_last_edited=\u00bbon|phone\u00bb global_colors_info=\u00bb{}\u00bb][\/et_pb_image][et_pb_heading title=\u00bbCrecimiento\u00bb _builder_version=\u00bb4.27.4&#8243; _module_preset=\u00bbdefault\u00bb title_text_align=\u00bbcenter\u00bb title_text_color=\u00bb#40BB95&#8243; custom_margin=\u00bb0px||||false|false\u00bb custom_margin_tablet=\u00bb-12px||||false|false\u00bb custom_margin_phone=\u00bb-12px||||false|false\u00bb custom_margin_last_edited=\u00bbon|tablet\u00bb global_colors_info=\u00bb{}\u00bb][\/et_pb_heading][et_pb_text _builder_version=\u00bb4.27.4&#8243; _module_preset=\u00bbdefault\u00bb custom_margin_tablet=\u00bb-12px||||false|false\u00bb custom_margin_phone=\u00bb-24px||||false|false\u00bb custom_margin_last_edited=\u00bbon|phone\u00bb global_colors_info=\u00bb{}\u00bb]<\/p>\n<p data-start=\"405\" data-end=\"578\">Con estabilidad y apoyo, los residentes pueden centrarse en reconstruir sus ingresos, sus habilidades vitales y la confianza necesaria para trasladarse a una vivienda permanente.<\/p>\n<p>[\/et_pb_text][\/et_pb_column][\/et_pb_row][\/et_pb_section][et_pb_section fb_built=\u00bb1&#8243; admin_label=\u00bbThe Gardens at New Beginnings\u00bb _builder_version=\u00bb4.27.4&#8243; _module_preset=\u00bbdefault\u00bb background_color=\u00bb#40BB95&#8243; collapsed=\u00bbon\u00bb global_colors_info=\u00bb{}\u00bb][et_pb_row _builder_version=\u00bb4.27.4&#8243; _module_preset=\u00bbdefault\u00bb global_colors_info=\u00bb{}\u00bb][et_pb_column type=\u00bb4_4&#8243; _builder_version=\u00bb4.27.4&#8243; _module_preset=\u00bbdefault\u00bb global_colors_info=\u00bb{}\u00bb][et_pb_heading title=\u00bbLos jardines de New Beginnings\u00bb _builder_version=\u00bb4.27.4&#8243; _module_preset=\u00bbdefault\u00bb title_text_align=\u00bbcenter\u00bb title_text_color=\u00bb#FFFFFF\u00bb title_font_size=\u00bb36px\u00bb global_colors_info=\u00bb{}\u00bb][\/et_pb_heading][\/et_pb_column][\/et_pb_row][et_pb_row column_structure=\u00bb1_2,1_2&#8243; _builder_version=\u00bb4.27.4&#8243; _module_preset=\u00bbdefault\u00bb global_colors_info=\u00bb{}\u00bb][et_pb_column type=\u00bb1_2&#8243; _builder_version=\u00bb4.27.4&#8243; _module_preset=\u00bbdefault\u00bb global_colors_info=\u00bb{}\u00bb][et_pb_slider show_arrows=\u00bboff\u00bb show_image_video_mobile=\u00bbon\u00bb arrows_custom_color=\u00bb#000000&#8243; dot_nav_custom_color=\u00bb#40BB95&#8243; _builder_version=\u00bb4.27.4&#8243; _module_preset=\u00bbdefault\u00bb background_color=\u00bb#FFFFFF\u00bb module_alignment=\u00bbcenter\u00bb height_tablet=\u00bb250px\u00bb height_phone=\u00bb360px\u00bb height_last_edited=\u00bbon|phone\u00bb module_alignment_tablet=\u00bbcenter\u00bb module_alignment_phone=\u00bbcenter\u00bb module_alignment_last_edited=\u00bbon|tablet\u00bb border_radii=\u00bbon|10px|10px|10px|10px\u00bb global_colors_info=\u00bb{}\u00bb][et_pb_slide image=\u00bbhttps:\/\/newbeginningsnwa.org\/wp-content\/uploads\/2025\/09\/1.png\u00bb _builder_version=\u00bb4.27.4&#8243; _module_preset=\u00bbdefault\u00bb border_radii_image=\u00bbon|10px|10px|10px|10px\u00bb global_colors_info=\u00bb{}\u00bb sticky_transition=\u00bbon\u00bb][\/et_pb_slide][et_pb_slide image=\u00bbhttps:\/\/newbeginningsnwa.org\/wp-content\/uploads\/2025\/09\/2.png\u00bb _builder_version=\u00bb4.27.4&#8243; _module_preset=\u00bbdefault\u00bb custom_padding=\u00bb||0px||false|false\u00bb border_radii_image=\u00bbon|10px|10px|10px|10px\u00bb global_colors_info=\u00bb{}\u00bb sticky_transition=\u00bbon\u00bb][\/et_pb_slide][et_pb_slide image=\u00bbhttps:\/\/newbeginningsnwa.org\/wp-content\/uploads\/2025\/09\/8.png\u00bb _builder_version=\u00bb4.27.4&#8243; _module_preset=\u00bbdefault\u00bb border_radii_image=\u00bbon|10px|10px|10px|10px\u00bb global_colors_info=\u00bb{}\u00bb sticky_transition=\u00bbon\u00bb][\/et_pb_slide][et_pb_slide image=\u00bbhttps:\/\/newbeginningsnwa.org\/wp-content\/uploads\/2025\/09\/4.png\u00bb _builder_version=\u00bb4.27.4&#8243; _module_preset=\u00bbdefault\u00bb border_radii_image=\u00bbon|10px|10px|10px|10px\u00bb global_colors_info=\u00bb{}\u00bb sticky_transition=\u00bbon\u00bb][\/et_pb_slide][et_pb_slide image=\u00bbhttps:\/\/newbeginningsnwa.org\/wp-content\/uploads\/2025\/09\/3.png\u00bb _builder_version=\u00bb4.27.4&#8243; _module_preset=\u00bbdefault\u00bb border_radii_image=\u00bbon|10px|10px|10px|10px\u00bb global_colors_info=\u00bb{}\u00bb sticky_transition=\u00bbon\u00bb][\/et_pb_slide][et_pb_slide image=\u00bbhttps:\/\/newbeginningsnwa.org\/wp-content\/uploads\/2025\/09\/6.png\u00bb _builder_version=\u00bb4.27.4&#8243; _module_preset=\u00bbdefault\u00bb border_radii_image=\u00bbon|10px|10px|10px|10px\u00bb global_colors_info=\u00bb{}\u00bb sticky_transition=\u00bbon\u00bb][\/et_pb_slide][et_pb_slide image=\u00bbhttps:\/\/newbeginningsnwa.org\/wp-content\/uploads\/2025\/09\/5.png\u00bb _builder_version=\u00bb4.27.4&#8243; _module_preset=\u00bbdefault\u00bb border_radii_image=\u00bbon|10px|10px|10px|10px\u00bb global_colors_info=\u00bb{}\u00bb sticky_transition=\u00bbon\u00bb][\/et_pb_slide][\/et_pb_slider][\/et_pb_column][et_pb_column type=\u00bb1_2&#8243; _builder_version=\u00bb4.27.4&#8243; _module_preset=\u00bbdefault\u00bb global_colors_info=\u00bb{}\u00bb][et_pb_text _builder_version=\u00bb4.27.4&#8243; _module_preset=\u00bbdefault\u00bb text_text_color=\u00bb#FFFFFF\u00bb global_colors_info=\u00bb{}\u00bb]<\/p>\n<p><strong>Jardines Stepping Stones<\/strong><\/p>\n<p>En el coraz\u00f3n de Un lugar donde quedarse, los residentes cultivan algo m\u00e1s que verduras: cultivan la dignidad y la autosuficiencia. En nuestros 14 bancales elevados, los vecinos aprenden el ciclo completo de la siembra, el cuidado y la cosecha a trav\u00e9s de la educaci\u00f3n semanal sobre el huerto. Los productos y las flores que cultivan nutren las comidas de la cocina comunitaria y abastecen nuestro carro de mercado semanal. Por el camino, los residentes adquieren habilidades pr\u00e1cticas, experiencia profesional y la profunda lecci\u00f3n de que el crecimiento es posible, en la tierra y en la vida.   <\/p>\n<p>[\/et_pb_text][et_pb_text _builder_version=\u00bb4.27.4&#8243; _module_preset=\u00bbdefault\u00bb text_text_color=\u00bb#FFFFFF\u00bb global_colors_info=\u00bb{}\u00bb]<\/p>\n<p data-start=\"636\" data-end=\"1060\"><strong>Los jardines curativos<\/strong><\/p>\n<p data-start=\"636\" data-end=\"1060\">A pocos pasos de las caba\u00f1as, los Jardines Curativos ofrecen un espacio para hacer una pausa y respirar. Rodeados de plantas aut\u00f3ctonas, los sonidos del agua y el canto de los p\u00e1jaros, y las texturas y colores de la tierra, los residentes pueden descansar, reflexionar y restaurarse. Este entorno rico en sentidos reduce el estr\u00e9s, fomenta la calma y favorece la curaci\u00f3n f\u00edsica y emocional: un compa\u00f1ero esencial en el viaje de la crisis a la estabilidad.  <\/p>\n<p>[\/et_pb_text][\/et_pb_column][\/et_pb_row][\/et_pb_section][et_pb_section fb_built=\u00bb1&#8243; admin_label=\u00bbA Proven Way to End Chronic Homelessness\u00bb _builder_version=\u00bb4.27.4&#8243; _module_preset=\u00bbdefault\u00bb background_color=\u00bb#324055&#8243; collapsed=\u00bbon\u00bb global_colors_info=\u00bb{}\u00bb][et_pb_row _builder_version=\u00bb4.27.4&#8243; _module_preset=\u00bbdefault\u00bb global_colors_info=\u00bb{}\u00bb][et_pb_column type=\u00bb4_4&#8243; _builder_version=\u00bb4.27.4&#8243; _module_preset=\u00bbdefault\u00bb global_colors_info=\u00bb{}\u00bb][et_pb_heading title=\u00bbUna forma probada de acabar con los sin techo cr\u00f3nicos\u00bb _builder_version=\u00bb4.27.4&#8243; _module_preset=\u00bbdefault\u00bb title_text_align=\u00bbcenter\u00bb title_text_color=\u00bb#FFFFFF\u00bb title_font_size=\u00bb36px\u00bb global_colors_info=\u00bb{}\u00bb][\/et_pb_heading][et_pb_text _builder_version=\u00bb4.27.4&#8243; _module_preset=\u00bbdefault\u00bb text_text_color=\u00bb#FFFFFF\u00bb global_colors_info=\u00bb{}\u00bb]<\/p>\n<p style=\"text-align: center;\">Un n\u00famero creciente de pueblos y ciudades de EE.UU. han encontrado una soluci\u00f3n pr\u00e1ctica al problema de los sin techo mediante la construcci\u00f3n<br \/>de comunidades de microalbergues. Hoy en d\u00eda, estas soluciones son iniciativas de probada eficacia para proporcionar una vivienda<br \/>primera soluci\u00f3n que permita la transici\u00f3n de las personas a soluciones de vivienda permanentes y estables. <\/p>\n<p>[\/et_pb_text][et_pb_image src=\u00bbhttps:\/\/newbeginningsnwa.org\/wp-content\/uploads\/2023\/07\/Group-123.png\u00bb title_text=\u00bbGrupo 123&#8243; _builder_version=\u00bb4.27.4&#8243; _module_preset=\u00bbdefault\u00bb global_colors_info=\u00bb{}\u00bb][\/et_pb_image][\/et_pb_column][\/et_pb_row][\/et_pb_section]<\/p>\n","protected":false},"excerpt":{"rendered":"<p>New Beginnings proporciona veinte caba\u00f1as en un barrio solidario donde la gente puede por fin respirar, descansar y empezar de nuevo. Cada caba\u00f1a ofrece dignidad y privacidad; nuestro personal y el consejo dirigido por los residentes proporcionan seguridad y responsabilidad. Demasiados de nuestros vecinos del noroeste de Arkansas han pasado a\u00f1os en tiendas de campa\u00f1a, [&hellip;]<\/p>\n","protected":false},"author":12,"featured_media":0,"parent":0,"menu_order":0,"comment_status":"closed","ping_status":"closed","template":"","meta":{"_et_pb_use_builder":"on","_et_pb_old_content":"","_et_gb_content_width":"","footnotes":""},"class_list":["post-3414","page","type-page","status-publish","hentry"],"_links":{"self":[{"href":"https:\/\/newbeginningsnwa.org\/es\/wp-json\/wp\/v2\/pages\/3414","targetHints":{"allow":["GET"]}}],"collection":[{"href":"https:\/\/newbeginningsnwa.org\/es\/wp-json\/wp\/v2\/pages"}],"about":[{"href":"https:\/\/newbeginningsnwa.org\/es\/wp-json\/wp\/v2\/types\/page"}],"author":[{"embeddable":true,"href":"https:\/\/newbeginningsnwa.org\/es\/wp-json\/wp\/v2\/users\/12"}],"replies":[{"embeddable":true,"href":"https:\/\/newbeginningsnwa.org\/es\/wp-json\/wp\/v2\/comments?post=3414"}],"version-history":[{"count":0,"href":"https:\/\/newbeginningsnwa.org\/es\/wp-json\/wp\/v2\/pages\/3414\/revisions"}],"wp:attachment":[{"href":"https:\/\/newbeginningsnwa.org\/es\/wp-json\/wp\/v2\/media?parent=3414"}],"curies":[{"name":"wp","href":"https:\/\/api.w.org\/{rel}","templated":true}]}}