{"id":1722,"date":"2023-07-06T18:58:34","date_gmt":"2023-07-06T18:58:34","guid":{"rendered":"https:\/\/newbeginningsnwa.org\/ekatak\/"},"modified":"2024-12-17T16:57:29","modified_gmt":"2024-12-17T16:57:29","slug":"ekatak","status":"publish","type":"page","link":"https:\/\/newbeginningsnwa.org\/mh\/ekatak\/","title":{"rendered":"Ekatak"},"content":{"rendered":"<p>[et_pb_section fb_built=&#8221;1&#8243; _builder_version=&#8221;4.14.2&#8243; _module_preset=&#8221;default&#8221; global_colors_info=&#8221;{}&#8221;][et_pb_row column_structure=&#8221;1_2,1_2&#8243; _builder_version=&#8221;4.14.2&#8243; _module_preset=&#8221;default&#8221; module_alignment=&#8221;center&#8221; global_colors_info=&#8221;{}&#8221;][et_pb_column type=&#8221;1_2&#8243; _builder_version=&#8221;4.14.2&#8243; _module_preset=&#8221;default&#8221; z_index=&#8221;10&#8243; global_colors_info=&#8221;{}&#8221;][et_pb_text admin_label=&#8221;The Community&#8221; _builder_version=&#8221;4.14.2&#8243; _module_preset=&#8221;default&#8221; text_text_color=&#8221;#1e2635&#8243; text_line_height=&#8221;27px&#8221; header_font=&#8221;Alegreya||||||||&#8221; header_text_color=&#8221;#FFFFFF&#8221; header_font_size=&#8221;71px&#8221; background_color=&#8221;#40bb95&#8243; positioning=&#8221;relative&#8221; z_index=&#8221;99999&#8243; width_tablet=&#8221;504px&#8221; width_phone=&#8221;100%&#8221; width_last_edited=&#8221;on|phone&#8221; max_width_tablet=&#8221;&#8221; max_width_phone=&#8221;100%&#8221; max_width_last_edited=&#8221;on|phone&#8221; custom_margin=&#8221;21px|||72px|false|false&#8221; custom_margin_tablet=&#8221;|||83px|false|false&#8221; custom_margin_phone=&#8221;|||0px|false|false&#8221; custom_margin_last_edited=&#8221;on|phone&#8221; custom_padding=&#8221;35px|35px|145px|35px|false|true&#8221; custom_padding_tablet=&#8221;39px|46px||55px|false|false&#8221; custom_padding_phone=&#8221;20px|46px|20px|55px|false|false&#8221; custom_padding_last_edited=&#8221;on|phone&#8221; hover_enabled=&#8221;0&#8243; header_font_size_tablet=&#8221;90px&#8221; header_font_size_phone=&#8221;70px&#8221; header_font_size_last_edited=&#8221;on|phone&#8221; global_colors_info=&#8221;{}&#8221; sticky_enabled=&#8221;0&#8243;]<\/p>\n<h1><img loading=\"lazy\" decoding=\"async\" class=\"wp-image-278 alignnone \" src=\"https:\/\/newbeginningsnwa.org\/wp-content\/uploads\/2023\/07\/Learn-Icon-2.png\" alt=\"\" width=\"50\" height=\"50\"><\/h1>\n<h1>Ekatak<br \/>Elaplok<\/h1>\n<p>[\/et_pb_text][\/et_pb_column][et_pb_column type=&#8221;1_2&#8243; _builder_version=&#8221;4.14.2&#8243; _module_preset=&#8221;default&#8221; z_index=&#8221;1&#8243; global_colors_info=&#8221;{}&#8221;][et_pb_image src=&#8221;https:\/\/newbeginningsnwa.org\/wp-content\/uploads\/2023\/07\/homeless_image.png&#8221; title_text=&#8221;homeless_image&#8221; align_tablet=&#8221;&#8221; align_phone=&#8221;center&#8221; align_last_edited=&#8221;on|phone&#8221; _builder_version=&#8221;4.14.2&#8243; _module_preset=&#8221;default&#8221; positioning=&#8221;relative&#8221; z_index=&#8221;1&#8243; width_tablet=&#8221;573px&#8221; width_phone=&#8221;100%&#8221; width_last_edited=&#8221;on|phone&#8221; max_width_tablet=&#8221;&#8221; max_width_phone=&#8221;100%&#8221; max_width_last_edited=&#8221;on|phone&#8221; min_height_tablet=&#8221;521px&#8221; min_height_phone=&#8221;&#8221; min_height_last_edited=&#8221;on|phone&#8221; custom_margin=&#8221;|85px||-85px|false|false&#8221; custom_margin_tablet=&#8221;-28px|||-30px|false|false&#8221; custom_margin_phone=&#8221;0px|||0px|false|false&#8221; custom_margin_last_edited=&#8221;on|phone&#8221; module_alignment_tablet=&#8221;&#8221; module_alignment_phone=&#8221;center&#8221; module_alignment_last_edited=&#8221;on|phone&#8221; global_colors_info=&#8221;{}&#8221;][\/et_pb_image][\/et_pb_column][\/et_pb_row][et_pb_row _builder_version=&#8221;4.14.2&#8243; _module_preset=&#8221;default&#8221; global_colors_info=&#8221;{}&#8221;][et_pb_column type=&#8221;4_4&#8243; _builder_version=&#8221;4.14.2&#8243; _module_preset=&#8221;default&#8221; global_colors_info=&#8221;{}&#8221;][et_pb_text admin_label=&#8221;Chronic Homelessness 101&#8243; _builder_version=&#8221;4.14.2&#8243; _module_preset=&#8221;default&#8221; header_font=&#8221;Alegreya||||||||&#8221; header_text_align=&#8221;center&#8221; header_font_size=&#8221;54px&#8221; header_line_height=&#8221;65px&#8221; text_orientation=&#8221;center&#8221; width=&#8221;82%&#8221; module_alignment=&#8221;center&#8221; custom_margin=&#8221;50px||||false|false&#8221; header_font_size_tablet=&#8221;54px&#8221; header_font_size_phone=&#8221;43px&#8221; header_font_size_last_edited=&#8221;on|phone&#8221; header_line_height_tablet=&#8221;65px&#8221; header_line_height_phone=&#8221;1.2em&#8221; header_line_height_last_edited=&#8221;on|phone&#8221; global_colors_info=&#8221;{}&#8221;]<\/p>\n<h1>An Lap an Ejelok Jikin Jokwe 101<\/h1>\n<p> Ibwiljin ro ejelok aer jikin jokwe ilo Northwest Arkansas, eitin jilu mottan elukkun lap an ejelok aer jikin jokwe. Naan in ej jerbal \u00f1an armej ro em\u014dj aer ion an ejelok aer jikin jokwe iumin juon yii\u014d diktata, ak elo\u00f1 alen ko, ak ew\u014dr aer na\u00f1inmej in juon kain, \u0101inwot ilo kalmenlakjen, k\u014djerbale uno ko rekajur, ak na\u00f1inmej ilo enbwin.<\/p>\n<p>Elo\u00f1 ian armej ro ejelok aer jikin jokwe rejjab jokwe ilo em ak rej kaam ilo bulon mar ko ak kiki ilo paak ak ilo jikin ko rej\u014drr\u0101\u0101n ak ejelok armej ie. Armej ro rej p\u0101d ilo jekjek rot in ekk\u0101 an aba\u00f1 aer p\u0101d ilo jukjukin p\u0101d ko ew\u014dr \u201cem\u201d kio. Innem, jikin ko rej lolorjake mwon jokwe im jerbal in ejmour ekk\u0101 an aba\u00f1 aer leke armej ro elukkun ejelok aer jikin jokwe ak tobar w\u014dt er aolep ien \u00f1an lale waween aer mour ijoko naboj.<\/p>\n<p>New Beginnings ej konan tobar aikuj in ilo an karuwainene armej \u00f1an \u201caer itok \u0101inwot er m\u0101ke\u201d ilo an ejelok jekjek ko \u00f1an delo\u00f1, lelok jiba\u00f1 kin elaplok ittino im k\u014djbarok, im lelok juon kumi eo elaplok aer jiba\u00f1 im an w\u014dr juon rijerbal ijo 24\/7. Jekjek in ej kotlak an armej ro rej e\u00f1taan im ejelok aer jikin jokwe buk\u014dt juon waween k\u014djbarok im kajur ilo aer koneek ipp\u0101n jerbal in ejmour im jiba\u00f1 ko rej aikuj, innem, jikin jokwe ilo ien aitok.<\/p>\n<p>Men eo eman, ew\u014dr uak \u00f1an kajemlok jekjek in ilo an ejelok jikin jokwe nae etan Permanent Supportive Housing. Jekjek in ekoba jikin jokwe eo eman wonaan ippen lale kein im jerbal in jiba\u00f1. Katak ko rej kwalok ke armej ro ejelok aer jikin jokwe im rej emak\u016bt \u00f1an mwon jokwe ko ew\u014dr 75%-90% ilo jo\u00f1an wanmaanlok im elaplok waween kant\u016brol er-m\u0101ke ilo mour ko aer.<\/p>\n<p>New Beginnings ej kwalok kin rit\u014dl ro an kiapt\u014dl, \u0101ne, im ijo jikid \u00f1an lelok \u00f1an jiba\u00f1 ikijen jikin jokwe \u0101inwot uak eo \u00f1an an ejelok jikin jokwe. Kalaplok bellok ko ikijen jikin jokwe ej kotlak an armej mokaj aer emak\u016bt \u00f1an lowaan mwon jokwe ko remaro\u00f1 wanmaanlok ie im lelok \u00f1an juon jukjukin p\u0101d eo aolep remaro\u00f1 p\u0101d ie.            (Ipp\u0101n kamolol \u00f1an National Alliance to End Homelessness kin melelein naan kein)[\/et_pb_text][et_pb_image src=&#8221;https:\/\/newbeginningsnwa.org\/wp-content\/uploads\/2024\/12\/Homeless-to-Housing-System-Map_MS.gif&#8221; title_text=&#8221;Homeless to Housing System Map&#8221; _builder_version=&#8221;4.14.2&#8243; _module_preset=&#8221;default&#8221; width=&#8221;85%&#8221; module_alignment=&#8221;center&#8221; global_colors_info=&#8221;{}&#8221;][\/et_pb_image][\/et_pb_column][\/et_pb_row][\/et_pb_section]<\/p>\n","protected":false},"excerpt":{"rendered":"<p>EkatakElaplokAn Lap an Ejelok Jikin Jokwe 101 Ibwiljin ro ejelok aer jikin jokwe ilo Northwest Arkansas, eitin jilu mottan elukkun lap an ejelok aer jikin jokwe. Naan in ej jerbal \u00f1an armej ro em\u014dj aer ion an ejelok aer jikin jokwe iumin juon yii\u014d diktata, ak elo\u00f1 alen ko, ak ew\u014dr aer na\u00f1inmej in juon [&hellip;]<\/p>\n","protected":false},"author":2,"featured_media":0,"parent":0,"menu_order":0,"comment_status":"closed","ping_status":"closed","template":"","meta":{"_et_pb_use_builder":"on","_et_pb_old_content":"","_et_gb_content_width":"","footnotes":""},"class_list":["post-1722","page","type-page","status-publish","hentry"],"_links":{"self":[{"href":"https:\/\/newbeginningsnwa.org\/mh\/wp-json\/wp\/v2\/pages\/1722","targetHints":{"allow":["GET"]}}],"collection":[{"href":"https:\/\/newbeginningsnwa.org\/mh\/wp-json\/wp\/v2\/pages"}],"about":[{"href":"https:\/\/newbeginningsnwa.org\/mh\/wp-json\/wp\/v2\/types\/page"}],"author":[{"embeddable":true,"href":"https:\/\/newbeginningsnwa.org\/mh\/wp-json\/wp\/v2\/users\/2"}],"replies":[{"embeddable":true,"href":"https:\/\/newbeginningsnwa.org\/mh\/wp-json\/wp\/v2\/comments?post=1722"}],"version-history":[{"count":0,"href":"https:\/\/newbeginningsnwa.org\/mh\/wp-json\/wp\/v2\/pages\/1722\/revisions"}],"wp:attachment":[{"href":"https:\/\/newbeginningsnwa.org\/mh\/wp-json\/wp\/v2\/media?parent=1722"}],"curies":[{"name":"wp","href":"https:\/\/api.w.org\/{rel}","templated":true}]}}