{"id":1724,"date":"2023-07-10T14:44:32","date_gmt":"2023-07-10T14:44:32","guid":{"rendered":"https:\/\/newbeginningsnwa.org\/jiban\/"},"modified":"2024-12-26T19:00:48","modified_gmt":"2024-12-26T19:00:48","slug":"jiban","status":"publish","type":"page","link":"https:\/\/newbeginningsnwa.org\/mh\/jiban\/","title":{"rendered":"Jiba\u00f1"},"content":{"rendered":"<p>[et_pb_section fb_built=&#8221;1&#8243; _builder_version=&#8221;4.14.2&#8243; _module_preset=&#8221;default&#8221; custom_margin=&#8221;||0px||false|false&#8221; custom_padding=&#8221;||0px||false|false&#8221; global_colors_info=&#8221;{}&#8221;][et_pb_row column_structure=&#8221;1_2,1_2&#8243; _builder_version=&#8221;4.14.2&#8243; _module_preset=&#8221;default&#8221; module_alignment=&#8221;center&#8221; global_colors_info=&#8221;{}&#8221;][et_pb_column type=&#8221;1_2&#8243; _builder_version=&#8221;4.14.2&#8243; _module_preset=&#8221;default&#8221; z_index=&#8221;10&#8243; global_colors_info=&#8221;{}&#8221;][et_pb_text admin_label=&#8221;Volunteer&#8221; _builder_version=&#8221;4.14.2&#8243; _module_preset=&#8221;default&#8221; text_text_color=&#8221;#1e2635&#8243; text_line_height=&#8221;27px&#8221; header_font=&#8221;Alegreya||||||||&#8221; header_text_color=&#8221;#FFFFFF&#8221; header_font_size=&#8221;68px&#8221; background_color=&#8221;#40bb95&#8243; positioning=&#8221;relative&#8221; z_index=&#8221;99999&#8243; width_tablet=&#8221;504px&#8221; width_phone=&#8221;100%&#8221; width_last_edited=&#8221;on|phone&#8221; max_width_tablet=&#8221;&#8221; max_width_phone=&#8221;100%&#8221; max_width_last_edited=&#8221;on|phone&#8221; custom_margin=&#8221;21px|||72px|false|false&#8221; custom_margin_tablet=&#8221;|||83px|false|false&#8221; custom_margin_phone=&#8221;|||0px|false|false&#8221; custom_margin_last_edited=&#8221;on|phone&#8221; custom_padding=&#8221;55px|35px|200px|35px|false|true&#8221; custom_padding_tablet=&#8221;39px|46px||55px|false|false&#8221; custom_padding_phone=&#8221;20px|46px|20px|55px|false|false&#8221; custom_padding_last_edited=&#8221;on|phone&#8221; hover_enabled=&#8221;0&#8243; header_font_size_tablet=&#8221;90px&#8221; header_font_size_phone=&#8221;52px&#8221; header_font_size_last_edited=&#8221;on|phone&#8221; global_colors_info=&#8221;{}&#8221; sticky_enabled=&#8221;0&#8243;]<\/p>\n<h1><img loading=\"lazy\" decoding=\"async\" class=\"wp-image-278 alignnone \" src=\"https:\/\/newbeginningsnwa.org\/wp-content\/uploads\/2023\/07\/Serve-Icon-2.png\" alt=\"\" width=\"50\" height=\"50\"><\/h1>\n<h1>Jiba\u00f1<\/h1>\n<p>[\/et_pb_text][\/et_pb_column][et_pb_column type=&#8221;1_2&#8243; _builder_version=&#8221;4.14.2&#8243; _module_preset=&#8221;default&#8221; z_index=&#8221;1&#8243; global_colors_info=&#8221;{}&#8221;][et_pb_image src=&#8221;https:\/\/newbeginningsnwa.org\/wp-content\/uploads\/2023\/07\/volunteer_image.png&#8221; title_text=&#8221;volunteer_image&#8221; align_tablet=&#8221;&#8221; align_phone=&#8221;center&#8221; align_last_edited=&#8221;on|phone&#8221; _builder_version=&#8221;4.14.2&#8243; _module_preset=&#8221;default&#8221; positioning=&#8221;relative&#8221; z_index=&#8221;1&#8243; width_tablet=&#8221;573px&#8221; width_phone=&#8221;100%&#8221; width_last_edited=&#8221;on|phone&#8221; max_width_tablet=&#8221;&#8221; max_width_phone=&#8221;100%&#8221; max_width_last_edited=&#8221;on|phone&#8221; min_height_tablet=&#8221;521px&#8221; min_height_phone=&#8221;&#8221; min_height_last_edited=&#8221;on|phone&#8221; custom_margin=&#8221;|85px||-85px|false|false&#8221; custom_margin_tablet=&#8221;-28px|||-30px|false|false&#8221; custom_margin_phone=&#8221;0px|||0px|false|false&#8221; custom_margin_last_edited=&#8221;on|phone&#8221; module_alignment_tablet=&#8221;&#8221; module_alignment_phone=&#8221;center&#8221; module_alignment_last_edited=&#8221;on|phone&#8221; global_colors_info=&#8221;{}&#8221;][\/et_pb_image][\/et_pb_column][\/et_pb_row][et_pb_row _builder_version=&#8221;4.14.2&#8243; _module_preset=&#8221;default&#8221; global_colors_info=&#8221;{}&#8221;][et_pb_column type=&#8221;4_4&#8243; _builder_version=&#8221;4.14.2&#8243; _module_preset=&#8221;default&#8221; global_colors_info=&#8221;{}&#8221;][et_pb_text admin_label=&#8221;We are so thankful for our volunteers!&#8221; _builder_version=&#8221;4.14.2&#8243; _module_preset=&#8221;default&#8221; text_font=&#8221;Raleway||||||||&#8221; text_line_height=&#8221;27px&#8221; width=&#8221;78%&#8221; module_alignment=&#8221;center&#8221; custom_margin=&#8221;30px||||false|false&#8221; global_colors_info=&#8221;{}&#8221;]<\/p>\n<p><strong>Elap ad kamolol ko rijiba\u00f1 ro ad!<\/strong><\/p>\n<p>Jiba\u00f1 kwalok meanwod im iakwe \u00f1an ro belaakin Northwest Arkansas ilo juon ian b\u016brokraa\u1e43 in jiba\u00f1 ko ad. Ien jiba\u00f1 ko ilo k\u014dtt\u014dpar ko an jukjukin p\u0101d ekoba Laundry Love Fayetteville im Art in the Park. <\/p>\n<p>Ej ke itok limoim ilo New Beginning kamb\u014d\u014dj? Tobar tok kumi in jerbal eo ad \u00f1an elaplok melele. <\/p>\n<p>[\/et_pb_text][et_pb_button button_url=&#8221;\/mh\/volunteer-form&#8221; button_text=&#8221;Kajitok \u00f1an am Jiba\u00f1&#8221; button_alignment=&#8221;left&#8221; button_alignment_tablet=&#8221;left&#8221; button_alignment_phone=&#8221;center&#8221; button_alignment_last_edited=&#8221;on|phone&#8221; admin_label=&#8221;Button-Inquire to Volunteer&#8221; _builder_version=&#8221;4.14.2&#8243; _module_preset=&#8221;default&#8221; custom_button=&#8221;on&#8221; button_text_size=&#8221;15px&#8221; button_text_color=&#8221;#40bb95&#8243; button_border_width=&#8221;1px&#8221; button_border_color=&#8221;#40BB95&#8243; button_font=&#8221;|700|||||||&#8221; button_use_icon=&#8221;off&#8221; custom_margin=&#8221;|||120px|false|false&#8221; custom_margin_tablet=&#8221;|||120px|false|false&#8221; custom_margin_phone=&#8221;|||0px|false|false&#8221; custom_margin_last_edited=&#8221;on|phone&#8221; custom_padding=&#8221;8px||8px||true|false&#8221; global_colors_info=&#8221;{}&#8221; button_bg_color__hover_enabled=&#8221;on|hover&#8221; button_bg_color__hover=&#8221;RGBA(255,255,255,0)&#8221; button_bg_enable_color__hover=&#8221;on&#8221; button_border_color__hover_enabled=&#8221;on|hover&#8221; button_border_color__hover=&#8221;#40BB95&#8243;][\/et_pb_button][et_pb_text _builder_version=&#8221;4.14.2&#8243; _module_preset=&#8221;default&#8221; text_font=&#8221;Raleway||||||||&#8221; text_line_height=&#8221;27px&#8221; header_3_font=&#8221;Alegreya|700|||||||&#8221; header_3_font_size=&#8221;28px&#8221; header_3_line_height=&#8221;33px&#8221; custom_margin=&#8221;60px|||120px|false|false&#8221; custom_margin_tablet=&#8221;60px|||120px|false|false&#8221; custom_margin_phone=&#8221;60px|||0px|false|false&#8221; custom_margin_last_edited=&#8221;on|phone&#8221; global_colors_info=&#8221;{}&#8221;]<\/p>\n<h3>Ro rej Jiba\u00f1 kin Kamat<\/h3>\n<p>Itok ipp\u0101n juon doulol in jikuul\/opiij ak ro armej ro rej m\u0101ke in k\u014dmman ien kejota ko \u00f1an armej ro 25 Rej Jokwe ilo New Beginnings.<\/p>\n<p>Jouj im etal \u00f1an MealTrain.com\/gognne im kanne \u00f1an juon raan \u00f1an k\u014dmmane juon \u1e43\u014d\u00f1\u0101.<br \/>K\u014dmelele ko rej p\u0101d ilo MealTrain webjait.<\/p>\n<p>Komaro\u00f1 bar kanne pepa \u00f1an ro rej b\u014dk kunaer ak email e lak linda@newbeginningsnwa.org \u00f1an elaplok melele.<\/p>\n<p>[\/et_pb_text][et_pb_text _builder_version=&#8221;4.14.2&#8243; _module_preset=&#8221;default&#8221; text_font=&#8221;Raleway||||||||&#8221; text_line_height=&#8221;27px&#8221; header_3_font=&#8221;Alegreya|700|||||||&#8221; header_3_font_size=&#8221;28px&#8221; header_3_line_height=&#8221;33px&#8221; custom_margin=&#8221;50px|||120px|false|false&#8221; custom_margin_tablet=&#8221;50px|||120px|false|false&#8221; custom_margin_phone=&#8221;50px|||0px|false|false&#8221; custom_margin_last_edited=&#8221;on|phone&#8221; global_colors_info=&#8221;{}&#8221;]<\/p>\n<h3>Lelok Nuknuk Erreo Ko<\/h3>\n<p>K\u014dtt\u014dpar eo an Laundry Love ekoba ien ko \u00f1an itok ipp\u0101n armej ro rej ion aba\u00f1 ikijen j\u0101\u0101n ilo aer jiba\u00f1 im kwalkwol nuknuk ko aer.<\/p>\n<p>Ro mottan Laundry Love ipp\u0101n doulol im jikin kwalkwol ko ilo nuknuk erreo im kooj ko an ro edik aer j\u0101\u0101n ak baamle ko ejelok aer j\u0101\u0101n im armej ro kajojo.<\/p>\n<p>[\/et_pb_text][\/et_pb_column][\/et_pb_row][et_pb_row column_structure=&#8221;1_3,1_3,1_3&#8243; _builder_version=&#8221;4.14.2&#8243; _module_preset=&#8221;default&#8221; global_colors_info=&#8221;{}&#8221;][et_pb_column type=&#8221;1_3&#8243; _builder_version=&#8221;4.14.2&#8243; _module_preset=&#8221;default&#8221; global_colors_info=&#8221;{}&#8221;][et_pb_image src=&#8221;https:\/\/newbeginningsnwa.org\/wp-content\/uploads\/2023\/07\/Mask-group.png&#8221; title_text=&#8221;Mask group&#8221; align_tablet=&#8221;&#8221; align_phone=&#8221;center&#8221; align_last_edited=&#8221;on|phone&#8221; admin_label=&#8221;Laundry Love Logo&#8221; _builder_version=&#8221;4.14.2&#8243; _module_preset=&#8221;default&#8221; width=&#8221;45%&#8221; width_tablet=&#8221;45%&#8221; width_phone=&#8221;auto&#8221; width_last_edited=&#8221;on|phone&#8221; custom_margin=&#8221;|||120px|false|false&#8221; custom_margin_tablet=&#8221;|||120px|false|false&#8221; custom_margin_phone=&#8221;|||0px|false|false&#8221; custom_margin_last_edited=&#8221;on|phone&#8221; module_alignment_tablet=&#8221;&#8221; module_alignment_phone=&#8221;center&#8221; module_alignment_last_edited=&#8221;on|phone&#8221; global_colors_info=&#8221;{}&#8221;][\/et_pb_image][\/et_pb_column][et_pb_column type=&#8221;1_3&#8243; _builder_version=&#8221;4.14.2&#8243; _module_preset=&#8221;default&#8221; global_colors_info=&#8221;{}&#8221;][et_pb_text admin_label=&#8221;Laundry Love Rogers&#8221; _builder_version=&#8221;4.14.2&#8243; _module_preset=&#8221;default&#8221; text_font=&#8221;Raleway|700|||||||&#8221; text_line_height=&#8221;27px&#8221; text_orientation_tablet=&#8221;&#8221; text_orientation_phone=&#8221;center&#8221; text_orientation_last_edited=&#8221;on|phone&#8221; global_colors_info=&#8221;{}&#8221;]<\/p>\n<p>Laundry Love<br \/>Rogers<\/p>\n<p>[\/et_pb_text][et_pb_button button_url=&#8221;\/mh\/laundry-love-rogers&#8221; button_text=&#8221;Ekatak Elaplok&#8221; button_alignment_tablet=&#8221;&#8221; button_alignment_phone=&#8221;center&#8221; button_alignment_last_edited=&#8221;on|phone&#8221; admin_label=&#8221;Button-Learn More (LL Rogers_&#8221; _builder_version=&#8221;4.14.2&#8243; _module_preset=&#8221;default&#8221; custom_button=&#8221;on&#8221; button_text_size=&#8221;15px&#8221; button_text_color=&#8221;#40bb95&#8243; button_border_width=&#8221;1px&#8221; button_border_color=&#8221;#40BB95&#8243; button_border_radius=&#8221;3px&#8221; button_font=&#8221;|700|||||||&#8221; button_use_icon=&#8221;off&#8221; custom_margin=&#8221;||||false|false&#8221; custom_padding=&#8221;8px||8px||true|false&#8221; global_colors_info=&#8221;{}&#8221; button_bg_color__hover_enabled=&#8221;on|hover&#8221; button_bg_color__hover=&#8221;RGBA(255,255,255,0)&#8221; button_bg_enable_color__hover=&#8221;on&#8221; button_border_color__hover_enabled=&#8221;on|hover&#8221; button_border_color__hover=&#8221;#40BB95&#8243;][\/et_pb_button][\/et_pb_column][et_pb_column type=&#8221;1_3&#8243; _builder_version=&#8221;4.14.2&#8243; _module_preset=&#8221;default&#8221; global_colors_info=&#8221;{}&#8221;][et_pb_text admin_label=&#8221;Laundry Love Fayetteville&#8221; _builder_version=&#8221;4.14.2&#8243; _module_preset=&#8221;default&#8221; text_font=&#8221;Raleway|700|||||||&#8221; text_line_height=&#8221;27px&#8221; custom_margin=&#8221;|||-140px|false|false&#8221; custom_margin_tablet=&#8221;|||-140px|false|false&#8221; custom_margin_phone=&#8221;|||0px|false|false&#8221; custom_margin_last_edited=&#8221;on|phone&#8221; text_orientation_tablet=&#8221;&#8221; text_orientation_phone=&#8221;center&#8221; text_orientation_last_edited=&#8221;on|phone&#8221; locked=&#8221;off&#8221; global_colors_info=&#8221;{}&#8221;]<\/p>\n<p>Laundry Love<br \/>Fayetteville<\/p>\n<p>[\/et_pb_text][et_pb_button button_url=&#8221;\/mh\/laundry-love-fayetteville&#8221; button_text=&#8221;Ekatak Elaplok&#8221; button_alignment_tablet=&#8221;&#8221; button_alignment_phone=&#8221;center&#8221; button_alignment_last_edited=&#8221;on|phone&#8221; admin_label=&#8221;Button-Learn More (LL Fayetteville)&#8221; _builder_version=&#8221;4.14.2&#8243; _module_preset=&#8221;default&#8221; custom_button=&#8221;on&#8221; button_text_size=&#8221;15px&#8221; button_text_color=&#8221;#40bb95&#8243; button_border_width=&#8221;1px&#8221; button_border_color=&#8221;#40BB95&#8243; button_border_radius=&#8221;3px&#8221; button_font=&#8221;|700|||||||&#8221; button_use_icon=&#8221;off&#8221; custom_margin=&#8221;|||-140px|false|false&#8221; custom_margin_tablet=&#8221;|||-140px|false|false&#8221; custom_margin_phone=&#8221;|||0px|false|false&#8221; custom_margin_last_edited=&#8221;on|phone&#8221; custom_padding=&#8221;8px||8px||true|false&#8221; locked=&#8221;off&#8221; global_colors_info=&#8221;{}&#8221; button_bg_color__hover_enabled=&#8221;on|hover&#8221; button_bg_color__hover=&#8221;RGBA(255,255,255,0)&#8221; button_bg_enable_color__hover=&#8221;on&#8221; button_border_color__hover_enabled=&#8221;on|hover&#8221; button_border_color__hover=&#8221;#40BB95&#8243;][\/et_pb_button][\/et_pb_column][\/et_pb_row][et_pb_row column_structure=&#8221;1_2,1_2&#8243; use_custom_gutter=&#8221;on&#8221; gutter_width=&#8221;1&#8243; _builder_version=&#8221;4.14.2&#8243; _module_preset=&#8221;default&#8221; width=&#8221;100%&#8221; max_width=&#8221;100%&#8221; custom_margin=&#8221;85px||0px||false|false&#8221; custom_padding=&#8221;0px||0px||false|false&#8221; global_colors_info=&#8221;{}&#8221;][et_pb_column type=&#8221;1_2&#8243; _builder_version=&#8221;4.14.2&#8243; _module_preset=&#8221;default&#8221; background_color=&#8221;#ebfaf5&#8243; custom_padding=&#8221;50px||50px||true|false&#8221; global_colors_info=&#8221;{}&#8221;][et_pb_blurb title=&#8221;B\u014dk Eddo ilo Jukjukin P\u0101d&#8221; image=&#8221;https:\/\/newbeginningsnwa.org\/wp-content\/uploads\/2023\/07\/Group.png&#8221; image_icon_width=&#8221;50%&#8221; admin_label=&#8221;Community Sponsorship Blurb&#8221; _builder_version=&#8221;4.14.2&#8243; _module_preset=&#8221;default&#8221; header_font=&#8221;|700|||||||&#8221; header_text_align=&#8221;center&#8221; header_font_size=&#8221;44px&#8221; header_line_height=&#8221;53px&#8221; background_enable_color=&#8221;off&#8221; text_orientation=&#8221;center&#8221; custom_padding_tablet=&#8221;&#8221; custom_padding_phone=&#8221;|25px||25px|false|true&#8221; custom_padding_last_edited=&#8221;on|phone&#8221; global_colors_info=&#8221;{}&#8221;]<\/p>\n<p>Ejjab juon jinion eo ek\u0101\u0101l \u00f1an armej ro w\u014dt, ak juon jinion eo ek\u0101\u0101l \u00f1an jukjukin p\u0101d eo. Jouj im tobar tok koj \u00f1an elaplok melele kin waween koneek ipped. <\/p>\n<p>[\/et_pb_blurb][et_pb_button button_url=&#8221;\/mh\/contact&#8221; button_text=&#8221;Tobar Koj&#8221; button_alignment=&#8221;center&#8221; admin_label=&#8221;Button-Contact Us&#8221; _builder_version=&#8221;4.14.2&#8243; _module_preset=&#8221;default&#8221; custom_button=&#8221;on&#8221; button_text_size=&#8221;18px&#8221; button_text_color=&#8221;#40BB95&#8243; button_bg_color=&#8221;#FFFFFF&#8221; button_border_width=&#8221;1px&#8221; button_border_color=&#8221;#40BB95&#8243; button_border_radius=&#8221;3px&#8221; button_use_icon=&#8221;off&#8221; custom_margin=&#8221;39px||||false|false&#8221; locked=&#8221;off&#8221; global_colors_info=&#8221;{}&#8221; button_border_color__hover_enabled=&#8221;on|hover&#8221; button_border_color__hover=&#8221;#40BB95&#8243;][\/et_pb_button][\/et_pb_column][et_pb_column type=&#8221;1_2&#8243; _builder_version=&#8221;4.14.2&#8243; _module_preset=&#8221;default&#8221; background_color=&#8221;#f7f6f0&#8243; custom_padding=&#8221;50px||50px||true|false&#8221; global_colors_info=&#8221;{}&#8221;][et_pb_blurb title=&#8221;Lelok&#8221; image=&#8221;https:\/\/newbeginningsnwa.org\/wp-content\/uploads\/2023\/07\/Give-Icon-1.png&#8221; image_icon_width=&#8221;50%&#8221; admin_label=&#8221;Donate Blurb&#8221; _builder_version=&#8221;4.14.2&#8243; _module_preset=&#8221;default&#8221; header_font=&#8221;|700|||||||&#8221; header_text_align=&#8221;center&#8221; header_font_size=&#8221;44px&#8221; header_line_height=&#8221;53px&#8221; background_enable_color=&#8221;off&#8221; text_orientation=&#8221;center&#8221; custom_padding_tablet=&#8221;&#8221; custom_padding_phone=&#8221;|25px||25px|false|true&#8221; custom_padding_last_edited=&#8221;on|phone&#8221; global_colors_info=&#8221;{}&#8221;]<\/p>\n<p>Aolep jiba\u00f1 ko rej maro\u00f1 100 % b\u014dk-jen tax im nij jerbal \u00f1an wonaan jerbal ko ilo New Beginnings im b\u016brokraa\u1e43 in lelok jiba\u00f1 ko iloaan jukjukin p\u0101d eo.<\/p>\n<p>[\/et_pb_blurb][et_pb_button button_url=&#8221;\/mh\/donate&#8221; button_text=&#8221;Lelok&#8221; button_alignment=&#8221;center&#8221; admin_label=&#8221;Donate Button&#8221; _builder_version=&#8221;4.14.2&#8243; _module_preset=&#8221;default&#8221; custom_button=&#8221;on&#8221; button_text_size=&#8221;18px&#8221; button_text_color=&#8221;#FFFFFF&#8221; button_bg_color=&#8221;#40BB95&#8243; button_border_color=&#8221;#40BB95&#8243; button_border_radius=&#8221;3px&#8221; button_use_icon=&#8221;off&#8221; custom_margin=&#8221;39px||||false|false&#8221; locked=&#8221;off&#8221; global_colors_info=&#8221;{}&#8221; button_border_color__hover_enabled=&#8221;on|hover&#8221; button_border_color__hover=&#8221;#40BB95&#8243;][\/et_pb_button][\/et_pb_column][\/et_pb_row][\/et_pb_section]<\/p>\n","protected":false},"excerpt":{"rendered":"<p>Jiba\u00f1Elap ad kamolol ko rijiba\u00f1 ro ad! Jiba\u00f1 kwalok meanwod im iakwe \u00f1an ro belaakin Northwest Arkansas ilo juon ian b\u016brokraa\u1e43 in jiba\u00f1 ko ad. Ien jiba\u00f1 ko ilo k\u014dtt\u014dpar ko an jukjukin p\u0101d ekoba Laundry Love Fayetteville im Art in the Park. Ej ke itok limoim ilo New Beginning kamb\u014d\u014dj? Tobar tok kumi in [&hellip;]<\/p>\n","protected":false},"author":2,"featured_media":0,"parent":0,"menu_order":0,"comment_status":"closed","ping_status":"closed","template":"","meta":{"_et_pb_use_builder":"on","_et_pb_old_content":"","_et_gb_content_width":"","footnotes":""},"class_list":["post-1724","page","type-page","status-publish","hentry"],"_links":{"self":[{"href":"https:\/\/newbeginningsnwa.org\/mh\/wp-json\/wp\/v2\/pages\/1724","targetHints":{"allow":["GET"]}}],"collection":[{"href":"https:\/\/newbeginningsnwa.org\/mh\/wp-json\/wp\/v2\/pages"}],"about":[{"href":"https:\/\/newbeginningsnwa.org\/mh\/wp-json\/wp\/v2\/types\/page"}],"author":[{"embeddable":true,"href":"https:\/\/newbeginningsnwa.org\/mh\/wp-json\/wp\/v2\/users\/2"}],"replies":[{"embeddable":true,"href":"https:\/\/newbeginningsnwa.org\/mh\/wp-json\/wp\/v2\/comments?post=1724"}],"version-history":[{"count":0,"href":"https:\/\/newbeginningsnwa.org\/mh\/wp-json\/wp\/v2\/pages\/1724\/revisions"}],"wp:attachment":[{"href":"https:\/\/newbeginningsnwa.org\/mh\/wp-json\/wp\/v2\/media?parent=1724"}],"curies":[{"name":"wp","href":"https:\/\/api.w.org\/{rel}","templated":true}]}}