{"id":1726,"date":"2023-07-01T01:25:00","date_gmt":"2023-07-01T01:25:00","guid":{"rendered":"https:\/\/newbeginningsnwa.org\/bridge-housing\/"},"modified":"2024-12-16T19:40:09","modified_gmt":"2024-12-16T19:40:09","slug":"bridge-housing","status":"publish","type":"page","link":"https:\/\/newbeginningsnwa.org\/mh\/bridge-housing\/","title":{"rendered":"Bridge Housing"},"content":{"rendered":"<p>[et_pb_section fb_built=&#8221;1&#8243; _builder_version=&#8221;4.14.2&#8243; _module_preset=&#8221;default&#8221; global_colors_info=&#8221;{}&#8221;][et_pb_row column_structure=&#8221;1_2,1_2&#8243; _builder_version=&#8221;4.14.2&#8243; _module_preset=&#8221;default&#8221; module_alignment=&#8221;center&#8221; global_colors_info=&#8221;{}&#8221;][et_pb_column type=&#8221;1_2&#8243; _builder_version=&#8221;4.14.2&#8243; _module_preset=&#8221;default&#8221; z_index=&#8221;10&#8243; global_colors_info=&#8221;{}&#8221;][et_pb_text admin_label=&#8221;Bridge Housing&#8221; _builder_version=&#8221;4.14.2&#8243; _module_preset=&#8221;default&#8221; text_text_color=&#8221;#1e2635&#8243; text_line_height=&#8221;27px&#8221; header_font=&#8221;Alegreya||||||||&#8221; header_text_color=&#8221;#FFFFFF&#8221; header_font_size=&#8221;74px&#8221; background_color=&#8221;#40bb95&#8243; positioning=&#8221;relative&#8221; z_index=&#8221;99999&#8243; width_tablet=&#8221;504px&#8221; width_phone=&#8221;100%&#8221; width_last_edited=&#8221;on|phone&#8221; max_width_tablet=&#8221;&#8221; max_width_phone=&#8221;100%&#8221; max_width_last_edited=&#8221;on|phone&#8221; custom_margin=&#8221;21px|||72px|false|false&#8221; custom_margin_tablet=&#8221;|||83px|false|false&#8221; custom_margin_phone=&#8221;|||0px|false|false&#8221; custom_margin_last_edited=&#8221;on|phone&#8221; custom_padding=&#8221;35px|35px|145px|35px|false|true&#8221; custom_padding_tablet=&#8221;39px|46px||55px|false|false&#8221; custom_padding_phone=&#8221;20px|46px|20px|55px|false|false&#8221; custom_padding_last_edited=&#8221;on|phone&#8221; header_font_size_tablet=&#8221;90px&#8221; header_font_size_phone=&#8221;55px&#8221; header_font_size_last_edited=&#8221;on|phone&#8221; global_colors_info=&#8221;{}&#8221;]<\/p>\n<h1><img loading=\"lazy\" decoding=\"async\" class=\"wp-image-278 alignnone \" src=\"https:\/\/newbeginningsnwa.org\/wp-content\/uploads\/2023\/07\/Bridge-Housing-Icon-1.png\" alt=\"\" width=\"53\" height=\"50\"><\/h1>\n<h1>Bridge<br \/>Housing<\/h1>\n<p>[\/et_pb_text][\/et_pb_column][et_pb_column type=&#8221;1_2&#8243; _builder_version=&#8221;4.14.2&#8243; _module_preset=&#8221;default&#8221; z_index=&#8221;1&#8243; global_colors_info=&#8221;{}&#8221;][et_pb_image src=&#8221;https:\/\/newbeginningsnwa.org\/wp-content\/uploads\/2023\/07\/Rectangle-36-1.png&#8221; title_text=&#8221;Rectangle 36 (1)&#8221; align_tablet=&#8221;&#8221; align_phone=&#8221;center&#8221; align_last_edited=&#8221;on|phone&#8221; _builder_version=&#8221;4.14.2&#8243; _module_preset=&#8221;default&#8221; positioning=&#8221;relative&#8221; z_index=&#8221;1&#8243; width_tablet=&#8221;573px&#8221; width_phone=&#8221;100%&#8221; width_last_edited=&#8221;on|phone&#8221; max_width_tablet=&#8221;&#8221; max_width_phone=&#8221;100%&#8221; max_width_last_edited=&#8221;on|phone&#8221; min_height_tablet=&#8221;521px&#8221; min_height_phone=&#8221;&#8221; min_height_last_edited=&#8221;on|phone&#8221; custom_margin=&#8221;|85px||-85px|false|false&#8221; custom_margin_tablet=&#8221;-28px|||-30px|false|false&#8221; custom_margin_phone=&#8221;0px|||0px|false|false&#8221; custom_margin_last_edited=&#8221;on|phone&#8221; module_alignment_tablet=&#8221;&#8221; module_alignment_phone=&#8221;center&#8221; module_alignment_last_edited=&#8221;on|phone&#8221; global_colors_info=&#8221;{}&#8221;][\/et_pb_image][\/et_pb_column][\/et_pb_row][et_pb_row _builder_version=&#8221;4.14.2&#8243; _module_preset=&#8221;default&#8221; global_colors_info=&#8221;{}&#8221;][et_pb_column type=&#8221;4_4&#8243; _builder_version=&#8221;4.14.2&#8243; _module_preset=&#8221;default&#8221; global_colors_info=&#8221;{}&#8221;][et_pb_text admin_label=&#8221;Text&#8221; _builder_version=&#8221;4.14.2&#8243; _module_preset=&#8221;default&#8221; text_font=&#8221;Raleway||||||||&#8221; text_line_height=&#8221;27px&#8221; width=&#8221;702px&#8221; width_tablet=&#8221;702px&#8221; width_phone=&#8221;auto&#8221; width_last_edited=&#8221;on|phone&#8221; module_alignment=&#8221;center&#8221; inline_fonts=&#8221;Alegreya&#8221; global_colors_info=&#8221;{}&#8221;]<\/p>\n<h3><span style=\"color: rgba(51, 51, 51, 0.77);\">Jej lewaj juon jukjukin p\u0101d eo elap k\u014djbarok, im armej ro ejelok aer jikin jokwe rej b\u014dk jiba\u00f1 im maro\u00f1 in delo\u00f1 \u00f1an mwon jokwe ko.<\/span><\/h3>\n<p><span style=\"color: rgba(51, 51, 51, 0.77);\"><\/span><\/p>\n<h3><\/h3>\n<p style=\"text-align: left;\">\n<h2><span style=\"color: #333333; font-family: Alegreya, Georgia, 'Times New Roman', serif; font-size: 30px;\">Ia ko armej rej p\u0101d ie?<\/span><span style=\"color: #333333; font-family: Alegreya, Georgia, 'Times New Roman', serif; font-size: 30px;\"><\/span><\/h2>\n<p style=\"text-align: left;\">Bridge Housing ej juon jikin jokwe eo ilo jukjukin p\u0101d eo ej jiba\u00f1 armej ro rej emak\u016bt jen jekjek in jokwe ko t\u014drerein ial im rejjab erro, im rej kauw\u014dtata. New Beginnings ej karuwainene armej \u00f1an jukjukin p\u0101d eo ad im ew\u014dr ro\u00f1oul cabin im juon jikin eo ew\u014dr kijen, m\u014dn kabojak\/tutu, jikin kwalkwol. Ilo jukjukin p\u0101d eo ew\u014dr oror im juon jikin kallip ej lale jen armej ro jukjukin p\u0101d eo. Ew\u014dr rijerbal aolep ien \u00f1an lale jukjukin p\u0101d eo jen an w\u014dr j\u014drr\u0101\u0101n im jiba\u00f1. Jukjukin p\u0101d in ej lelok \u00f1an armej k\u014djbarok, kajur, im aer m\u0101ke lak koba ippen kein jiba\u00f1 ko rej aikuj \u00f1an kajur lak jen an kar ejelok aer jikin jokwe. Bridge Housingmis emaro\u00f1 jiba\u00f1 armej ro ejelok aer jikin jokwe kajur lak \u00f1e rejjab maro\u00f1 wanmaanlok ilo jukjukin p\u0101d ko jot.     <\/p>\n<p style=\"text-align: left;\">\n<h1 style=\"text-align: left;\">Ta eo ej jiba\u00f1 armej wanmaanlok?<\/h1>\n<p style=\"text-align: left;\">Ekk\u0101 an armej delo\u00f1 e Bridge Housing elikin elo\u00f1 yii\u014d in an ejelok jikin jokwe. Emaro\u00f1 ejelok aer pepa in kwalok kajeer, maro\u00f1 in k\u014djerbale w\u014dt uno ko rekajur im arkool, maro\u00f1 ikk\u016bt aer p\u0101d ilo jerbal in kajimwe ko, im maro\u00f1 w\u014dr aer aikuj ko rellap ikijen ejmour in enbwin im\/ak ejmour in kalmenlakjen. <\/p>\n<p style=\"text-align: left;\">Jukjukin p\u0101d eo ad ekk\u0101 an lale jen armej ro rej jokwe ie. Ej melelein armej ro rej jokwe rej m\u0101ke kelet aer rit\u014dl, k\u014dmman doulol ko \u00f1an k\u014djbarok jikin jokwe im naboj ilo an erreo, im loore w\u014dt kakien ko ikijen jokwe ipp\u0101n doon im \u0101inwot ro rej jokwe turin doon. K\u014dtmane ko ilo jukjukin p\u0101d ej jiba\u00f1 armej ro rej jokwe bwe en laplok aer jella kin-mour im buk\u014dt unin \u0101inwot aer bar kalek mour ko aer.  <\/p>\n<p style=\"text-align: left;\">Kumi in jiba\u00f1 eo ad ekoba rijerbal in ejmour, jerbal ipp\u0101n armej, im katakin kin mour. Rijerbal eo ej Lale Jikin Jokwe eo ej jerbal ipp\u0101n kajojo armej ro rej jokwe ijo \u00f1an k\u014dmmaen juon b\u016bl\u0101\u0101n in jikin jokwe im kwei\u1e37\u1ecdk ippeir kajojo wiik \u00f1an tobar k\u014dtt\u014dpar ko aer. Elo\u00f1 ian kumi in jerbal ko ad em\u014dj aer ion an ejelok aer jikin jokwe im rej maro\u00f1 in kijenmej im jiba\u00f1 armej ro rej jokwe ilo aer k\u014dmman bwe en eman lak ejmour ko ad, kalaplok jo\u00f1an j\u0101\u0101n ko rej k\u014dmmane, koneek ipp\u0101n jerbal in jiba\u00f1 ilo aer remaanlok \u00f1an b\u014dk juon aer m\u0101ke mwon jokwe.  <\/p>\n<p style=\"text-align: left;\">\n<h1 style=\"text-align: left;\">Waween Ad Jelot Armej<\/h1>\n<p style=\"text-align: left;\">Bridge Housing ej wanmaanlok \u00f1e jej loe armej ro eto an ejelok aer jikin jokwe buk\u014dt ejmour im kajur im \u00f1e rej emak\u016bt \u00f1an mwon jokwe ko ilo eto aer p\u0101d-ie. Jen jomar 2024, 37% in ro rej jokwe ilo Bridge Housing (15 armej) em\u014dj aer emak\u016bt \u00f1an mweir m\u0101e ilo an armej ro jot em\u014dj an tobar k\u014dtt\u014dpar ko aer m\u0101ke ikijen ejmour in enbwin im kalmenlakjen, kalaplok j\u0101\u0101n ko rej k\u014dmmane, im buk\u014dt kajur \u0101inwot ro rej jokwe ilo jukjukin p\u0101d eo. <\/p>\n<p>[\/et_pb_text][\/et_pb_column][\/et_pb_row][\/et_pb_section][et_pb_section fb_built=&#8221;1&#8243; _builder_version=&#8221;4.14.2&#8243; _module_preset=&#8221;default&#8221; background_color=&#8221;#324055&#8243; global_colors_info=&#8221;{}&#8221;][et_pb_row _builder_version=&#8221;4.14.2&#8243; _module_preset=&#8221;default&#8221; custom_margin=&#8221;0px||||false|false&#8221; custom_padding=&#8221;0px||||false|false&#8221; global_colors_info=&#8221;{}&#8221;][et_pb_column type=&#8221;4_4&#8243; _builder_version=&#8221;4.14.2&#8243; _module_preset=&#8221;default&#8221; global_colors_info=&#8221;{}&#8221;][et_pb_text admin_label=&#8221;Where it is working&#8221; _builder_version=&#8221;4.14.2&#8243; _module_preset=&#8221;default&#8221; text_font=&#8221;Raleway||||||||&#8221; text_text_color=&#8221;#FFFFFF&#8221; text_line_height=&#8221;27px&#8221; header_font=&#8221;Alegreya|700|||||||&#8221; header_text_align=&#8221;center&#8221; header_text_color=&#8221;#40bb95&#8243; header_font_size=&#8221;54px&#8221; header_line_height=&#8221;64px&#8221; header_3_font=&#8221;Raleway||||||||&#8221; header_3_text_color=&#8221;#40bb95&#8243; header_3_line_height=&#8221;1.2em&#8221; text_orientation=&#8221;center&#8221; global_colors_info=&#8221;{}&#8221;]<\/p>\n<h1>Ia eo ej jerbal ie<\/h1>\n<p> N\u014dmba in taun im kiapt\u014dl ko ilo U.S. relaplok im em\u014dj aer loe juon uak kin an ejelok jikin jokwe ilo<br \/>an ekkal jukjukin p\u0101d ilo em-jidik ko. Rainin uak kein rej kio kamol jen k\u014dtt\u014dpar ko \u00f1an lelok uak \u00f1an<br \/>jikin jokwe eo enij k\u014dmman bwe armej ro en w\u014dr aer jikin jokwe aitok an p\u0101d, im kajur.  &nbsp;<\/p>\n<h3>Waanjo\u00f1ak in jukjukin p\u0101d ko redik im maro\u00f1 w\u014dr oktak ie ilo lal eo.<\/h3>\n<p>[\/et_pb_text][et_pb_image src=&#8221;https:\/\/newbeginningsnwa.org\/wp-content\/uploads\/2023\/07\/Group-123.png&#8221; title_text=&#8221;Group 123&#8243; show_bottom_space=&#8221;off&#8221; admin_label=&#8221;United States Map Image&#8221; _builder_version=&#8221;4.14.2&#8243; _module_preset=&#8221;default&#8221; custom_margin=&#8221;||30px||false|false&#8221; global_colors_info=&#8221;{}&#8221;][\/et_pb_image][\/et_pb_column][\/et_pb_row][\/et_pb_section][et_pb_section fb_built=&#8221;1&#8243; admin_label=&#8221;Your Support is Powerful&#8221; _builder_version=&#8221;4.14.2&#8243; _module_preset=&#8221;default&#8221; background_color=&#8221;#f7f6f0&#8243; global_colors_info=&#8221;{}&#8221;][et_pb_row _builder_version=&#8221;4.14.2&#8243; _module_preset=&#8221;default&#8221; custom_margin=&#8221;0px||||false|false&#8221; custom_padding=&#8221;0px||||false|false&#8221; global_colors_info=&#8221;{}&#8221;][et_pb_column type=&#8221;4_4&#8243; _builder_version=&#8221;4.14.2&#8243; _module_preset=&#8221;default&#8221; global_colors_info=&#8221;{}&#8221;][et_pb_text admin_label=&#8221;Your support is powerful.&#8221; _builder_version=&#8221;4.14.2&#8243; _module_preset=&#8221;default&#8221; header_font=&#8221;Alegreya||||||||&#8221; header_text_align=&#8221;center&#8221; header_text_color=&#8221;#1e2635&#8243; header_font_size=&#8221;54px&#8221; custom_margin=&#8221;25px||||false|false&#8221; custom_margin_tablet=&#8221;25px||||false|false&#8221; custom_margin_phone=&#8221;0px||||false|false&#8221; custom_margin_last_edited=&#8221;on|phone&#8221; custom_padding_tablet=&#8221;&#8221; custom_padding_phone=&#8221;0px||||false|false&#8221; custom_padding_last_edited=&#8221;on|phone&#8221; global_colors_info=&#8221;{}&#8221;]<\/p>\n<h1>Ekajur jiba\u00f1 <strong>eo jen eok.<\/strong><\/h1>\n<p>[\/et_pb_text][\/et_pb_column][\/et_pb_row][et_pb_row column_structure=&#8221;1_3,1_3,1_3&#8243; _builder_version=&#8221;4.14.2&#8243; _module_preset=&#8221;default&#8221; custom_margin=&#8221;|||210px|false|false&#8221; custom_margin_tablet=&#8221;|||210px|false|false&#8221; custom_margin_phone=&#8221;|||auto|false|false&#8221; custom_margin_last_edited=&#8221;on|phone&#8221; global_colors_info=&#8221;{}&#8221;][et_pb_column type=&#8221;1_3&#8243; _builder_version=&#8221;4.14.2&#8243; _module_preset=&#8221;default&#8221; global_colors_info=&#8221;{}&#8221;][et_pb_blurb title=&#8221;Ekatak&#8221; image=&#8221;https:\/\/newbeginningsnwa.org\/wp-content\/uploads\/2023\/07\/Learn-Icon-3-e1689696110787.png&#8221; icon_alignment=&#8221;left&#8221; icon_alignment_tablet=&#8221;left&#8221; icon_alignment_phone=&#8221;center&#8221; icon_alignment_last_edited=&#8221;on|phone&#8221; _builder_version=&#8221;4.14.2&#8243; _module_preset=&#8221;default&#8221; header_font=&#8221;|700|||||||&#8221; header_font_size=&#8221;24px&#8221; body_line_height=&#8221;27px&#8221; custom_margin=&#8221;-5px||||false|false&#8221; header_text_align_tablet=&#8221;&#8221; header_text_align_phone=&#8221;center&#8221; header_text_align_last_edited=&#8221;on|phone&#8221; text_orientation_tablet=&#8221;&#8221; text_orientation_phone=&#8221;center&#8221; text_orientation_last_edited=&#8221;on|phone&#8221; global_colors_info=&#8221;{}&#8221;]<\/p>\n<p>Kwe konan ke k\u014dmman elap oktak ilo jukjukin p\u0101d eo ad? <strong>Jinoe ilo am kalaplok jelalakjen eo am<\/strong>.<\/p>\n<p>[\/et_pb_blurb][et_pb_button button_url=&#8221;\/mh\/learn&#8221; button_text=&#8221;Katak&#8221; button_alignment_tablet=&#8221;&#8221; button_alignment_phone=&#8221;center&#8221; button_alignment_last_edited=&#8221;on|phone&#8221; admin_label=&#8221;Button-A Plan for Success&#8221; _builder_version=&#8221;4.14.2&#8243; _module_preset=&#8221;default&#8221; custom_button=&#8221;on&#8221; button_text_size=&#8221;15px&#8221; button_text_color=&#8221;#40bb95&#8243; button_border_width=&#8221;1px&#8221; button_border_color=&#8221;#40BB95&#8243; button_font=&#8221;|700|||||||&#8221; button_use_icon=&#8221;off&#8221; custom_padding=&#8221;8px|20px|8px|20px|true|true&#8221; hover_enabled=&#8221;0&#8243; global_colors_info=&#8221;{}&#8221; button_bg_color__hover_enabled=&#8221;on|hover&#8221; button_bg_color__hover=&#8221;RGBA(255,255,255,0)&#8221; button_bg_enable_color__hover=&#8221;on&#8221; button_border_color__hover_enabled=&#8221;on|hover&#8221; button_border_color__hover=&#8221;#40BB95&#8243; sticky_enabled=&#8221;0&#8243;][\/et_pb_button][\/et_pb_column][et_pb_column type=&#8221;1_3&#8243; _builder_version=&#8221;4.14.2&#8243; _module_preset=&#8221;default&#8221; global_colors_info=&#8221;{}&#8221;][et_pb_blurb title=&#8221;Jerbal&#8221; image=&#8221;https:\/\/newbeginningsnwa.org\/wp-content\/uploads\/2023\/07\/Serve-Icon-3-e1689696979724.png&#8221; icon_alignment=&#8221;left&#8221; icon_alignment_tablet=&#8221;left&#8221; icon_alignment_phone=&#8221;center&#8221; icon_alignment_last_edited=&#8221;on|phone&#8221; _builder_version=&#8221;4.14.2&#8243; _module_preset=&#8221;default&#8221; header_font=&#8221;|700|||||||&#8221; header_font_size=&#8221;24px&#8221; body_line_height=&#8221;27px&#8221; custom_margin=&#8221;1px||||false|false&#8221; text_orientation_tablet=&#8221;&#8221; text_orientation_phone=&#8221;center&#8221; text_orientation_last_edited=&#8221;on|phone&#8221; locked=&#8221;off&#8221; global_colors_info=&#8221;{}&#8221;]<\/p>\n<p>Kwoj ke buk\u014dt juon waween karol lak im k\u014dmman oktak? <strong>Kobatok ipp\u0101\u00f1 rijiba\u00f1 ro ad.<\/strong><\/p>\n<p>[\/et_pb_blurb][et_pb_button button_url=&#8221;\/mh\/volunteer&#8221; button_text=&#8221;Jiba\u00f1&#8221; button_alignment_tablet=&#8221;&#8221; button_alignment_phone=&#8221;center&#8221; button_alignment_last_edited=&#8221;on|phone&#8221; admin_label=&#8221;Volunteer Button&#8221; _builder_version=&#8221;4.14.2&#8243; _module_preset=&#8221;default&#8221; custom_button=&#8221;on&#8221; button_text_size=&#8221;15px&#8221; button_text_color=&#8221;#40bb95&#8243; button_border_width=&#8221;1px&#8221; button_border_color=&#8221;#40BB95&#8243; button_font=&#8221;|700|||||||&#8221; button_use_icon=&#8221;off&#8221; custom_padding=&#8221;8px|20px|8px|20px|true|true&#8221; global_colors_info=&#8221;{}&#8221; button_bg_color__hover_enabled=&#8221;on|hover&#8221; button_bg_color__hover=&#8221;RGBA(255,255,255,0)&#8221; button_bg_enable_color__hover=&#8221;on&#8221; button_border_color__hover_enabled=&#8221;on|hover&#8221; button_border_color__hover=&#8221;#40BB95&#8243;][\/et_pb_button][\/et_pb_column][et_pb_column type=&#8221;1_3&#8243; _builder_version=&#8221;4.14.2&#8243; _module_preset=&#8221;default&#8221; global_colors_info=&#8221;{}&#8221;][et_pb_blurb title=&#8221;Lelok&#8221; image=&#8221;https:\/\/newbeginningsnwa.org\/wp-content\/uploads\/2023\/07\/Give-Icon-2-e1689697364220.png&#8221; icon_alignment=&#8221;left&#8221; icon_alignment_tablet=&#8221;left&#8221; icon_alignment_phone=&#8221;center&#8221; icon_alignment_last_edited=&#8221;on|phone&#8221; _builder_version=&#8221;4.14.2&#8243; _module_preset=&#8221;default&#8221; header_font=&#8221;|700|||||||&#8221; header_font_size=&#8221;24px&#8221; body_line_height=&#8221;27px&#8221; custom_margin=&#8221;-8px||||false|false&#8221; text_orientation_tablet=&#8221;&#8221; text_orientation_phone=&#8221;center&#8221; text_orientation_last_edited=&#8221;on|phone&#8221; locked=&#8221;off&#8221; global_colors_info=&#8221;{}&#8221;]<\/p>\n<p>Bojjak in mottan juon molin, uak \u00f1an k\u014dtt\u014dpar eo? <strong>Erom juon eo ej jiba\u00f1 lelok rainin.<\/strong><\/p>\n<p>[\/et_pb_blurb][et_pb_button button_url=&#8221;\/mh\/donate&#8221; button_text=&#8221;Lelok&#8221; button_alignment_tablet=&#8221;&#8221; button_alignment_phone=&#8221;center&#8221; button_alignment_last_edited=&#8221;on|phone&#8221; admin_label=&#8221;Donate Button&#8221; _builder_version=&#8221;4.14.2&#8243; _module_preset=&#8221;default&#8221; custom_button=&#8221;on&#8221; button_text_size=&#8221;15px&#8221; button_text_color=&#8221;#40bb95&#8243; button_border_width=&#8221;1px&#8221; button_border_color=&#8221;#40BB95&#8243; button_font=&#8221;|700|||||||&#8221; button_use_icon=&#8221;off&#8221; custom_padding=&#8221;8px|20px|8px|20px|true|true&#8221; global_colors_info=&#8221;{}&#8221; button_bg_color__hover_enabled=&#8221;on|hover&#8221; button_bg_color__hover=&#8221;RGBA(255,255,255,0)&#8221; button_bg_enable_color__hover=&#8221;on&#8221; button_border_color__hover_enabled=&#8221;on|hover&#8221; button_border_color__hover=&#8221;#40BB95&#8243;][\/et_pb_button][\/et_pb_column][\/et_pb_row][\/et_pb_section]<\/p>\n","protected":false},"excerpt":{"rendered":"<p>BridgeHousingJej lewaj juon jukjukin p\u0101d eo elap k\u014djbarok, im armej ro ejelok aer jikin jokwe rej b\u014dk jiba\u00f1 im maro\u00f1 in delo\u00f1 \u00f1an mwon jokwe ko. Ia ko armej rej p\u0101d ie? Bridge Housing ej juon jikin jokwe eo ilo jukjukin p\u0101d eo ej jiba\u00f1 armej ro rej emak\u016bt jen jekjek in jokwe ko t\u014drerein [&hellip;]<\/p>\n","protected":false},"author":1,"featured_media":0,"parent":0,"menu_order":0,"comment_status":"closed","ping_status":"closed","template":"","meta":{"_et_pb_use_builder":"on","_et_pb_old_content":"","_et_gb_content_width":"","footnotes":""},"class_list":["post-1726","page","type-page","status-publish","hentry"],"_links":{"self":[{"href":"https:\/\/newbeginningsnwa.org\/mh\/wp-json\/wp\/v2\/pages\/1726","targetHints":{"allow":["GET"]}}],"collection":[{"href":"https:\/\/newbeginningsnwa.org\/mh\/wp-json\/wp\/v2\/pages"}],"about":[{"href":"https:\/\/newbeginningsnwa.org\/mh\/wp-json\/wp\/v2\/types\/page"}],"author":[{"embeddable":true,"href":"https:\/\/newbeginningsnwa.org\/mh\/wp-json\/wp\/v2\/users\/1"}],"replies":[{"embeddable":true,"href":"https:\/\/newbeginningsnwa.org\/mh\/wp-json\/wp\/v2\/comments?post=1726"}],"version-history":[{"count":0,"href":"https:\/\/newbeginningsnwa.org\/mh\/wp-json\/wp\/v2\/pages\/1726\/revisions"}],"wp:attachment":[{"href":"https:\/\/newbeginningsnwa.org\/mh\/wp-json\/wp\/v2\/media?parent=1726"}],"curies":[{"name":"wp","href":"https:\/\/api.w.org\/{rel}","templated":true}]}}