{"id":1730,"date":"2023-07-03T16:12:17","date_gmt":"2023-07-03T16:12:17","guid":{"rendered":"https:\/\/newbeginningsnwa.org\/supportive-housing\/"},"modified":"2024-12-16T19:35:52","modified_gmt":"2024-12-16T19:35:52","slug":"supportive-housing","status":"publish","type":"page","link":"https:\/\/newbeginningsnwa.org\/mh\/supportive-housing\/","title":{"rendered":"Supportive Housing"},"content":{"rendered":"<p>[et_pb_section fb_built=&#8221;1&#8243; _builder_version=&#8221;4.14.2&#8243; _module_preset=&#8221;default&#8221; global_colors_info=&#8221;{}&#8221;][et_pb_row column_structure=&#8221;1_2,1_2&#8243; _builder_version=&#8221;4.14.2&#8243; _module_preset=&#8221;default&#8221; module_alignment=&#8221;center&#8221; global_colors_info=&#8221;{}&#8221;][et_pb_column type=&#8221;1_2&#8243; _builder_version=&#8221;4.14.2&#8243; _module_preset=&#8221;default&#8221; z_index=&#8221;10&#8243; global_colors_info=&#8221;{}&#8221;][et_pb_text admin_label=&#8221;The Community&#8221; _builder_version=&#8221;4.14.2&#8243; _module_preset=&#8221;default&#8221; text_text_color=&#8221;#1e2635&#8243; text_line_height=&#8221;27px&#8221; header_font=&#8221;Alegreya||||||||&#8221; header_text_color=&#8221;#FFFFFF&#8221; header_font_size=&#8221;74px&#8221; background_color=&#8221;#40bb95&#8243; positioning=&#8221;relative&#8221; z_index=&#8221;99999&#8243; width_tablet=&#8221;504px&#8221; width_phone=&#8221;100%&#8221; width_last_edited=&#8221;on|phone&#8221; max_width_tablet=&#8221;&#8221; max_width_phone=&#8221;100%&#8221; max_width_last_edited=&#8221;on|phone&#8221; custom_margin=&#8221;21px|||72px|false|false&#8221; custom_margin_tablet=&#8221;|||83px|false|false&#8221; custom_margin_phone=&#8221;|||0px|false|false&#8221; custom_margin_last_edited=&#8221;on|phone&#8221; custom_padding=&#8221;35px|35px|145px|35px|false|true&#8221; custom_padding_tablet=&#8221;39px|46px||55px|false|false&#8221; custom_padding_phone=&#8221;20px|46px|20px|55px|false|false&#8221; custom_padding_last_edited=&#8221;on|phone&#8221; header_font_size_tablet=&#8221;90px&#8221; header_font_size_phone=&#8221;40px&#8221; header_font_size_last_edited=&#8221;on|phone&#8221; global_colors_info=&#8221;{}&#8221;]<\/p>\n<h1><img loading=\"lazy\" decoding=\"async\" class=\"wp-image-278 alignnone \" src=\"https:\/\/newbeginningsnwa.org\/wp-content\/uploads\/2023\/07\/Personal-dignity-icon.png\" alt=\"\" width=\"113\" height=\"50\"><\/h1>\n<h1>Supportive<br \/>Housing<\/h1>\n<p>[\/et_pb_text][\/et_pb_column][et_pb_column type=&#8221;1_2&#8243; _builder_version=&#8221;4.14.2&#8243; _module_preset=&#8221;default&#8221; z_index=&#8221;1&#8243; global_colors_info=&#8221;{}&#8221;][et_pb_image src=&#8221;https:\/\/newbeginningsnwa.org\/wp-content\/uploads\/2023\/07\/Rectangle-36-3.png&#8221; title_text=&#8221;Rectangle 36 (3)&#8221; align_tablet=&#8221;&#8221; align_phone=&#8221;center&#8221; align_last_edited=&#8221;on|phone&#8221; _builder_version=&#8221;4.14.2&#8243; _module_preset=&#8221;default&#8221; positioning=&#8221;relative&#8221; z_index=&#8221;1&#8243; width_tablet=&#8221;573px&#8221; width_phone=&#8221;100%&#8221; width_last_edited=&#8221;on|phone&#8221; max_width_tablet=&#8221;&#8221; max_width_phone=&#8221;100%&#8221; max_width_last_edited=&#8221;on|phone&#8221; min_height_tablet=&#8221;521px&#8221; min_height_phone=&#8221;&#8221; min_height_last_edited=&#8221;on|phone&#8221; custom_margin=&#8221;|85px||-85px|false|false&#8221; custom_margin_tablet=&#8221;-28px|||-30px|false|false&#8221; custom_margin_phone=&#8221;0px|||0px|false|false&#8221; custom_margin_last_edited=&#8221;on|phone&#8221; module_alignment_tablet=&#8221;&#8221; module_alignment_phone=&#8221;center&#8221; module_alignment_last_edited=&#8221;on|phone&#8221; global_colors_info=&#8221;{}&#8221;][\/et_pb_image][\/et_pb_column][\/et_pb_row][et_pb_row custom_padding_last_edited=&#8221;on|phone&#8221; _builder_version=&#8221;4.14.2&#8243; _module_preset=&#8221;default&#8221; custom_margin=&#8221;30px||||false|false&#8221; custom_margin_tablet=&#8221;30px||||false|false&#8221; custom_margin_phone=&#8221;0px||||false|false&#8221; custom_margin_last_edited=&#8221;on|phone&#8221; custom_padding_tablet=&#8221;&#8221; custom_padding_phone=&#8221;0px||||false|false&#8221; global_colors_info=&#8221;{}&#8221;][et_pb_column type=&#8221;4_4&#8243; _builder_version=&#8221;4.14.2&#8243; _module_preset=&#8221;default&#8221; global_colors_info=&#8221;{}&#8221;][et_pb_text _builder_version=&#8221;4.14.2&#8243; _module_preset=&#8221;default&#8221; text_font=&#8221;Raleway||||||||&#8221; text_line_height=&#8221;27px&#8221; width=&#8221;702px&#8221; width_tablet=&#8221;702px&#8221; width_phone=&#8221;auto&#8221; width_last_edited=&#8221;on|phone&#8221; module_alignment=&#8221;center&#8221; custom_padding=&#8221;||1px|||&#8221; global_colors_info=&#8221;{}&#8221;]<\/p>\n<h3><span style=\"color: rgba(51, 51, 51, 0.77);\">Jej kobaiki jikin jokwe ko eman wonaan kin jiba\u00f1 ko rej wanmaanlok w\u014dt, im ekar \u00f1an juon m\u0101ke bwe armej ro ew\u014dr aer utamwe im rej mour tak jen an ejelok aer jikin jokwe en maro\u00f1 eman aer p\u0101d ilo moko mweir m\u0101ke.<\/span><\/h3>\n<p><span style=\"color: rgba(51, 51, 51, 0.77);\"><\/span><\/p>\n<h3><\/h3>\n<h2><span style=\"color: #333333; font-family: Alegreya, Georgia, 'Times New Roman', serif; font-size: 30px;\">Ia eo armej rej jokwe ie?<\/span><span style=\"font-size: 18px; font-family: Raleway, Helvetica, Arial, Lucida, sans-serif; color: #1e2635;\"> <\/span><\/h2>\n<p>Supportive Housing ej kotlak an armej ro remaro\u00f1 tobrak jokwe ilo em ilo ien aitok kin kelet eo aer m\u0101ke. Jot armej rej kelet in jokwe ilo juon jikin eo remaro\u00f1 lease i ilowaan juon taun an New Beginnings ilo an ro jot kelet in lease juon bar jikin ilo makut ko rej m\u0101ke lak. Reen eo an kajojo armej ej kar\u014dk bwe armej ro rej mour kin j\u0101\u0101n in jiba\u00f1 an ro ew\u014dr aer utamwe rejjab aikuj in kolla elaplok jen 30% in j\u0101\u0101n ko aer aolep allo\u00f1 im maro\u00f1 kakwone 70% in j\u0101\u0101n ko aer \u00f1an mour kake. Taun eo New Beginnings ear k\u014dmmane ej jerbal \u0101nwot juon jikin jokwe \u201ckein karuo\u201d \u00f1an armej ro rej jerbal bwe en jako b\u016brooblem ko ikijen credit ak \u00f1e ew\u014dr kien eo ear rub ak ro eja\u00f1in kar w\u014dr aer jikin jokwe m\u014dkta lak kin an aitok an ejelok aer jikin jokwe.   <\/p>\n<p>&nbsp;<\/p>\n<h2><span style=\"font-size: 30px;\">Ewi waween an armej maro\u00f1 in kwon im eman aer mour?<\/span><\/h2>\n<p>Ilo Supportive Housing, New Beginnings ej kobaiki mwon jokwe ko eman wonaan ipp\u0101n jerbal ko rej wanmaanlok w\u014dt im ej kwalok kin kajur eo an juon armej ilo mweo mweir im jukjukin p\u0101d.<\/p>\n<p>Kumi in jiba\u00f1 eo ej jerbal ipp\u0101n kajojo armej eo ej jokwe \u00f1an lale ta eo rej aikuj im konan im ilo mour ko aer. Kumi in jiba\u00f1 eo emaro\u00f1 kobaiki lelok keij, kajur lak, im jiba\u00f1 kin ta ko raurok \u00f1an jella ilo mour.<br \/>Lale Keij ej jiba\u00f1 armej bwe ren debij ta ko rej koneek ie ilo ejmour in enbwin, ejmour in kalmenlakjen, im jerammon ko \u0101inwot SNAP. Peer Recovery ej kwlaok kin ejmour im kajur lak \u00f1e kwoj jerbal ipp\u0101n armej ro rej a\u00f1ur. Im katakin armej ta ko raurok in jella kin mour ej jiba\u00f1 kalaplak ta eo rej aikuj \u00f1an mour m\u0101ke lak iaer. Katakin armej ta ko raurok in jella kin mour emaro\u00f1 kake waween karreo er m\u0101ke, lale nuknuk ko aer, m\u014d\u00f1\u0101 im kamat, lale mwon jokwe ko aer, ta ko kwoj k\u014dmmane ilo ien an ejelok men eo kwoj k\u014dmmane, jerbal, jiba\u00f1, lale j\u0101\u0101n, ta ko kwoj aikuj jella \u00f1e kwoj reen ak lease jikin jokwe, im elaplok.     <\/p>\n<p>&nbsp;<\/p>\n<h1><span style=\"color: #1e2635;\"><\/span><\/h1>\n<h1><span style=\"color: #333333; font-family: Alegreya, Georgia, 'Times New Roman', serif; font-size: 30px;\">Waween Ad Jelot Armej<\/span><\/h1>\n<p>Support Housing ej wanmaanlok \u00f1e jej loe armej ro rej ion an ejelok aer jikin jokwe ilo ien-aitok buk\u014dt aer maro\u00f1 m\u0101ke lak, kajur, im ejmour \u0101inwot ro rej jokwe ilo moko mweir m\u0101ke. Jen Jomar 2024, jej jiba\u00f1 5 armej ilo Supportive Housing, kin 100% maro\u00f1 wanmaanlok. <\/p>\n<p>[\/et_pb_text][\/et_pb_column][\/et_pb_row][\/et_pb_section][et_pb_section fb_built=&#8221;1&#8243; _builder_version=&#8221;4.14.2&#8243; _module_preset=&#8221;default&#8221; background_color=&#8221;#f7f6f0&#8243; global_colors_info=&#8221;{}&#8221;][et_pb_row custom_padding_last_edited=&#8221;on|phone&#8221; _builder_version=&#8221;4.14.2&#8243; _module_preset=&#8221;default&#8221; custom_margin_tablet=&#8221;&#8221; custom_margin_phone=&#8221;-20px||||false|false&#8221; custom_margin_last_edited=&#8221;on|phone&#8221; custom_padding_tablet=&#8221;&#8221; custom_padding_phone=&#8221;0px||||false|false&#8221; global_colors_info=&#8221;{}&#8221;][et_pb_column type=&#8221;4_4&#8243; _builder_version=&#8221;4.14.2&#8243; _module_preset=&#8221;default&#8221; global_colors_info=&#8221;{}&#8221;][et_pb_text admin_label=&#8221;Your support is powerful.&#8221; _builder_version=&#8221;4.14.2&#8243; _module_preset=&#8221;default&#8221; header_font=&#8221;Alegreya||||||||&#8221; header_text_align=&#8221;center&#8221; header_text_color=&#8221;#1e2635&#8243; header_font_size=&#8221;54px&#8221; custom_margin=&#8221;25px||||false|false&#8221; custom_margin_tablet=&#8221;25px||||false|false&#8221; custom_margin_phone=&#8221;25px||||false|false&#8221; custom_margin_last_edited=&#8221;on|phone&#8221; global_colors_info=&#8221;{}&#8221;]<\/p>\n<h1>Ekajur jiba\u00f1 <strong>eo jen eok<\/strong>.<\/h1>\n<p>[\/et_pb_text][\/et_pb_column][\/et_pb_row][et_pb_row column_structure=&#8221;1_3,1_3,1_3&#8243; _builder_version=&#8221;4.14.2&#8243; _module_preset=&#8221;default&#8221; module_alignment=&#8221;center&#8221; custom_margin=&#8221;|||210px|false|false&#8221; custom_margin_tablet=&#8221;|||210px|false|false&#8221; custom_margin_phone=&#8221;|||auto|false|false&#8221; custom_margin_last_edited=&#8221;on|phone&#8221; global_colors_info=&#8221;{}&#8221;][et_pb_column type=&#8221;1_3&#8243; _builder_version=&#8221;4.14.2&#8243; _module_preset=&#8221;default&#8221; global_colors_info=&#8221;{}&#8221;][et_pb_blurb title=&#8221;Ekatak&#8221; image=&#8221;https:\/\/newbeginningsnwa.org\/wp-content\/uploads\/2023\/07\/Learn-Icon-3-e1689696110787.png&#8221; icon_alignment=&#8221;left&#8221; icon_alignment_tablet=&#8221;left&#8221; icon_alignment_phone=&#8221;center&#8221; icon_alignment_last_edited=&#8221;on|phone&#8221; _builder_version=&#8221;4.14.2&#8243; _module_preset=&#8221;default&#8221; header_font=&#8221;|700|||||||&#8221; header_font_size=&#8221;24px&#8221; body_line_height=&#8221;27px&#8221; custom_margin=&#8221;-5px||||false|false&#8221; header_text_align_tablet=&#8221;&#8221; header_text_align_phone=&#8221;center&#8221; header_text_align_last_edited=&#8221;on|phone&#8221; text_orientation_tablet=&#8221;&#8221; text_orientation_phone=&#8221;center&#8221; text_orientation_last_edited=&#8221;on|phone&#8221; global_colors_info=&#8221;{}&#8221;]<\/p>\n<p>Kwe konan ke k\u014dmman elap oktak ilo jukjukin p\u0101d eo ad? <strong>Jinoe ilo am kalaplok jelalakjen eo am<\/strong>.<\/p>\n<p>[\/et_pb_blurb][et_pb_button button_url=&#8221;\/mh\/learn&#8221; button_text=&#8221;Katak&#8221; button_alignment_tablet=&#8221;&#8221; button_alignment_phone=&#8221;center&#8221; button_alignment_last_edited=&#8221;on|phone&#8221; admin_label=&#8221;Button-A Plan for Success&#8221; _builder_version=&#8221;4.14.2&#8243; _module_preset=&#8221;default&#8221; custom_button=&#8221;on&#8221; button_text_size=&#8221;15px&#8221; button_text_color=&#8221;#40bb95&#8243; button_border_width=&#8221;1px&#8221; button_border_color=&#8221;#40BB95&#8243; button_font=&#8221;|700|||||||&#8221; button_use_icon=&#8221;off&#8221; custom_padding=&#8221;8px|20px|8px|20px|true|true&#8221; hover_enabled=&#8221;0&#8243; global_colors_info=&#8221;{}&#8221; button_bg_color__hover_enabled=&#8221;on|hover&#8221; button_bg_color__hover=&#8221;RGBA(255,255,255,0)&#8221; button_bg_enable_color__hover=&#8221;on&#8221; button_border_color__hover_enabled=&#8221;on|hover&#8221; button_border_color__hover=&#8221;#40BB95&#8243; sticky_enabled=&#8221;0&#8243;][\/et_pb_button][\/et_pb_column][et_pb_column type=&#8221;1_3&#8243; _builder_version=&#8221;4.14.2&#8243; _module_preset=&#8221;default&#8221; global_colors_info=&#8221;{}&#8221;][et_pb_blurb title=&#8221;Jerbal&#8221; image=&#8221;https:\/\/newbeginningsnwa.org\/wp-content\/uploads\/2023\/07\/Serve-Icon-3-e1689696979724.png&#8221; icon_alignment=&#8221;left&#8221; icon_alignment_tablet=&#8221;left&#8221; icon_alignment_phone=&#8221;center&#8221; icon_alignment_last_edited=&#8221;on|phone&#8221; _builder_version=&#8221;4.14.2&#8243; _module_preset=&#8221;default&#8221; header_font=&#8221;|700|||||||&#8221; header_font_size=&#8221;24px&#8221; body_line_height=&#8221;27px&#8221; custom_margin=&#8221;1px||||false|false&#8221; text_orientation_tablet=&#8221;&#8221; text_orientation_phone=&#8221;center&#8221; text_orientation_last_edited=&#8221;on|phone&#8221; locked=&#8221;off&#8221; global_colors_info=&#8221;{}&#8221;]<\/p>\n<p>Kwoj ke buk\u014dt juon waween karol lak im k\u014dmman oktak? <strong>Kobatok ipp\u0101\u00f1 rijiba\u00f1 ro ad<\/strong>.<\/p>\n<p>[\/et_pb_blurb][et_pb_button button_url=&#8221;\/mh\/volunteer&#8221; button_text=&#8221;Jiba\u00f1&#8221; button_alignment_tablet=&#8221;&#8221; button_alignment_phone=&#8221;center&#8221; button_alignment_last_edited=&#8221;on|phone&#8221; admin_label=&#8221;Volunteer Button&#8221; _builder_version=&#8221;4.14.2&#8243; _module_preset=&#8221;default&#8221; custom_button=&#8221;on&#8221; button_text_size=&#8221;15px&#8221; button_text_color=&#8221;#40bb95&#8243; button_border_width=&#8221;1px&#8221; button_border_color=&#8221;#40BB95&#8243; button_font=&#8221;|700|||||||&#8221; button_use_icon=&#8221;off&#8221; custom_padding=&#8221;8px|20px|8px|20px|true|true&#8221; global_colors_info=&#8221;{}&#8221; button_bg_color__hover_enabled=&#8221;on|hover&#8221; button_bg_color__hover=&#8221;RGBA(255,255,255,0)&#8221; button_bg_enable_color__hover=&#8221;on&#8221; button_border_color__hover_enabled=&#8221;on|hover&#8221; button_border_color__hover=&#8221;#40BB95&#8243;][\/et_pb_button][\/et_pb_column][et_pb_column type=&#8221;1_3&#8243; _builder_version=&#8221;4.14.2&#8243; _module_preset=&#8221;default&#8221; global_colors_info=&#8221;{}&#8221;][et_pb_blurb title=&#8221;Lelok&#8221; image=&#8221;https:\/\/newbeginningsnwa.org\/wp-content\/uploads\/2023\/07\/Give-Icon-2-e1689697364220.png&#8221; icon_alignment=&#8221;left&#8221; icon_alignment_tablet=&#8221;left&#8221; icon_alignment_phone=&#8221;center&#8221; icon_alignment_last_edited=&#8221;on|phone&#8221; _builder_version=&#8221;4.14.2&#8243; _module_preset=&#8221;default&#8221; header_font=&#8221;|700|||||||&#8221; header_font_size=&#8221;24px&#8221; body_line_height=&#8221;27px&#8221; custom_margin=&#8221;-8px||||false|false&#8221; text_orientation_tablet=&#8221;&#8221; text_orientation_phone=&#8221;center&#8221; text_orientation_last_edited=&#8221;on|phone&#8221; locked=&#8221;off&#8221; global_colors_info=&#8221;{}&#8221;]<\/p>\n<p>Bojjak in mottan juon molin, uak \u00f1an k\u014dtt\u014dpar eo? <strong>Erom juon eo ej jiba\u00f1 lelok rainin<\/strong>.<\/p>\n<p>[\/et_pb_blurb][et_pb_button button_url=&#8221;\/mh\/donate&#8221; button_text=&#8221;Lelok&#8221; button_alignment_tablet=&#8221;&#8221; button_alignment_phone=&#8221;center&#8221; button_alignment_last_edited=&#8221;on|phone&#8221; admin_label=&#8221;Donate Button&#8221; _builder_version=&#8221;4.14.2&#8243; _module_preset=&#8221;default&#8221; custom_button=&#8221;on&#8221; button_text_size=&#8221;15px&#8221; button_text_color=&#8221;#40bb95&#8243; button_border_width=&#8221;1px&#8221; button_border_color=&#8221;#40BB95&#8243; button_font=&#8221;|700|||||||&#8221; button_use_icon=&#8221;off&#8221; custom_padding=&#8221;8px|20px|8px|20px|true|true&#8221; global_colors_info=&#8221;{}&#8221; button_bg_color__hover_enabled=&#8221;on|hover&#8221; button_bg_color__hover=&#8221;RGBA(255,255,255,0)&#8221; button_bg_enable_color__hover=&#8221;on&#8221; button_border_color__hover_enabled=&#8221;on|hover&#8221; button_border_color__hover=&#8221;#40BB95&#8243;][\/et_pb_button][\/et_pb_column][\/et_pb_row][\/et_pb_section]<\/p>\n","protected":false},"excerpt":{"rendered":"<p>SupportiveHousingJej kobaiki jikin jokwe ko eman wonaan kin jiba\u00f1 ko rej wanmaanlok w\u014dt, im ekar \u00f1an juon m\u0101ke bwe armej ro ew\u014dr aer utamwe im rej mour tak jen an ejelok aer jikin jokwe en maro\u00f1 eman aer p\u0101d ilo moko mweir m\u0101ke. Ia eo armej rej jokwe ie? Supportive Housing ej kotlak an armej [&hellip;]<\/p>\n","protected":false},"author":1,"featured_media":0,"parent":0,"menu_order":0,"comment_status":"closed","ping_status":"closed","template":"","meta":{"_et_pb_use_builder":"on","_et_pb_old_content":"","_et_gb_content_width":"","footnotes":""},"class_list":["post-1730","page","type-page","status-publish","hentry"],"_links":{"self":[{"href":"https:\/\/newbeginningsnwa.org\/mh\/wp-json\/wp\/v2\/pages\/1730","targetHints":{"allow":["GET"]}}],"collection":[{"href":"https:\/\/newbeginningsnwa.org\/mh\/wp-json\/wp\/v2\/pages"}],"about":[{"href":"https:\/\/newbeginningsnwa.org\/mh\/wp-json\/wp\/v2\/types\/page"}],"author":[{"embeddable":true,"href":"https:\/\/newbeginningsnwa.org\/mh\/wp-json\/wp\/v2\/users\/1"}],"replies":[{"embeddable":true,"href":"https:\/\/newbeginningsnwa.org\/mh\/wp-json\/wp\/v2\/comments?post=1730"}],"version-history":[{"count":0,"href":"https:\/\/newbeginningsnwa.org\/mh\/wp-json\/wp\/v2\/pages\/1730\/revisions"}],"wp:attachment":[{"href":"https:\/\/newbeginningsnwa.org\/mh\/wp-json\/wp\/v2\/media?parent=1730"}],"curies":[{"name":"wp","href":"https:\/\/api.w.org\/{rel}","templated":true}]}}