{"id":1731,"date":"2023-07-03T15:43:55","date_gmt":"2023-07-03T15:43:55","guid":{"rendered":"https:\/\/newbeginningsnwa.org\/a-place-to-heal\/"},"modified":"2024-12-16T19:38:05","modified_gmt":"2024-12-16T19:38:05","slug":"a-place-to-heal","status":"publish","type":"page","link":"https:\/\/newbeginningsnwa.org\/mh\/a-place-to-heal\/","title":{"rendered":"A Place to Heal"},"content":{"rendered":"<p>[et_pb_section fb_built=&#8221;1&#8243; _builder_version=&#8221;4.14.2&#8243; _module_preset=&#8221;default&#8221; global_colors_info=&#8221;{}&#8221;][et_pb_row column_structure=&#8221;1_2,1_2&#8243; _builder_version=&#8221;4.14.2&#8243; _module_preset=&#8221;default&#8221; module_alignment=&#8221;center&#8221; global_colors_info=&#8221;{}&#8221;][et_pb_column type=&#8221;1_2&#8243; _builder_version=&#8221;4.14.2&#8243; _module_preset=&#8221;default&#8221; z_index=&#8221;10&#8243; global_colors_info=&#8221;{}&#8221;][et_pb_text admin_label=&#8221;A Plan for Success&#8221; _builder_version=&#8221;4.14.2&#8243; _module_preset=&#8221;default&#8221; text_text_color=&#8221;#1e2635&#8243; text_line_height=&#8221;27px&#8221; header_font=&#8221;Alegreya||||||||&#8221; header_text_color=&#8221;#FFFFFF&#8221; header_font_size=&#8221;74px&#8221; background_color=&#8221;#40bb95&#8243; positioning=&#8221;relative&#8221; z_index=&#8221;99999&#8243; width_tablet=&#8221;504px&#8221; width_phone=&#8221;100%&#8221; width_last_edited=&#8221;off|desktop&#8221; max_width_tablet=&#8221;&#8221; max_width_phone=&#8221;100%&#8221; max_width_last_edited=&#8221;on|phone&#8221; custom_margin=&#8221;24px|||72px|false|false&#8221; custom_margin_tablet=&#8221;|||83px|false|false&#8221; custom_margin_phone=&#8221;|||0px|false|false&#8221; custom_margin_last_edited=&#8221;on|phone&#8221; custom_padding=&#8221;35px|35px|145px|35px|false|true&#8221; custom_padding_tablet=&#8221;39px|46px||55px|false|false&#8221; custom_padding_phone=&#8221;20px|46px|20px|55px|false|false&#8221; custom_padding_last_edited=&#8221;on|phone&#8221; header_font_size_tablet=&#8221;90px&#8221; header_font_size_phone=&#8221;55px&#8221; header_font_size_last_edited=&#8221;on|phone&#8221; global_colors_info=&#8221;{}&#8221;]<\/p>\n<h1><img loading=\"lazy\" decoding=\"async\" class=\"wp-image-278 alignnone \" src=\"https:\/\/newbeginningsnwa.org\/wp-content\/uploads\/2023\/07\/Individualized-Program-Icon-1.png\" alt=\"\" width=\"53\" height=\"50\"><\/h1>\n<h1>A Place<br \/>To Heal<\/h1>\n<p>[\/et_pb_text][\/et_pb_column][et_pb_column type=&#8221;1_2&#8243; _builder_version=&#8221;4.14.2&#8243; _module_preset=&#8221;default&#8221; z_index=&#8221;1&#8243; global_colors_info=&#8221;{}&#8221;][et_pb_image src=&#8221;https:\/\/newbeginningsnwa.org\/wp-content\/uploads\/2023\/07\/Rectangle-36-2.png&#8221; title_text=&#8221;Rectangle 36 (2)&#8221; align_tablet=&#8221;&#8221; align_phone=&#8221;center&#8221; align_last_edited=&#8221;on|phone&#8221; _builder_version=&#8221;4.14.2&#8243; _module_preset=&#8221;default&#8221; positioning=&#8221;relative&#8221; z_index=&#8221;1&#8243; width_tablet=&#8221;573px&#8221; width_phone=&#8221;100%&#8221; width_last_edited=&#8221;on|phone&#8221; max_width_tablet=&#8221;&#8221; max_width_phone=&#8221;100%&#8221; max_width_last_edited=&#8221;on|phone&#8221; min_height_tablet=&#8221;521px&#8221; min_height_phone=&#8221;&#8221; min_height_last_edited=&#8221;on|phone&#8221; custom_margin=&#8221;|85px||-85px|false|false&#8221; custom_margin_tablet=&#8221;-28px|||-30px|false|false&#8221; custom_margin_phone=&#8221;0px|||0px|false|false&#8221; custom_margin_last_edited=&#8221;off|desktop&#8221; module_alignment_tablet=&#8221;&#8221; module_alignment_phone=&#8221;center&#8221; module_alignment_last_edited=&#8221;on|phone&#8221; global_colors_info=&#8221;{}&#8221;][\/et_pb_image][\/et_pb_column][\/et_pb_row][et_pb_row _builder_version=&#8221;4.14.2&#8243; _module_preset=&#8221;default&#8221; custom_margin=&#8221;30px||||false|false&#8221; custom_margin_tablet=&#8221;30px||||false|false&#8221; custom_margin_phone=&#8221;0px||||false|false&#8221; custom_margin_last_edited=&#8221;on|phone&#8221; custom_padding=&#8221;0px||||false|false&#8221; global_colors_info=&#8221;{}&#8221;][et_pb_column type=&#8221;4_4&#8243; _builder_version=&#8221;4.14.2&#8243; _module_preset=&#8221;default&#8221; global_colors_info=&#8221;{}&#8221;][et_pb_text _builder_version=&#8221;4.14.2&#8243; _module_preset=&#8221;default&#8221; text_font=&#8221;Raleway||||||||&#8221; text_line_height=&#8221;27px&#8221; width=&#8221;702px&#8221; width_tablet=&#8221;702px&#8221; width_phone=&#8221;auto&#8221; width_last_edited=&#8221;on|phone&#8221; module_alignment=&#8221;center&#8221; global_colors_info=&#8221;{}&#8221;]<\/p>\n<h3><span style=\"color: rgba(51, 51, 51, 0.77);\">Jej lelok armej ro ejelok aer jikin jokwe im rej duojlak jen aujpitol im aikuj aer jikin kakije ilo jidik w\u014dt ien im mour lak, <em>A Place to Heal<\/em>\u2014 Arkansas jiba\u00f1 ikijen ejmour \u00f1an b\u016brokraa\u1e43 eo an armej ro ejelok aer jikin jokwe.<\/span><\/h3>\n<p>&nbsp;<\/p>\n<h2><span style=\"color: #333333; font-family: Alegreya, Georgia, 'Times New Roman', serif; font-size: 30px;\">Ia ko armej rej p\u0101d ie?<\/span><span style=\"font-size: 18px; font-family: Raleway, Helvetica, Arial, Lucida, sans-serif; color: #1e2635;\"> <\/span><\/h2>\n<p>Em\u0101n Cabin ilo New Beginnings rej \u00f1an armej ro eman aer p\u0101d \u00f1an duojlak jen aujpitol ak rej na\u00f1inmej w\u014dt \u00f1an aer p\u0101d turin ial ko. B\u016brokraa\u1e43 ko rej lelok jikin jokwe, aer maro\u00f1 k\u014djerbale m\u014dn kabojak im tutu ko, jilu alen m\u014d\u00f1\u0101 juon raan, im juon jukjukin p\u0101d eo elap k\u014djbarok ie im ej lale 24\/7. A Place to Heal ej k\u014dmmane jekjek ko rej jiba\u00f1 kin kakije, kajur lak, im ejmour.  <\/p>\n<p>&nbsp;<\/p>\n<h2><span style=\"font-size: 30px;\">Ewi waween an armej ejmour?<\/span><\/h2>\n<p>Turektor eo an Ejmour ej jerbal ipp\u0101n rijerbal in aujpitol \u00f1an k\u014dmmane juon b\u016bl\u0101\u0101n in lale \u00f1an kajojo client \u00f1e rej duojlak jen aujpitol. Kumi in lale eo rej lelok jiba\u00f1 aolep raan koba kein kakamemej ko kin uno, jelalakjen kin ejmour, ial in itotak \u00f1an jikin appoinmen, im kar\u014dk \u00f1an jerbal in etaale ko \u0101inwot ejmour ilo mwon jokwe, ekjojij \u00f1an enbwin, ak jiba\u00f1 ikijen an mak\u016btk\u016bt enbwin. \u00d1e ekar, kumi in lale eo ej bar jiba\u00f1 client tobar k\u014dtt\u014dpar ko aer kin ejmour \u0101inwot b\u014dk pepa ko rej kwalok kajeen juon m\u0101ke, koneek ipp\u0101n ro uwaan baamle, ak kanne \u00f1an jikin jokwe. Client ro rej maro\u00f1 in p\u0101d<br \/>\u00f1an \u00f1e renij lukkun mour jen na\u00f1inmej ak j\u014drr\u0101\u0101n eo ej t\u014dl \u00f1an aer delo\u00f1 ilowaan aujpitol.   <\/p>\n<p>A Place to Heal em\u014dn\u014dn\u014d in koba ipp\u0101n Rijerbal in Aujpitol ilo Washington Regional Medical Center eo ej m\u0101ke konan bellok \u00f1an jiba\u00f1 client ro koba rijikuul ro jen University of Arkansas im John Brown Univerisity.<\/p>\n<h1><span style=\"color: #1e2635;\"><\/span><\/h1>\n<h1><span style=\"color: #333333; font-family: Alegreya, Georgia, 'Times New Roman', serif; font-size: 30px;\">Waween Ad Jelot Armej<\/span><\/h1>\n<p>A Place to Heal ej wanmaanlok ilo k\u014dtt\u014dpar ko aer \u00f1e jej loe an armej kadedelak b\u016bl\u0101\u0101\u00f1 in kea eo aer, bwe ren jab bar delo\u00f1 ilowaan aujpitol, im loe an rijikuul im rijiba\u00f1 ro kalaplok b\u016br\u016bmoj ko aer \u00f1an ro rej ion an ejelok aer jikin jokwe. Jen Jomar 2024, em\u014dj ad jerbal ipp\u0101n 8 client ro: 90% im rekar kdedelak b\u016bl\u0101\u0101n in lale eo aer, 100% rekar jab bar konan delo\u00f1 ilowaan aujpitol, im 100% in rijikuul ro ekar mwilal lak jo\u00f1an b\u016br\u016bmoj im melele ko aer. <\/p>\n<p>[\/et_pb_text][\/et_pb_column][\/et_pb_row][\/et_pb_section][et_pb_section fb_built=&#8221;1&#8243; _builder_version=&#8221;4.14.2&#8243; _module_preset=&#8221;default&#8221; background_color=&#8221;#f7f6f0&#8243; global_colors_info=&#8221;{}&#8221;][et_pb_row _builder_version=&#8221;4.14.2&#8243; _module_preset=&#8221;default&#8221; custom_margin=&#8221;-20px||||false|false&#8221; custom_padding=&#8221;0px||||false|false&#8221; global_colors_info=&#8221;{}&#8221;][et_pb_column type=&#8221;4_4&#8243; _builder_version=&#8221;4.14.2&#8243; _module_preset=&#8221;default&#8221; global_colors_info=&#8221;{}&#8221;][et_pb_text admin_label=&#8221;Your support is powerful.&#8221; _builder_version=&#8221;4.14.2&#8243; _module_preset=&#8221;default&#8221; header_font=&#8221;Alegreya||||||||&#8221; header_text_align=&#8221;center&#8221; header_text_color=&#8221;#1e2635&#8243; header_font_size=&#8221;54px&#8221; custom_margin=&#8221;25px||||false|false&#8221; custom_margin_tablet=&#8221;25px||||false|false&#8221; custom_margin_phone=&#8221;25px||||false|false&#8221; custom_margin_last_edited=&#8221;on|phone&#8221; global_colors_info=&#8221;{}&#8221;]<\/p>\n<h1>Ekajur jiba\u00f1 <strong>eo jen eok<\/strong>.<\/h1>\n<p>[\/et_pb_text][\/et_pb_column][\/et_pb_row][et_pb_row column_structure=&#8221;1_3,1_3,1_3&#8243; _builder_version=&#8221;4.14.2&#8243; _module_preset=&#8221;default&#8221; custom_margin=&#8221;|||210px|false|false&#8221; custom_margin_tablet=&#8221;|||210px|false|false&#8221; custom_margin_phone=&#8221;|||auto|false|false&#8221; custom_margin_last_edited=&#8221;on|phone&#8221; global_colors_info=&#8221;{}&#8221;][et_pb_column type=&#8221;1_3&#8243; _builder_version=&#8221;4.14.2&#8243; _module_preset=&#8221;default&#8221; global_colors_info=&#8221;{}&#8221;][et_pb_blurb title=&#8221;Ekatak&#8221; image=&#8221;https:\/\/newbeginningsnwa.org\/wp-content\/uploads\/2023\/07\/Learn-Icon-3-e1689696110787.png&#8221; icon_alignment=&#8221;left&#8221; icon_alignment_tablet=&#8221;left&#8221; icon_alignment_phone=&#8221;center&#8221; icon_alignment_last_edited=&#8221;on|phone&#8221; _builder_version=&#8221;4.14.2&#8243; _module_preset=&#8221;default&#8221; header_font=&#8221;|700|||||||&#8221; header_font_size=&#8221;24px&#8221; body_line_height=&#8221;27px&#8221; custom_margin=&#8221;-5px||||false|false&#8221; header_text_align_tablet=&#8221;&#8221; header_text_align_phone=&#8221;center&#8221; header_text_align_last_edited=&#8221;on|phone&#8221; text_orientation_tablet=&#8221;&#8221; text_orientation_phone=&#8221;center&#8221; text_orientation_last_edited=&#8221;on|phone&#8221; global_colors_info=&#8221;{}&#8221;]<\/p>\n<p>Kwe konan ke k\u014dmman elap oktak ilo jukjukin p\u0101d eo ad? <strong>Jinoe ilo am kalaplok jelalakjen eo am<\/strong>.<\/p>\n<p>[\/et_pb_blurb][et_pb_button button_url=&#8221;\/mh\/learn&#8221; button_text=&#8221;Katak&#8221; button_alignment_tablet=&#8221;&#8221; button_alignment_phone=&#8221;center&#8221; button_alignment_last_edited=&#8221;on|phone&#8221; admin_label=&#8221;Button-A Plan for Success&#8221; _builder_version=&#8221;4.14.2&#8243; _module_preset=&#8221;default&#8221; custom_button=&#8221;on&#8221; button_text_size=&#8221;15px&#8221; button_text_color=&#8221;#40bb95&#8243; button_border_width=&#8221;1px&#8221; button_border_color=&#8221;#40BB95&#8243; button_font=&#8221;|700|||||||&#8221; button_use_icon=&#8221;off&#8221; custom_padding=&#8221;8px|20px|8px|20px|true|true&#8221; hover_enabled=&#8221;0&#8243; global_colors_info=&#8221;{}&#8221; button_bg_color__hover_enabled=&#8221;on|hover&#8221; button_bg_color__hover=&#8221;RGBA(255,255,255,0)&#8221; button_bg_enable_color__hover=&#8221;on&#8221; button_border_color__hover_enabled=&#8221;on|hover&#8221; button_border_color__hover=&#8221;#40BB95&#8243; sticky_enabled=&#8221;0&#8243;][\/et_pb_button][\/et_pb_column][et_pb_column type=&#8221;1_3&#8243; _builder_version=&#8221;4.14.2&#8243; _module_preset=&#8221;default&#8221; global_colors_info=&#8221;{}&#8221;][et_pb_blurb title=&#8221;Jerbal&#8221; image=&#8221;https:\/\/newbeginningsnwa.org\/wp-content\/uploads\/2023\/07\/Serve-Icon-3-e1689696979724.png&#8221; icon_alignment=&#8221;left&#8221; icon_alignment_tablet=&#8221;left&#8221; icon_alignment_phone=&#8221;center&#8221; icon_alignment_last_edited=&#8221;on|phone&#8221; _builder_version=&#8221;4.14.2&#8243; _module_preset=&#8221;default&#8221; header_font=&#8221;|700|||||||&#8221; header_font_size=&#8221;24px&#8221; body_line_height=&#8221;27px&#8221; custom_margin=&#8221;1px||||false|false&#8221; text_orientation_tablet=&#8221;&#8221; text_orientation_phone=&#8221;center&#8221; text_orientation_last_edited=&#8221;on|phone&#8221; locked=&#8221;off&#8221; global_colors_info=&#8221;{}&#8221;]<\/p>\n<p>Kwoj ke buk\u014dt juon waween karol lak im k\u014dmman oktak? <strong>Kobatok ipp\u0101\u00f1 rijiba\u00f1 ro ad<\/strong>.<\/p>\n<p>[\/et_pb_blurb][et_pb_button button_url=&#8221;\/mh\/volunteer&#8221; button_text=&#8221;Jiba\u00f1&#8221; button_alignment_tablet=&#8221;&#8221; button_alignment_phone=&#8221;center&#8221; button_alignment_last_edited=&#8221;on|phone&#8221; admin_label=&#8221;Volunteer Button&#8221; _builder_version=&#8221;4.14.2&#8243; _module_preset=&#8221;default&#8221; custom_button=&#8221;on&#8221; button_text_size=&#8221;15px&#8221; button_text_color=&#8221;#40bb95&#8243; button_border_width=&#8221;1px&#8221; button_border_color=&#8221;#40BB95&#8243; button_font=&#8221;|700|||||||&#8221; button_use_icon=&#8221;off&#8221; custom_padding=&#8221;8px|20px|8px|20px|true|true&#8221; global_colors_info=&#8221;{}&#8221; button_bg_color__hover_enabled=&#8221;on|hover&#8221; button_bg_color__hover=&#8221;RGBA(255,255,255,0)&#8221; button_bg_enable_color__hover=&#8221;on&#8221; button_border_color__hover_enabled=&#8221;on|hover&#8221; button_border_color__hover=&#8221;#40BB95&#8243;][\/et_pb_button][\/et_pb_column][et_pb_column type=&#8221;1_3&#8243; _builder_version=&#8221;4.14.2&#8243; _module_preset=&#8221;default&#8221; global_colors_info=&#8221;{}&#8221;][et_pb_blurb title=&#8221;Lelok&#8221; image=&#8221;https:\/\/newbeginningsnwa.org\/wp-content\/uploads\/2023\/07\/Give-Icon-2-e1689697364220.png&#8221; icon_alignment=&#8221;left&#8221; icon_alignment_tablet=&#8221;left&#8221; icon_alignment_phone=&#8221;center&#8221; icon_alignment_last_edited=&#8221;on|phone&#8221; _builder_version=&#8221;4.14.2&#8243; _module_preset=&#8221;default&#8221; header_font=&#8221;|700|||||||&#8221; header_font_size=&#8221;24px&#8221; body_line_height=&#8221;27px&#8221; custom_margin=&#8221;-8px||||false|false&#8221; text_orientation_tablet=&#8221;&#8221; text_orientation_phone=&#8221;center&#8221; text_orientation_last_edited=&#8221;on|phone&#8221; locked=&#8221;off&#8221; global_colors_info=&#8221;{}&#8221;]<\/p>\n<p>Bojjak in mottan juon molin, uak \u00f1an k\u014dtt\u014dpar eo? <strong>Erom juon eo ej jiba\u00f1 lelok rainin.<\/strong><\/p>\n<p>[\/et_pb_blurb][et_pb_button button_url=&#8221;\/mh\/donate&#8221; button_text=&#8221;Lelok&#8221; button_alignment_tablet=&#8221;&#8221; button_alignment_phone=&#8221;center&#8221; button_alignment_last_edited=&#8221;on|phone&#8221; admin_label=&#8221;Donate Button&#8221; _builder_version=&#8221;4.14.2&#8243; _module_preset=&#8221;default&#8221; custom_button=&#8221;on&#8221; button_text_size=&#8221;15px&#8221; button_text_color=&#8221;#40bb95&#8243; button_border_width=&#8221;1px&#8221; button_border_color=&#8221;#40BB95&#8243; button_font=&#8221;|700|||||||&#8221; button_use_icon=&#8221;off&#8221; custom_padding=&#8221;8px|20px|8px|20px|true|true&#8221; global_colors_info=&#8221;{}&#8221; button_bg_color__hover_enabled=&#8221;on|hover&#8221; button_bg_color__hover=&#8221;RGBA(255,255,255,0)&#8221; button_bg_enable_color__hover=&#8221;on&#8221; button_border_color__hover_enabled=&#8221;on|hover&#8221; button_border_color__hover=&#8221;#40BB95&#8243;][\/et_pb_button][\/et_pb_column][\/et_pb_row][\/et_pb_section]<\/p>\n","protected":false},"excerpt":{"rendered":"<p>A PlaceTo HealJej lelok armej ro ejelok aer jikin jokwe im rej duojlak jen aujpitol im aikuj aer jikin kakije ilo jidik w\u014dt ien im mour lak, A Place to Heal\u2014 Arkansas jiba\u00f1 ikijen ejmour \u00f1an b\u016brokraa\u1e43 eo an armej ro ejelok aer jikin jokwe. &nbsp; Ia ko armej rej p\u0101d ie? Em\u0101n Cabin ilo [&hellip;]<\/p>\n","protected":false},"author":1,"featured_media":0,"parent":0,"menu_order":0,"comment_status":"closed","ping_status":"closed","template":"","meta":{"_et_pb_use_builder":"on","_et_pb_old_content":"","_et_gb_content_width":"","footnotes":""},"class_list":["post-1731","page","type-page","status-publish","hentry"],"_links":{"self":[{"href":"https:\/\/newbeginningsnwa.org\/mh\/wp-json\/wp\/v2\/pages\/1731","targetHints":{"allow":["GET"]}}],"collection":[{"href":"https:\/\/newbeginningsnwa.org\/mh\/wp-json\/wp\/v2\/pages"}],"about":[{"href":"https:\/\/newbeginningsnwa.org\/mh\/wp-json\/wp\/v2\/types\/page"}],"author":[{"embeddable":true,"href":"https:\/\/newbeginningsnwa.org\/mh\/wp-json\/wp\/v2\/users\/1"}],"replies":[{"embeddable":true,"href":"https:\/\/newbeginningsnwa.org\/mh\/wp-json\/wp\/v2\/comments?post=1731"}],"version-history":[{"count":0,"href":"https:\/\/newbeginningsnwa.org\/mh\/wp-json\/wp\/v2\/pages\/1731\/revisions"}],"wp:attachment":[{"href":"https:\/\/newbeginningsnwa.org\/mh\/wp-json\/wp\/v2\/media?parent=1731"}],"curies":[{"name":"wp","href":"https:\/\/api.w.org\/{rel}","templated":true}]}}